{"id":787,"date":"2024-12-22T11:47:16","date_gmt":"2024-12-22T16:47:16","guid":{"rendered":"https:\/\/www.gatineauglidingclub.ca\/?page_id=787"},"modified":"2026-03-22T17:10:42","modified_gmt":"2026-03-22T22:10:42","slug":"shop","status":"publish","type":"page","link":"https:\/\/www.gatineauglidingclub.ca\/fr\/shop\/","title":{"rendered":"Magasin"},"content":{"rendered":"<div class=\"wp-block-group alignfull has-accent-background-color has-background has-global-padding is-layout-constrained wp-container-core-group-is-layout-796362d6 wp-block-group-is-layout-constrained\" style=\"margin-top:0;margin-bottom:0;padding-top:var(--wp--preset--spacing--40);padding-right:var(--wp--preset--spacing--50);padding-bottom:var(--wp--preset--spacing--40);padding-left:var(--wp--preset--spacing--50)\">\n<h2 class=\"wp-block-heading has-text-align-center\">Exp\u00e9rience de Voler en planeur<\/h2>\n\n\n\n<p class=\"has-text-align-center\" style=\"margin-top:var(--wp--preset--spacing--20);margin-bottom:var(--wp--preset--spacing--20)\">Vous n'avez jamais vol\u00e9 dans un planeur ? Vous voulez voir de ce qu\u2019il s'agit ?<\/p>\n\n\n\n<div class=\"wp-block-columns alignwide is-layout-flex wp-container-core-columns-is-layout-4935966c wp-block-columns-is-layout-flex\" style=\"padding-right:0;padding-left:0\">\n<div class=\"wp-block-column has-base-color has-contrast-background-color has-text-color has-background has-link-color wp-elements-78edaa26c5351321328a16ddc275f6c4 is-layout-flow wp-block-column-is-layout-flow\" style=\"border-radius:9px;padding-top:var(--wp--preset--spacing--10);padding-right:var(--wp--preset--spacing--20);padding-bottom:var(--wp--preset--spacing--10);padding-left:var(--wp--preset--spacing--20);flex-basis:100%\">\n<h2 class=\"wp-block-heading has-base-color has-text-color has-link-color wp-elements-c7654b3cadba506fbf65b66ef7778386\">Vol d'initiation<\/h2>\n\n\n\n<p>Vivez un vol \u00e0 couper le souffle de 15 \u00e0 20 minutes au-dessus de l\u2019Est de l\u2019Ontario.<\/p>\n\n\n\n<ul class=\"wp-block-list\">\n<li>D\u00e9couvrez ce que c'est de voler dans un planeur<\/li>\n\n\n\n<li>Valable 1 an de la date d'achat<\/li>\n<\/ul>\n\n\n\n<p>(Tous les prix incluent la TPS)<\/p>\n\n\n\n<h4 class=\"wp-block-heading has-contrast-3-color has-text-color has-link-color wp-elements-25d14d99d867ad1eac88553271f0280a\">Saison de vol<\/h4>\n\n\n\n<p>Veuillez noter que tous les bons de vol achet\u00e9s durant la basse saison, de novembre \u00e0 avril, peuvent \u00eatre utilis\u00e9s pour un vol au printemps ou en \u00e9t\u00e9.<\/p>\n\n\n\n\n\n<p class=\"has-text-align-right has-base-2-color has-text-color has-link-color wp-elements-e63603782247d0677729006266c20dcc\" style=\"font-size:clamp(2.2rem, 2.2rem + ((1vw - 0.2rem) * 3), 4rem);line-height:1\"><strong>200$<\/strong><\/p>\n\n\n\n<div class=\"wp-block-buttons is-content-justification-right is-layout-flex wp-container-core-buttons-is-layout-d445cf74 wp-block-buttons-is-layout-flex\">\n<div class=\"wp-block-button\"><a class=\"wp-block-button__link has-base-2-background-color has-background wp-element-button\" href=\"https:\/\/www.gatineauglidingclub.ca\/fr\/buy-introductory-flight\/\">Acheter maintenant<\/a><\/div>\n<\/div>\n<\/div>\n<\/div>\n<\/div>\n\n\n\n\n\n\n\n<div class=\"wp-block-group alignfull has-accent-2-background-color has-background has-global-padding is-layout-constrained wp-container-core-group-is-layout-796362d6 wp-block-group-is-layout-constrained\" style=\"margin-top:0;margin-bottom:0;padding-top:var(--wp--preset--spacing--40);padding-right:var(--wp--preset--spacing--50);padding-bottom:var(--wp--preset--spacing--40);padding-left:var(--wp--preset--spacing--50)\">\n<h2 class=\"wp-block-heading has-text-align-center\">Vendu au club<\/h2>\n\n\n\n<p class=\"has-text-align-center\" style=\"margin-top:var(--wp--preset--spacing--20);margin-bottom:var(--wp--preset--spacing--20)\"><strong>Les articles suivants sont disponibles \u00e0 l\u2019achat sur place au club.<\/strong><\/p>\n\n\n\n<div class=\"wp-block-columns is-layout-flex wp-container-core-columns-is-layout-28f84493 wp-block-columns-is-layout-flex\">\n<div class=\"wp-block-column is-layout-flow wp-block-column-is-layout-flow\">\n<h4 class=\"wp-block-heading\">Commencer<\/h4>\n\n\n\n<ul class=\"wp-block-list\">\n<li>Chapeau \u2014 <strong>$28<\/strong><\/li>\n\n\n\n<li>Kit \u00e9tudiant suppl\u00e9mentaire \u2014 <strong>$58<\/strong>\n<ul class=\"wp-block-list\">\n<li>Carnet de vol de pilot<\/li>\n\n\n\n<li>Livret de progression<\/li>\n\n\n\n<li>Livre SOAR 10e (en anglais seulement)<\/li>\n<\/ul>\n<\/li>\n\n\n\n<li>Kit \u00e9tudiant sans SOAR \u2014 <strong>$40<\/strong><\/li>\n<\/ul>\n<\/div>\n\n\n\n<div class=\"wp-block-column is-layout-flow wp-block-column-is-layout-flow\">\n<h4 class=\"wp-block-heading\">Livres individuels<\/h4>\n\n\n\n<ul class=\"wp-block-list\">\n<li>Livret de progression \u2014 <strong>$8.25<\/strong><\/li>\n\n\n\n<li>Carnet de vol du pilote \u2014 <strong>$25<\/strong><\/li>\n<\/ul>\n<\/div>\n<\/div>\n<\/div>\n\n\n\n<div class=\"wp-block-group alignfull has-accent-color has-accent-4-background-color has-text-color has-background has-link-color wp-elements-966e6c042899d069ccb67e467b1b67db has-global-padding is-layout-constrained wp-container-core-group-is-layout-669513ed wp-block-group-is-layout-constrained\" style=\"margin-top:0;margin-bottom:0;padding-top:var(--wp--preset--spacing--50);padding-right:var(--wp--preset--spacing--50);padding-bottom:var(--wp--preset--spacing--50);padding-left:var(--wp--preset--spacing--50)\">\n<div class=\"wp-block-columns alignwide is-layout-flex wp-container-core-columns-is-layout-1da03c2a wp-block-columns-is-layout-flex\">\n<div class=\"wp-block-column is-vertically-aligned-stretch is-layout-flow wp-block-column-is-layout-flow\" style=\"flex-basis:50%\">\n<p style=\"font-size:clamp(0.929rem, 0.929rem + ((1vw - 0.2rem) * 0.785), 1.4rem);font-style:normal;font-weight:300\"><em>Merci encore pour une journ\u00e9e aussi incroyable ! J\u2019ai pass\u00e9 un moment absolument extraordinaire, et le vol prolong\u00e9 a \u00e9t\u00e9 un vrai cadeau. Je rayonne encore de toute cette exp\u00e9rience.<\/em><\/p>\n\n\n\n<p style=\"font-size:clamp(0.929rem, 0.929rem + ((1vw - 0.2rem) * 0.785), 1.4rem);font-style:normal;font-weight:300\"><em>Je voulais aussi vous remercier tout particuli\u00e8rement pour vos paroles encourageantes concernant mon avenir dans l\u2019aviation.\u00a0<\/em><\/p>\n\n\n\n<p class=\"has-text-align-right\" style=\"font-size:clamp(0.875rem, 0.875rem + ((1vw - 0.2rem) * 0.208), 1rem);letter-spacing:1.5px\"><strong>\u2014 ANASTASIA A.<\/strong><\/p>\n<\/div>\n\n\n\n<div class=\"wp-block-column is-vertically-aligned-stretch is-layout-flow wp-block-column-is-layout-flow\" style=\"flex-basis:50%\">\n<figure class=\"wp-block-image size-full is-style-rounded is-style-rounded--1\"><img loading=\"lazy\" decoding=\"async\" width=\"1179\" height=\"643\" src=\"https:\/\/www.gatineauglidingclub.ca\/wp-content\/uploads\/2025\/09\/image7.jpeg\" alt=\"\" class=\"wp-image-3055\" srcset=\"https:\/\/www.gatineauglidingclub.ca\/wp-content\/uploads\/2025\/09\/image7.jpeg 1179w, https:\/\/www.gatineauglidingclub.ca\/wp-content\/uploads\/2025\/09\/image7-300x164.jpeg 300w, https:\/\/www.gatineauglidingclub.ca\/wp-content\/uploads\/2025\/09\/image7-1024x558.jpeg 1024w, https:\/\/www.gatineauglidingclub.ca\/wp-content\/uploads\/2025\/09\/image7-768x419.jpeg 768w, https:\/\/www.gatineauglidingclub.ca\/wp-content\/uploads\/2025\/09\/image7-18x10.jpeg 18w\" sizes=\"auto, (max-width: 1179px) 100vw, 1179px\" \/><\/figure>\n<\/div>\n<\/div>\n<\/div>","protected":false},"excerpt":{"rendered":"<p>Experience Gliding Never flown in a glider before? Want to experience what it&#8217;s all about? Beginner pilot instruction trial packages Want to take the next step but not ready to commit to a full membership? Gift Certificates Get something special for the glider pilot in your life. Aerotow \/ account credit 50$ Aerotow \/ account [&hellip;]<\/p>\n","protected":false},"author":1,"featured_media":0,"parent":0,"menu_order":7,"comment_status":"closed","ping_status":"closed","template":"","meta":{"footnotes":""},"class_list":["post-787","page","type-page","status-publish","hentry"],"_links":{"self":[{"href":"https:\/\/www.gatineauglidingclub.ca\/fr\/wp-json\/wp\/v2\/pages\/787","targetHints":{"allow":["GET"]}}],"collection":[{"href":"https:\/\/www.gatineauglidingclub.ca\/fr\/wp-json\/wp\/v2\/pages"}],"about":[{"href":"https:\/\/www.gatineauglidingclub.ca\/fr\/wp-json\/wp\/v2\/types\/page"}],"author":[{"embeddable":true,"href":"https:\/\/www.gatineauglidingclub.ca\/fr\/wp-json\/wp\/v2\/users\/1"}],"replies":[{"embeddable":true,"href":"https:\/\/www.gatineauglidingclub.ca\/fr\/wp-json\/wp\/v2\/comments?post=787"}],"version-history":[{"count":41,"href":"https:\/\/www.gatineauglidingclub.ca\/fr\/wp-json\/wp\/v2\/pages\/787\/revisions"}],"predecessor-version":[{"id":3058,"href":"https:\/\/www.gatineauglidingclub.ca\/fr\/wp-json\/wp\/v2\/pages\/787\/revisions\/3058"}],"wp:attachment":[{"href":"https:\/\/www.gatineauglidingclub.ca\/fr\/wp-json\/wp\/v2\/media?parent=787"}],"curies":[{"name":"wp","href":"https:\/\/api.w.org\/{rel}","templated":true}]}}