{"id":612,"date":"2024-12-16T18:18:32","date_gmt":"2024-12-16T23:18:32","guid":{"rendered":"https:\/\/www.gatineauglidingclub.ca\/?page_id=612"},"modified":"2025-01-14T09:07:51","modified_gmt":"2025-01-14T14:07:51","slug":"badges","status":"publish","type":"page","link":"https:\/\/www.gatineauglidingclub.ca\/fr\/grow\/badges\/","title":{"rendered":"Badges de la FAI"},"content":{"rendered":"<div class=\"wp-block-group alignfull has-base-color has-accent-4-background-color has-text-color has-background has-link-color wp-elements-14ab7649449770a20f34a4a7c25b11b0 has-global-padding is-layout-constrained wp-container-core-group-is-layout-d89aad35 wp-block-group-is-layout-constrained\" style=\"margin-top:0;margin-bottom:0;padding-top:var(--wp--preset--spacing--50);padding-right:var(--wp--preset--spacing--50);padding-bottom:var(--wp--preset--spacing--50);padding-left:var(--wp--preset--spacing--50)\">\n<div class=\"wp-block-columns alignwide is-layout-flex wp-container-core-columns-is-layout-08c01c1c wp-block-columns-is-layout-flex\">\n<div class=\"wp-block-column is-layout-flow wp-block-column-is-layout-flow\" style=\"flex-basis:50%\">\n<h2 class=\"wp-block-heading has-base-color has-text-color has-link-color wp-elements-7c4a0a0715eaf4b91e0dbe9e9298000d\">D\u00e9veloppez vos comp\u00e9tences en r\u00e9alisant des badges FAI<\/h2>\n\n\n\n<p>Le FAI fourni des badges progressifs encourageant les pilotes de planeur \u00e0 am\u00e9liorer leurs comp\u00e9tences et \u00e0 \u00e9largir leur port\u00e9e gr\u00e2ce \u00e0 des r\u00e9alisations telles que des vols de longue dur\u00e9e, de haute altitude et de distance.<\/p>\n\n\n\n<p>Ces badges, en commen\u00e7ant par le solo, d\u00e9fient progressivement les pilotes. Le badge de diamant est la plus haute r\u00e9alisation, ce qui signifie une expertise dans tous les aspects du vol \u00e0 voile. Ces badges sont reconnus au niveau international, ce qui permet aux pilotes de communiquer leur niveau de comp\u00e9tence \u00e0 l\u2019\u00e9chelle mondiale.<\/p>\n\n\n\n<p>Le club a un certain nombre <a href=\"https:\/\/www.gatineauglidingclub.ca\/fr\/members\/volunteers\/\" data-type=\"page\" data-id=\"62\">d\u2019observateurs officiels de la FAI<\/a> qui peuvent valider vos r\u00e9alisations d\u2019\u00e9tapes de badge.<\/p>\n<\/div>\n\n\n\n<div class=\"wp-block-column is-vertically-aligned-center is-layout-flow wp-block-column-is-layout-flow\" style=\"flex-basis:50%\">\n<figure class=\"wp-block-image size-full is-style-rounded is-style-rounded--1\"><img loading=\"lazy\" decoding=\"async\" width=\"2000\" height=\"1333\" src=\"https:\/\/www.gatineauglidingclub.ca\/wp-content\/uploads\/2024\/11\/15.jpg\" alt=\"\" class=\"wp-image-109\" style=\"aspect-ratio:4\/3;object-fit:cover\" srcset=\"https:\/\/www.gatineauglidingclub.ca\/wp-content\/uploads\/2024\/11\/15.jpg 2000w, https:\/\/www.gatineauglidingclub.ca\/wp-content\/uploads\/2024\/11\/15-300x200.jpg 300w, https:\/\/www.gatineauglidingclub.ca\/wp-content\/uploads\/2024\/11\/15-1024x682.jpg 1024w, https:\/\/www.gatineauglidingclub.ca\/wp-content\/uploads\/2024\/11\/15-768x512.jpg 768w, https:\/\/www.gatineauglidingclub.ca\/wp-content\/uploads\/2024\/11\/15-1536x1024.jpg 1536w, https:\/\/www.gatineauglidingclub.ca\/wp-content\/uploads\/2024\/11\/15-18x12.jpg 18w\" sizes=\"auto, (max-width: 2000px) 100vw, 2000px\" \/><\/figure>\n<\/div>\n<\/div>\n<\/div>\n\n\n\n<div class=\"wp-block-group alignfull has-accent-background-color has-background has-global-padding is-layout-constrained wp-container-core-group-is-layout-d89aad35 wp-block-group-is-layout-constrained\" style=\"margin-top:0;margin-bottom:0;padding-top:var(--wp--preset--spacing--50);padding-right:var(--wp--preset--spacing--50);padding-bottom:var(--wp--preset--spacing--50);padding-left:var(--wp--preset--spacing--50)\">\n<div class=\"wp-block-columns alignwide is-layout-flex wp-container-core-columns-is-layout-7255d826 wp-block-columns-is-layout-flex\" style=\"margin-top:var(--wp--preset--spacing--40);margin-bottom:var(--wp--preset--spacing--40)\">\n<div class=\"wp-block-column has-accent-3-background-color has-background is-layout-flow wp-block-column-is-layout-flow\" style=\"border-radius:8px;padding-top:var(--wp--preset--spacing--10);padding-right:var(--wp--preset--spacing--10);padding-bottom:var(--wp--preset--spacing--10);padding-left:var(--wp--preset--spacing--10);flex-basis:33.34%\">\n<h3 class=\"wp-block-heading\">Badge A<\/h3>\n\n\n\n<p>Attribu\u00e9 pour votre premier vol en solo<\/p>\n<\/div>\n\n\n\n<div class=\"wp-block-column has-accent-3-background-color has-background is-layout-flow wp-block-column-is-layout-flow\" style=\"border-radius:8px;padding-top:var(--wp--preset--spacing--10);padding-right:var(--wp--preset--spacing--10);padding-bottom:var(--wp--preset--spacing--10);padding-left:var(--wp--preset--spacing--10);flex-basis:33.34%\">\n<h3 class=\"wp-block-heading\">Badge B<\/h3>\n\n\n\n<p>Attribu\u00e9 pour votre premier vol en solo de plus de 30 minutes<\/p>\n<\/div>\n\n\n\n<div class=\"wp-block-column has-accent-3-background-color has-background is-layout-flow wp-block-column-is-layout-flow\" style=\"border-radius:8px;padding-top:var(--wp--preset--spacing--10);padding-right:var(--wp--preset--spacing--10);padding-bottom:var(--wp--preset--spacing--10);padding-left:var(--wp--preset--spacing--10);flex-basis:33.34%\">\n<h3 class=\"wp-block-heading\">Badge C<\/h3>\n\n\n\n<p>Attribu\u00e9  pour votre premier vol en solo de plus de 60 minutes<\/p>\n<\/div>\n<\/div>\n\n\n\n<div class=\"wp-block-columns alignwide is-layout-flex wp-container-core-columns-is-layout-7255d826 wp-block-columns-is-layout-flex\" style=\"margin-top:var(--wp--preset--spacing--40);margin-bottom:var(--wp--preset--spacing--40)\">\n<div class=\"wp-block-column has-accent-3-background-color has-background is-layout-flow wp-block-column-is-layout-flow\" style=\"border-radius:8px;padding-top:var(--wp--preset--spacing--10);padding-right:var(--wp--preset--spacing--10);padding-bottom:var(--wp--preset--spacing--10);padding-left:var(--wp--preset--spacing--10);flex-basis:50%\">\n<h3 class=\"wp-block-heading\">Badge en bronze<\/h3>\n\n\n\n<p>Le badge de bronze est fourni de SAC par notre club comme certification que vous avez suivi la formation requise avant qu'un pilote ne soit autoris\u00e9 \u00e0 voler les plus longue distance en circuit sur la compagne (x-country).<\/p>\n\n\n\n<p>Les exigences en mati\u00e8re de badge en bronze sont les suivantes :<\/p>\n\n\n\n<ul class=\"wp-block-list\">\n<li>3 atterrissages 450\u2032 \u00e0 partir d'un point d\u00e9sign\u00e9<\/li>\n\n\n\n<li>Une comp\u00e9tence d\u00e9montr\u00e9e en thermique (deux vols de 2 heures ou \u00e9tape d'argent de dur\u00e9e)<\/li>\n\n\n\n<li>Double commande, en atterrissage sur la campagne double commande en circuit sur la campagne (x-country), y compris la planification avant le vol et l\u2019arriv\u00e9e en planeur.<\/li>\n\n\n\n<li>Compr\u00e9hension et pratique de l\u2019assemblage, la d\u00e9sassemblage, et la remorquage du planeur, que le pilote a l'intention de voler sur la campagne<\/li>\n<\/ul>\n<\/div>\n\n\n\n<div class=\"wp-block-column has-accent-3-background-color has-background is-layout-flow wp-block-column-is-layout-flow\" style=\"border-radius:8px;padding-top:var(--wp--preset--spacing--10);padding-right:var(--wp--preset--spacing--10);padding-bottom:var(--wp--preset--spacing--10);padding-left:var(--wp--preset--spacing--10);flex-basis:50%\">\n<h3 class=\"wp-block-heading\">Badge d'argent FAI<\/h3>\n\n\n\n<figure class=\"wp-block-image size-full is-resized has-custom-border is-style-rounded is-style-rounded--2\"><img loading=\"lazy\" decoding=\"async\" width=\"317\" height=\"317\" src=\"https:\/\/www.gatineauglidingclub.ca\/wp-content\/uploads\/2025\/01\/silverbadge.jpg\" alt=\"\" class=\"wp-image-1606\" style=\"border-radius:50px;width:auto;height:100px\" srcset=\"https:\/\/www.gatineauglidingclub.ca\/wp-content\/uploads\/2025\/01\/silverbadge.jpg 317w, https:\/\/www.gatineauglidingclub.ca\/wp-content\/uploads\/2025\/01\/silverbadge-300x300.jpg 300w, https:\/\/www.gatineauglidingclub.ca\/wp-content\/uploads\/2025\/01\/silverbadge-150x150.jpg 150w, https:\/\/www.gatineauglidingclub.ca\/wp-content\/uploads\/2025\/01\/silverbadge-12x12.jpg 12w\" sizes=\"auto, (max-width: 317px) 100vw, 317px\" \/><\/figure>\n\n\n\n<p>Pour \u00eatre admissible \u00e0 un badge d'argent, vous devez avoir obtenu les points suivants, dans les vols enregistr\u00e9s qui sont v\u00e9rifi\u00e9s par l'un <strong><span style=\"text-decoration: underline;\"><a href=\"https:\/\/www.gatineauglidingclub.ca\/fr\/members\/volunteers\/\" data-type=\"page\" data-id=\"62\">des observateurs officiels<\/a><\/span><\/strong> du club :<\/p>\n\n\n\n<ul class=\"wp-block-list\">\n<li>Vol de 50 kilom\u00e8tres<\/li>\n\n\n\n<li>Vol de 5 heures<\/li>\n\n\n\n<li>Gain en hauteur de 1 000 m<\/li>\n<\/ul>\n<\/div>\n<\/div>\n\n\n\n<div class=\"wp-block-columns alignwide is-layout-flex wp-container-core-columns-is-layout-7255d826 wp-block-columns-is-layout-flex\" style=\"margin-top:var(--wp--preset--spacing--40);margin-bottom:var(--wp--preset--spacing--40)\">\n<div class=\"wp-block-column has-accent-3-background-color has-background is-layout-flow wp-block-column-is-layout-flow\" style=\"border-radius:8px;padding-top:var(--wp--preset--spacing--10);padding-right:var(--wp--preset--spacing--10);padding-bottom:var(--wp--preset--spacing--10);padding-left:var(--wp--preset--spacing--10);flex-basis:50%\">\n<h3 class=\"wp-block-heading\">Badge d\u2019or FAI<\/h3>\n\n\n\n<figure class=\"wp-block-image size-full is-resized has-custom-border is-style-rounded is-style-rounded--3\"><img loading=\"lazy\" decoding=\"async\" width=\"317\" height=\"320\" src=\"https:\/\/www.gatineauglidingclub.ca\/wp-content\/uploads\/2025\/01\/goldbadge.jpg\" alt=\"\" class=\"wp-image-1607\" style=\"border-radius:50px;width:auto;height:100px\" srcset=\"https:\/\/www.gatineauglidingclub.ca\/wp-content\/uploads\/2025\/01\/goldbadge.jpg 317w, https:\/\/www.gatineauglidingclub.ca\/wp-content\/uploads\/2025\/01\/goldbadge-297x300.jpg 297w, https:\/\/www.gatineauglidingclub.ca\/wp-content\/uploads\/2025\/01\/goldbadge-150x150.jpg 150w, https:\/\/www.gatineauglidingclub.ca\/wp-content\/uploads\/2025\/01\/goldbadge-12x12.jpg 12w\" sizes=\"auto, (max-width: 317px) 100vw, 317px\" \/><\/figure>\n\n\n\n<p>Les exigences pour ce badge sont :<\/p>\n\n\n\n<ul class=\"wp-block-list\">\n<li>Vol de 300 kilom\u00e8tres<\/li>\n\n\n\n<li>Vol de 5 heures<\/li>\n\n\n\n<li>Gain en hauteur de 3 000 m<\/li>\n<\/ul>\n<\/div>\n\n\n\n<div class=\"wp-block-column has-accent-3-background-color has-background is-layout-flow wp-block-column-is-layout-flow\" style=\"border-radius:8px;padding-top:var(--wp--preset--spacing--10);padding-right:var(--wp--preset--spacing--10);padding-bottom:var(--wp--preset--spacing--10);padding-left:var(--wp--preset--spacing--10);flex-basis:50%\">\n<h3 class=\"wp-block-heading\">Badge de diamant FAI<\/h3>\n\n\n\n<figure class=\"wp-block-image size-full is-resized has-custom-border is-style-rounded is-style-rounded--4\"><img loading=\"lazy\" decoding=\"async\" width=\"317\" height=\"318\" src=\"https:\/\/www.gatineauglidingclub.ca\/wp-content\/uploads\/2025\/01\/diamondbadge.jpg\" alt=\"\" class=\"wp-image-1610\" style=\"border-radius:50px;width:auto;height:100px\" srcset=\"https:\/\/www.gatineauglidingclub.ca\/wp-content\/uploads\/2025\/01\/diamondbadge.jpg 317w, https:\/\/www.gatineauglidingclub.ca\/wp-content\/uploads\/2025\/01\/diamondbadge-300x300.jpg 300w, https:\/\/www.gatineauglidingclub.ca\/wp-content\/uploads\/2025\/01\/diamondbadge-150x150.jpg 150w, https:\/\/www.gatineauglidingclub.ca\/wp-content\/uploads\/2025\/01\/diamondbadge-12x12.jpg 12w\" sizes=\"auto, (max-width: 317px) 100vw, 317px\" \/><\/figure>\n\n\n\n<p>Les exigences pour ce badge sont :<\/p>\n\n\n\n<ul class=\"wp-block-list\">\n<li>Vol \u00e0 distance libre de 500 kilom\u00e8tres<\/li>\n\n\n\n<li>Vol de 300 kilom\u00e8tres vers un objectif<\/li>\n\n\n\n<li>Gain en hauteur de 5 000 m<\/li>\n<\/ul>\n<\/div>\n<\/div>\n\n\n\n<div class=\"wp-block-columns alignwide is-layout-flex wp-container-core-columns-is-layout-7255d826 wp-block-columns-is-layout-flex\" style=\"margin-top:var(--wp--preset--spacing--40);margin-bottom:var(--wp--preset--spacing--40)\">\n<div class=\"wp-block-column has-accent-3-background-color has-background is-layout-flow wp-block-column-is-layout-flow\" style=\"border-radius:8px;padding-top:var(--wp--preset--spacing--10);padding-right:var(--wp--preset--spacing--10);padding-bottom:var(--wp--preset--spacing--10);padding-left:var(--wp--preset--spacing--10);flex-basis:50%\">\n<h3 class=\"wp-block-heading\">Dipl\u00f4mes FAI pour les vols de plus de 750 km<\/h3>\n\n\n\n<div class=\"wp-block-group is-nowrap is-layout-flex wp-container-core-group-is-layout-6c531013 wp-block-group-is-layout-flex\">\n<figure class=\"wp-block-image size-full is-resized has-custom-border is-style-rounded is-style-rounded--5\"><img loading=\"lazy\" decoding=\"async\" width=\"200\" height=\"229\" src=\"https:\/\/www.gatineauglidingclub.ca\/wp-content\/uploads\/2025\/01\/750K.jpg\" alt=\"\" class=\"wp-image-1609\" style=\"border-radius:50px;width:auto;height:100px\" srcset=\"https:\/\/www.gatineauglidingclub.ca\/wp-content\/uploads\/2025\/01\/750K.jpg 200w, https:\/\/www.gatineauglidingclub.ca\/wp-content\/uploads\/2025\/01\/750K-10x12.jpg 10w\" sizes=\"auto, (max-width: 200px) 100vw, 200px\" \/><\/figure>\n\n\n\n<figure class=\"wp-block-image size-full is-resized has-custom-border is-style-rounded is-style-rounded--6\"><img loading=\"lazy\" decoding=\"async\" width=\"200\" height=\"248\" src=\"https:\/\/www.gatineauglidingclub.ca\/wp-content\/uploads\/2025\/01\/1000K.jpg\" alt=\"\" class=\"wp-image-1608\" style=\"border-radius:50px;width:auto;height:100px\" srcset=\"https:\/\/www.gatineauglidingclub.ca\/wp-content\/uploads\/2025\/01\/1000K.jpg 200w, https:\/\/www.gatineauglidingclub.ca\/wp-content\/uploads\/2025\/01\/1000K-10x12.jpg 10w\" sizes=\"auto, (max-width: 200px) 100vw, 200px\" \/><\/figure>\n<\/div>\n\n\n\n<p>La FAI fourni \u00e9galement des dipl\u00f4mes pour les vols de plus de 750 kilom\u00e8tres par incr\u00e9ments de 250 kilom\u00e8tres (750, 1000, 1250, etc.)<\/p>\n<\/div>\n\n\n\n<div class=\"wp-block-column is-layout-flow wp-block-column-is-layout-flow\" style=\"border-radius:8px;padding-top:var(--wp--preset--spacing--10);padding-right:var(--wp--preset--spacing--10);padding-bottom:var(--wp--preset--spacing--10);padding-left:var(--wp--preset--spacing--10);flex-basis:50%\"><\/div>\n<\/div>\n<\/div>","protected":false},"excerpt":{"rendered":"<p>Grow your skills in pursuit of FAI badges The FAI offers progressive badges encouraging glider pilots to improve skills and expand range through achievements like long-duration, high-altitude, and distant flights. These badges, starting with going solo, challenge pilots progressively. The Diamond Badge is the highest achievement, signifying expertise in all aspects of soaring. These badges [&hellip;]<\/p>\n","protected":false},"author":1,"featured_media":0,"parent":17,"menu_order":4,"comment_status":"closed","ping_status":"closed","template":"","meta":{"footnotes":""},"class_list":["post-612","page","type-page","status-publish","hentry"],"_links":{"self":[{"href":"https:\/\/www.gatineauglidingclub.ca\/fr\/wp-json\/wp\/v2\/pages\/612","targetHints":{"allow":["GET"]}}],"collection":[{"href":"https:\/\/www.gatineauglidingclub.ca\/fr\/wp-json\/wp\/v2\/pages"}],"about":[{"href":"https:\/\/www.gatineauglidingclub.ca\/fr\/wp-json\/wp\/v2\/types\/page"}],"author":[{"embeddable":true,"href":"https:\/\/www.gatineauglidingclub.ca\/fr\/wp-json\/wp\/v2\/users\/1"}],"replies":[{"embeddable":true,"href":"https:\/\/www.gatineauglidingclub.ca\/fr\/wp-json\/wp\/v2\/comments?post=612"}],"version-history":[{"count":25,"href":"https:\/\/www.gatineauglidingclub.ca\/fr\/wp-json\/wp\/v2\/pages\/612\/revisions"}],"predecessor-version":[{"id":2315,"href":"https:\/\/www.gatineauglidingclub.ca\/fr\/wp-json\/wp\/v2\/pages\/612\/revisions\/2315"}],"up":[{"embeddable":true,"href":"https:\/\/www.gatineauglidingclub.ca\/fr\/wp-json\/wp\/v2\/pages\/17"}],"wp:attachment":[{"href":"https:\/\/www.gatineauglidingclub.ca\/fr\/wp-json\/wp\/v2\/media?parent=612"}],"curies":[{"name":"wp","href":"https:\/\/api.w.org\/{rel}","templated":true}]}}