{"id":60,"date":"2024-11-15T08:26:36","date_gmt":"2024-11-15T13:26:36","guid":{"rendered":"https:\/\/www.gatineauglidingclub.ca\/?page_id=60"},"modified":"2026-05-02T08:41:12","modified_gmt":"2026-05-02T13:41:12","slug":"calendar","status":"publish","type":"page","link":"https:\/\/www.gatineauglidingclub.ca\/fr\/about\/calendar\/","title":{"rendered":"Calendrier"},"content":{"rendered":"<div class=\"wp-block-group alignfull has-contrast-color has-base-background-color has-text-color has-background has-link-color wp-elements-0b814be1ec90fe441df3627ba9590e8c has-global-padding is-layout-constrained wp-container-core-group-is-layout-d89aad35 wp-block-group-is-layout-constrained\" style=\"margin-top:0;margin-bottom:0;padding-top:var(--wp--preset--spacing--50);padding-right:var(--wp--preset--spacing--50);padding-bottom:var(--wp--preset--spacing--50);padding-left:var(--wp--preset--spacing--50)\">\n<h2 class=\"wp-block-heading alignwide has-text-align-left\">Calendrier annuel des \u00e9v\u00e9nements<\/h2>\n\n\n\n<div class=\"wp-block-columns alignwide is-layout-flex wp-container-core-columns-is-layout-1da03c2a wp-block-columns-is-layout-flex\">\n<div class=\"wp-block-column is-layout-flow wp-block-column-is-layout-flow\" style=\"flex-basis:100%\">\n<figure class=\"wp-block-table is-style-stripes\"><table class=\"has-fixed-layout\"><thead><tr><th class=\"has-text-align-left\" data-align=\"left\">Date<\/th><th class=\"has-text-align-left\" data-align=\"left\">\u00c9v\u00e9nement<\/th><\/tr><\/thead><tbody><tr><td class=\"has-text-align-left\" data-align=\"left\"><strong>Dimanche 22 mars 2026<\/strong><\/td><td class=\"has-text-align-left\" data-align=\"left\"><strong>Assembl\u00e9e g\u00e9n\u00e9rale annuelle pour les membres du club<\/strong><\/td><\/tr><tr><td class=\"has-text-align-left\" data-align=\"left\"><strong>Avril<\/strong><br>Typique, si le temps le permet<\/td><td class=\"has-text-align-left\" data-align=\"left\"><strong>D\u00e9but de la saison de vol<\/strong><br>L'instruction en vol des \u00e9tudiants commence<br>D\u00e9but des vols pour les membres\u00a0<\/td><\/tr><tr><td class=\"has-text-align-left\" data-align=\"left\"><strong>Samedi 11 avril 2026<\/strong><\/td><td class=\"has-text-align-left\" data-align=\"left\"><strong>R\u00e9ouverture de printemps du hangar Boudreault\u00a0<\/strong><\/td><\/tr><tr><td class=\"has-text-align-left\" data-align=\"left\"><strong>Avril<\/strong><\/td><td class=\"has-text-align-left\" data-align=\"left\"><strong>S\u00e9minaire annuel obligatoire sur la s\u00e9curit\u00e9 (ARTS)<\/strong><br>(Zoom on-line)<\/td><\/tr><tr><td class=\"has-text-align-left\" data-align=\"left\"><strong>Dimanche 3 mai 2026<\/strong><br>Journee de remise \u2013 Samedi 9 mai 2026<\/td><td class=\"has-text-align-left\" data-align=\"left\"><strong>Journ\u00e9e portes ouvertes<\/strong><br>Pour les \u00e9l\u00e8ves et les participants \u00e0 l\u2019\u00e9cole au sol<\/td><\/tr><tr><td class=\"has-text-align-left\" data-align=\"left\"><strong>Thursday May 7, 2026<\/strong><\/td><td class=\"has-text-align-left\" data-align=\"left\"><strong>Annual Recurrent Training Seminar, Day 1<\/strong><br>Attendance at either day 1 or day 2 is mandatory for all GGC pilots &amp; students.<\/td><\/tr><tr><td class=\"has-text-align-left\" data-align=\"left\"><strong>Thursday May 14, 2026<\/strong><\/td><td class=\"has-text-align-left\" data-align=\"left\"><strong>Annual Recurrent Training Seminar, Day 2<\/strong><br><\/td><\/tr><tr><td class=\"has-text-align-left\" data-align=\"left\"><strong>du vendredi 15 mai au lundi 18 mai 2026<\/strong><br><\/td><td class=\"has-text-align-left\" data-align=\"left\"><strong><a href=\"https:\/\/www.gatineauglidingclub.ca\/fr\/grow\/mayfly\/\" data-type=\"page\" data-id=\"43\">Concours annuel CVVG \u00a0\u00ab Mayfly \u00bb<br><\/a><\/strong>plus Samedi soir - soir\u00e9e sociale Mayfly<\/td><\/tr><tr><td class=\"has-text-align-left\" data-align=\"left\"><strong>Vendredi 26 juin - dimanche 5 juillet 2026<\/strong><br>Jeudi 1er juillet - dimanche 11 juillet 2027<\/td><td class=\"has-text-align-left\" data-align=\"left\"><strong><a href=\"https:\/\/www.gatineauglidingclub.ca\/fr\/grow\/flyweeks\/\" data-type=\"page\" data-id=\"41\">Semaine de vol annuel de juillet<\/a><br><\/strong>Semaine familiale<\/td><\/tr><tr><td class=\"has-text-align-left\" data-align=\"left\"><strong>Samedi 27 juin 2025 \u00e0 19 h<\/strong><\/td><td class=\"has-text-align-left\" data-align=\"left\"><strong>General Meeting of members<\/strong><br>Club-house<\/td><\/tr><tr><td class=\"has-text-align-left\" data-align=\"left\"><strong>Vendredi 31 juillet - dimanche 9 ao\u00fbt 2026<\/strong><br>Vendredi 30 juillet au dimanche 8 ao\u00fbt 2027<\/td><td class=\"has-text-align-left\" data-align=\"left\"><strong><a href=\"https:\/\/www.gatineauglidingclub.ca\/fr\/grow\/flyweeks\/\" data-type=\"page\" data-id=\"41\">Semaine de vol annuel d'ao\u00fbt<\/a><br><\/strong>Semaine familiale<\/td><\/tr><tr><td class=\"has-text-align-left\" data-align=\"left\"><strong>Samedi 14 novembre 2026<\/strong><\/td><td class=\"has-text-align-left\" data-align=\"left\"><strong>Fermeture du hangar Boudreau<\/strong><\/td><\/tr><tr><td class=\"has-text-align-left\" data-align=\"left\"><strong>Samedi 28 novembre 2026<\/strong><\/td><td class=\"has-text-align-left\" data-align=\"left\"><strong>Banquet de remise des prix de fin d'ann\u00e9e CVVG<\/strong><\/td><\/tr><tr><td class=\"has-text-align-left\" data-align=\"left\"><strong>Janvier - Mars Annuellement<\/strong><br>Huit s\u00e9ances de 3 heures chacune&nbsp;<\/td><td class=\"has-text-align-left\" data-align=\"left\"><strong>Cours th\u00e9orique GGC\/RVSS<\/strong><\/td><\/tr><\/tbody><\/table><\/figure>\n<\/div>\n<\/div>\n<\/div>","protected":false},"excerpt":{"rendered":"<p>Annual Calendar of Events Date Event Sunday, March 22, 2026 Annual general meeting for club members AprilTypical, weather permitting Start of flying seasonStudent flight instruction beginsMember glider check-out begins April 11, 2026 Spring hangar unpacking April Mandatory annual safety seminar (ARTS)(Zoom on-line) Sunday May 3, 2026Rainday Saturday, May 9, 2026 Open houseFor students and ground [&hellip;]<\/p>\n","protected":false},"author":1,"featured_media":0,"parent":19,"menu_order":2,"comment_status":"closed","ping_status":"closed","template":"","meta":{"footnotes":""},"class_list":["post-60","page","type-page","status-publish","hentry"],"_links":{"self":[{"href":"https:\/\/www.gatineauglidingclub.ca\/fr\/wp-json\/wp\/v2\/pages\/60","targetHints":{"allow":["GET"]}}],"collection":[{"href":"https:\/\/www.gatineauglidingclub.ca\/fr\/wp-json\/wp\/v2\/pages"}],"about":[{"href":"https:\/\/www.gatineauglidingclub.ca\/fr\/wp-json\/wp\/v2\/types\/page"}],"author":[{"embeddable":true,"href":"https:\/\/www.gatineauglidingclub.ca\/fr\/wp-json\/wp\/v2\/users\/1"}],"replies":[{"embeddable":true,"href":"https:\/\/www.gatineauglidingclub.ca\/fr\/wp-json\/wp\/v2\/comments?post=60"}],"version-history":[{"count":36,"href":"https:\/\/www.gatineauglidingclub.ca\/fr\/wp-json\/wp\/v2\/pages\/60\/revisions"}],"predecessor-version":[{"id":3286,"href":"https:\/\/www.gatineauglidingclub.ca\/fr\/wp-json\/wp\/v2\/pages\/60\/revisions\/3286"}],"up":[{"embeddable":true,"href":"https:\/\/www.gatineauglidingclub.ca\/fr\/wp-json\/wp\/v2\/pages\/19"}],"wp:attachment":[{"href":"https:\/\/www.gatineauglidingclub.ca\/fr\/wp-json\/wp\/v2\/media?parent=60"}],"curies":[{"name":"wp","href":"https:\/\/api.w.org\/{rel}","templated":true}]}}