{"id":585,"date":"2024-12-16T15:24:36","date_gmt":"2024-12-16T20:24:36","guid":{"rendered":"https:\/\/www.gatineauglidingclub.ca\/?page_id=585"},"modified":"2026-04-04T06:59:28","modified_gmt":"2026-04-04T11:59:28","slug":"youth-programs","status":"publish","type":"page","link":"https:\/\/www.gatineauglidingclub.ca\/fr\/join\/youth-programs\/","title":{"rendered":"Programmes pour la jeunesse"},"content":{"rendered":"<div class=\"wp-block-group alignfull has-accent-3-background-color has-background has-global-padding is-layout-constrained wp-container-core-group-is-layout-d89aad35 wp-block-group-is-layout-constrained\" style=\"margin-top:0;margin-bottom:0;padding-top:var(--wp--preset--spacing--50);padding-right:var(--wp--preset--spacing--50);padding-bottom:var(--wp--preset--spacing--50);padding-left:var(--wp--preset--spacing--50)\">\n<div class=\"wp-block-columns alignwide is-layout-flex wp-container-core-columns-is-layout-1da03c2a wp-block-columns-is-layout-flex\">\n<div class=\"wp-block-column is-vertically-aligned-top is-layout-flow wp-block-column-is-layout-flow\" style=\"flex-basis:60%\">\n<figure class=\"wp-block-image size-full is-style-rounded is-style-rounded--1\"><img loading=\"lazy\" decoding=\"async\" width=\"1280\" height=\"852\" src=\"https:\/\/www.gatineauglidingclub.ca\/wp-content\/uploads\/2024\/12\/20230820AEZB0000D018-Large.jpeg\" alt=\"\" class=\"wp-image-986\" style=\"aspect-ratio:4\/3;object-fit:cover\" srcset=\"https:\/\/www.gatineauglidingclub.ca\/wp-content\/uploads\/2024\/12\/20230820AEZB0000D018-Large.jpeg 1280w, https:\/\/www.gatineauglidingclub.ca\/wp-content\/uploads\/2024\/12\/20230820AEZB0000D018-Large-300x200.jpeg 300w, https:\/\/www.gatineauglidingclub.ca\/wp-content\/uploads\/2024\/12\/20230820AEZB0000D018-Large-1024x682.jpeg 1024w, https:\/\/www.gatineauglidingclub.ca\/wp-content\/uploads\/2024\/12\/20230820AEZB0000D018-Large-768x511.jpeg 768w, https:\/\/www.gatineauglidingclub.ca\/wp-content\/uploads\/2024\/12\/20230820AEZB0000D018-Large-18x12.jpeg 18w\" sizes=\"auto, (max-width: 1280px) 100vw, 1280px\" \/><\/figure>\n<\/div>\n\n\n\n<div class=\"wp-block-column is-layout-flow wp-block-column-is-layout-flow\" style=\"flex-basis:50%\">\n<h2 class=\"wp-block-heading\">Bourses pour les jeunes<\/h2>\n\n\n\n<p>Le Club offre des bourses financi\u00e8res aux jeunes membres pour soutenir leur d\u00e9veloppement en tant que pilotes. Un \u00e9tudiant pilote de planeur peut commencer l'enseignement \u00e0 l'\u00e2ge de 14 ans et peut obtenir son licence de pilote \u00e0 l'\u00e2ge de 16 ans.<\/p>\n\n\n\n<p>Il y a deux sources pour cette aide financi\u00e8re. La premi\u00e8re est un montant fourni par l'AVVC de 500 $ pour les frais direct de vol. La deuxi\u00e8me partie proviens d\u2019un fond comm\u00e9moratif cr\u00e9\u00e9 pour se souvenir d'Adam Sneyd, un jeune membre du Club qui a perdu la vie d'un cancer. Le fond Sneyd a \u00e9t\u00e9 semis gr\u00e2ce \u00e0 des dons priv\u00e9s. Ce fond vise \u00e0 fournir une bourse suppl\u00e9mentaire de 500 $. Il y a jusqu'\u00e0 cinq bourses AVVC accord\u00e9es par an. Il pourrait y avoir un ou plusieurs Sneyd offert par an.&nbsp;<\/p>\n<\/div>\n<\/div>\n<\/div>\n\n\n\n<div class=\"wp-block-group alignfull has-accent-background-color has-background has-global-padding is-layout-constrained wp-container-core-group-is-layout-796362d6 wp-block-group-is-layout-constrained\" style=\"margin-top:0;margin-bottom:0;padding-top:var(--wp--preset--spacing--40);padding-right:var(--wp--preset--spacing--50);padding-bottom:var(--wp--preset--spacing--40);padding-left:var(--wp--preset--spacing--50)\">\n<div class=\"wp-block-columns is-layout-flex wp-container-core-columns-is-layout-549b0c86 wp-block-columns-is-layout-flex\">\n<div class=\"wp-block-column is-vertically-aligned-stretch is-layout-flow wp-block-column-is-layout-flow\" style=\"flex-basis:100%\">\n<h2 class=\"wp-block-heading has-text-align-center\">Informations pratiques<\/h2>\n\n\n\n<h4 class=\"wp-block-heading\">Qualit\u00e9s du candidat<\/h4>\n\n\n\n<p>Le club d\u00e9pend du d\u00e9vouement et de l'engagement de ses membres, qui sont \u00e9galement ses b\u00e9n\u00e9voles. Les jeunes qui envisagent le planeur comme moyen de commencer leur avenir dans l'aviation doivent r\u00e9fl\u00e9chir \u00e0 la fa\u00e7on dont ils contribueront \u00e0 cette communaut\u00e9 engag\u00e9e. Le club valorise les qualit\u00e9s des membres de la passion du vol, de la s\u00e9curit\u00e9, de l'apprentissage continu, de l'initiative, du leadership, de la coop\u00e9ration, de l'esprit communautaire et du b\u00e9n\u00e9volat.&nbsp;<\/p>\n\n\n\n<h4 class=\"wp-block-heading\" style=\"margin-top:var(--wp--preset--spacing--40)\">Date limite de candidature&nbsp;<\/h4>\n\n\n\n<ul class=\"wp-block-list\">\n<li><strong>Envoyez votre demande d\u00fbment remplie AVANT minuit le 15 avril \u00e0<\/strong>&nbsp; : <a href=\"mailto:info@gatineauglidingclub.ca\">info@gatineauglidingclub.ca<\/a><\/li>\n\n\n\n<li>Le comit\u00e9 d'\u00e9valuation des jeunes du Club examinera et documentera les d\u00e9cisions de votre soumission.<\/li>\n\n\n\n<li>Seuls les candidats retenus seront inform\u00e9s <strong>au plus tard le 15 mai.<\/strong>.<\/li>\n\n\n\n<li>S'il reste encore des fonds \u00e0 distribuer, un appel suppl\u00e9mentaire aux candidats sera fait sur le site Web.<\/li>\n<\/ul>\n\n\n\n<h4 class=\"wp-block-heading\" style=\"margin-top:var(--wp--preset--spacing--40)\">Comment postuler<\/h4>\n\n\n\n<ol class=\"wp-block-list\">\n<li>Pour postuler aux programmes de bourses du club pour les jeunes pilotes, veuillez soumettre <a href=\"https:\/\/www.gatineauglidingclub.ca\/wp-content\/uploads\/2025\/01\/SAC-Youth-Bursary-Application-FormGGC.docx\">le formulaire de demande ci-joint.<\/a>.<\/li>\n<\/ol>\n\n\n\n<ol start=\"2\" class=\"wp-block-list\">\n<li><strong>Signation de la renonciation<\/strong> requise<a href=\"https:\/\/www.gatineauglidingclub.ca\/wp-content\/uploads\/2026\/04\/GGC-Waiver-Rev-March-2026.pdf\">(t\u00e9l\u00e9charger le formulaire de renonciation)<\/a>)\n<ul class=\"wp-block-list\">\n<li><strong>L'approbation parentale<\/strong> est requise si le jeune pilote a moins de 18 ans. Les deux parents ou un tuteur sont tenus de signer la renonciation pour s'assurer qu'ils ont une couverture d'assurance pour que l'\u00e9tudiant participe au programme.&nbsp;<\/li>\n\n\n\n<li><strong>Soi :<\/strong> si le jeune participant a plus de 18 ans, il est tenu de signer sa renonciation et de s'assurer qu'il a une couverture d'assurance pour participer au programme.<\/li>\n<\/ul>\n<\/li>\n<\/ol>\n\n\n\n<ol start=\"3\" class=\"wp-block-list\">\n<li><strong>Fournir une formulaire m\u00e9dicale aux exigences m\u00e9dicales<\/strong> de <a href=\"https:\/\/www.tc.gc.ca\/wwwdocs\/Forms\/26-0297_0712-06_BO.pdf\" target=\"_blank\" rel=\"noreferrer noopener\"><span style=\"text-decoration: underline;\">Transport Canada pour un licence de pilote de planeur.<\/span><\/a>.<\/li>\n<\/ol>\n\n\n\n<ol start=\"4\" class=\"wp-block-list\">\n<li><strong>Pr\u00e9parez une d\u00e9claration personnelle<\/strong> de 250 mots ou moins expliquant ce qui suit :&nbsp;\n<ol style=\"list-style-type:lower-alpha\" class=\"wp-block-list\">\n<li>Pourquoi voulez-vous apprendre \u00e0 piloter les planeurs ?&nbsp;<\/li>\n\n\n\n<li>Vos objectifs de vol pour la saison ?&nbsp;<\/li>\n\n\n\n<li>Quels b\u00e9n\u00e9volats ou comp\u00e9tences personnelles pouvez-vous apporter au Club?&nbsp;<\/li>\n\n\n\n<li>Informations sur les r\u00e9compenses et la reconnaissance : sports, leadership, communaut\u00e9, b\u00e9n\u00e9volat, etc.&nbsp;<\/li>\n\n\n\n<li>Lettre de recommandation d'un enseignant de lyc\u00e9e, d'un entra\u00eeneur, d'un patron, d'un conseiller d'orientation ou d'une personne occupant un poste d'autorit\u00e9 similaire qui conna\u00eet bien le candidat.<\/li>\n<\/ol>\n<\/li>\n<\/ol>\n\n\n\n<ol start=\"5\" class=\"wp-block-list\">\n<li><strong>Fournir une preuve d'\u00e2ge :<\/strong> Les jeunes candidats doivent \u00eatre \u00e2g\u00e9s de 14 \u00e0 21 ans ou \u00eatre \u00e9tudiants \u00e0 temps plein et ne pas avoir plus de 25 ans (au 1er janvier de l'ann\u00e9e de demande).\n<ul class=\"wp-block-list\">\n<li>Une pi\u00e8ce d'identit\u00e9 avec photo est requise qui n'est pas expir\u00e9e indiquant la date de naissance. (passeport, permis de conduire, carte d'identit\u00e9 provinciale).&nbsp;<\/li>\n<\/ul>\n<\/li>\n<\/ol>\n\n\n\n<ol start=\"6\" class=\"wp-block-list\">\n<li><strong>Fournir une preuve de statut d'\u00e9tudiant de 21 \u00e0 25 ans \u00e0 compter du 1er janvier :<\/strong> Pour un candidat \u00e2g\u00e9 de 21 \u00e0 25 ans, une preuve d'\u00e9tudes \u00e0 temps plein est requise. Une preuve peut \u00eatre obtenue aupr\u00e8s du bureau des admissions lorsque les frais de scolarit\u00e9 sont pay\u00e9s \u00e0 un \u00e9tablissement d'apprentissage admissible (coll\u00e8ge, universit\u00e9, \u00e9cole de m\u00e9tiers, etc.).&nbsp;<\/li>\n<\/ol>\n\n\n\n<ol start=\"7\" class=\"wp-block-list\">\n<li><strong>Soyez un membre en r\u00e8gle :<\/strong> le club et l\u2019AVVC avec des frais pay\u00e9s en totalit\u00e9.<\/li>\n<\/ol>\n\n\n\n<h4 class=\"wp-block-heading\" style=\"margin-top:var(--wp--preset--spacing--40)\">Taille \/ poids<\/h4>\n\n\n\n<ol class=\"wp-block-list\">\n<li>Les pilotes de planeurs volent avec leurs mains et pieds. Le pilote potentiel doit \u00eatre entre 5\u20190 et 6'3 pour voler confortablement.&nbsp;<\/li>\n\n\n\n<li>L'\u00e9tudiant pilote doit peser au moins 120 livres et moins de 242 livres.&nbsp;<\/li>\n\n\n\n<li>Courriel <a href=\"mailto:info@gatineauglidingclub.ca\">info@gatineauglidingclub.ca<\/a> pour des questions sp\u00e9cifiques. &nbsp;<\/li>\n<\/ol>\n\n\n\n<h4 class=\"wp-block-heading\" style=\"margin-top:var(--wp--preset--spacing--40)\">Remboursement des frais de vol provenant des bourses par le biais du syst\u00e8me financier du club<\/h4>\n\n\n\n<ul class=\"wp-block-list\">\n<li>Les relev\u00e9s mensuels des frais de vol sont cr\u00e9\u00e9s par le syst\u00e8me financier du club.<\/li>\n\n\n\n<li>Chaque pilote est tenu d'examiner et de confirmer ses frais de vol mensuels.<\/li>\n\n\n\n<li>Une fois le compte mensuel approuv\u00e9 par le tr\u00e9sorier, un cr\u00e9dit non remboursable est \u00e9valu\u00e9 sur le compte de vol des jeunes jusqu'\u00e0 l'expiration des fonds.&nbsp;&nbsp;<\/li>\n<\/ul>\n<\/div>\n<\/div>\n<\/div>","protected":false},"excerpt":{"rendered":"<p>Youth bursaries The Gatineau gliding club (GGC) offers financial bursaries to youth members to support their development as pilots. A student glider pilot can begin instruction at age 14 and can get their glider pilot license at the age of 16. There are two sources to the bursaries. The first is an amount provided by [&hellip;]<\/p>\n","protected":false},"author":1,"featured_media":0,"parent":716,"menu_order":5,"comment_status":"closed","ping_status":"closed","template":"","meta":{"footnotes":""},"class_list":["post-585","page","type-page","status-publish","hentry"],"_links":{"self":[{"href":"https:\/\/www.gatineauglidingclub.ca\/fr\/wp-json\/wp\/v2\/pages\/585","targetHints":{"allow":["GET"]}}],"collection":[{"href":"https:\/\/www.gatineauglidingclub.ca\/fr\/wp-json\/wp\/v2\/pages"}],"about":[{"href":"https:\/\/www.gatineauglidingclub.ca\/fr\/wp-json\/wp\/v2\/types\/page"}],"author":[{"embeddable":true,"href":"https:\/\/www.gatineauglidingclub.ca\/fr\/wp-json\/wp\/v2\/users\/1"}],"replies":[{"embeddable":true,"href":"https:\/\/www.gatineauglidingclub.ca\/fr\/wp-json\/wp\/v2\/comments?post=585"}],"version-history":[{"count":22,"href":"https:\/\/www.gatineauglidingclub.ca\/fr\/wp-json\/wp\/v2\/pages\/585\/revisions"}],"predecessor-version":[{"id":3224,"href":"https:\/\/www.gatineauglidingclub.ca\/fr\/wp-json\/wp\/v2\/pages\/585\/revisions\/3224"}],"up":[{"embeddable":true,"href":"https:\/\/www.gatineauglidingclub.ca\/fr\/wp-json\/wp\/v2\/pages\/716"}],"wp:attachment":[{"href":"https:\/\/www.gatineauglidingclub.ca\/fr\/wp-json\/wp\/v2\/media?parent=585"}],"curies":[{"name":"wp","href":"https:\/\/api.w.org\/{rel}","templated":true}]}}