{"id":53,"date":"2024-11-15T08:23:04","date_gmt":"2024-11-15T13:23:04","guid":{"rendered":"https:\/\/www.gatineauglidingclub.ca\/?page_id=53"},"modified":"2025-09-29T08:06:15","modified_gmt":"2025-09-29T13:06:15","slug":"contact","status":"publish","type":"page","link":"https:\/\/www.gatineauglidingclub.ca\/fr\/about\/contact\/","title":{"rendered":"Contact\/emplacement\/heures"},"content":{"rendered":"<div class=\"wp-block-group alignfull has-base-color has-accent-4-background-color has-text-color has-background has-link-color wp-elements-ed54b5871379d12866e0eba58bc3a39d has-global-padding is-layout-constrained wp-container-core-group-is-layout-b673cb31 wp-block-group-is-layout-constrained\" style=\"margin-top:0;margin-bottom:0;padding-top:var(--wp--preset--spacing--30);padding-right:var(--wp--preset--spacing--50);padding-bottom:var(--wp--preset--spacing--30);padding-left:var(--wp--preset--spacing--50)\">\n<h1 class=\"wp-block-heading has-text-align-center has-base-color has-text-color has-link-color wp-elements-f01aa0d5dd1fd5a9937579eee18bfca0\" style=\"margin-top:var(--wp--preset--spacing--20);margin-bottom:0\">Heures<\/h1>\n\n\n\n<h3 class=\"wp-block-heading has-text-align-center has-base-color has-text-color has-link-color wp-elements-da0cb87f87c4df02c00477d928370331\" style=\"margin-top:0\">Op\u00e9rations de vol<\/h3>\n\n\n\n<div class=\"wp-block-columns alignwide is-layout-flex wp-container-core-columns-is-layout-1da03c2a wp-block-columns-is-layout-flex\">\n<div class=\"wp-block-column is-layout-flow wp-block-column-is-layout-flow\" style=\"flex-basis:50%\">\n<h4 class=\"wp-block-heading has-base-color has-text-color has-link-color wp-elements-7ce411648a01e7ae7ece790702ad8e53\">Week-ends<\/h4>\n\n\n\n<ul class=\"wp-block-list\">\n<li><strong>Dates typiques :<\/strong> Nous fonctionnons <strong>les samedis et dimanches<\/strong> de <strong>d\u00e9but mai \u00e0 mi-octobre<\/strong>.<\/li>\n\n\n\n<li><strong>Heures :<\/strong> le d\u00e9part du vol commence entre <strong>9h00 et 9h30.<\/strong><\/li>\n\n\n\n<li><strong>Si le temps le permet : <\/strong>Si le m\u00e9t\u00e9o est bon et que le vent est inf\u00e9rieur \u00e0 25 km\/h, nous allons probablement voler.<\/li>\n\n\n\n<li><strong>Appelez-nous : <\/strong>Pour v\u00e9rifier avant de sortir, appelez-nous au club-house au (613) 673-5386.<strong> Remarque : <\/strong>Lorsqu'il fait beau, nous prenons souvent l'avion, il n'y a donc pas toujours quelqu'un dans le club-house disponible pour r\u00e9pondre \u00e0 votre appel.<\/li>\n<\/ul>\n<\/div>\n\n\n\n<div class=\"wp-block-column is-layout-flow wp-block-column-is-layout-flow\" style=\"flex-basis:50%\">\n<h4 class=\"wp-block-heading has-base-color has-text-color has-link-color wp-elements-94708e413ae680b56d0bff2d79eef012\">Jours de semaine<\/h4>\n\n\n\n<h5 class=\"wp-block-heading\">Semaines de vol<\/h5>\n\n\n\n<p>Pendant les semaines de vol, nous avons des vols et des instructions tous les jours, si le temps le permet.<\/p>\n\n\n\n<ul class=\"wp-block-list\">\n<li><strong>Semaine de vol Juillet  :<\/strong> Premi\u00e8re semaine de juillet<\/li>\n\n\n\n<li><strong>Semaine de vol Ao\u00fbt :<\/strong> Premi\u00e8re semaine d'ao\u00fbt<\/li>\n<\/ul>\n\n\n\n<div class=\"wp-block-buttons is-layout-flex wp-block-buttons-is-layout-flex\">\n<div class=\"wp-block-button\"><a class=\"wp-block-button__link wp-element-button\" href=\"https:\/\/www.gatineauglidingclub.ca\/fr\/grow\/flyweeks\/\">En savoir plus sur semaines de vol &gt;<\/a><\/div>\n<\/div>\n\n\n\n<h5 class=\"wp-block-heading\">Autres jours de la semaine<\/h5>\n\n\n\n<p>Nous op\u00e9rons \u00e9galement d'autres jours de semaine occasionnels, lorsqu'il y a un superbe temps et suffisamment de pilotes de planeurs int\u00e9ress\u00e9s. Ces jours-ci sont g\u00e9n\u00e9ralement ax\u00e9s sur les vols sur la campagne, plut\u00f4t que sur les vols d'instruction et d'introduction.<\/p>\n<\/div>\n<\/div>\n<\/div>\n\n\n\n<div class=\"wp-block-group alignfull has-accent-3-background-color has-background has-global-padding is-layout-constrained wp-container-core-group-is-layout-d89aad35 wp-block-group-is-layout-constrained\" style=\"margin-top:0;margin-bottom:0;padding-top:var(--wp--preset--spacing--50);padding-right:var(--wp--preset--spacing--50);padding-bottom:var(--wp--preset--spacing--50);padding-left:var(--wp--preset--spacing--50)\">\n<h1 class=\"wp-block-heading has-text-align-center\">Arriv\u00e9e<\/h1>\n\n\n\n<div style=\"height:11px\" aria-hidden=\"true\" class=\"wp-block-spacer\"><\/div>\n\n\n\n<div class=\"wp-block-columns alignwide is-layout-flex wp-container-core-columns-is-layout-1da03c2a wp-block-columns-is-layout-flex\">\n<div class=\"wp-block-column is-layout-flow wp-block-column-is-layout-flow\" style=\"flex-basis:50%\">\n<h3 class=\"wp-block-heading\">En voiture<\/h3>\n\n\n\n<figure class=\"wp-block-image size-full is-style-rounded is-style-rounded--1\"><img loading=\"lazy\" decoding=\"async\" width=\"880\" height=\"660\" src=\"https:\/\/www.gatineauglidingclub.ca\/wp-content\/uploads\/2024\/12\/Light-Map-Detailed.jpg\" alt=\"\" class=\"wp-image-823\" style=\"aspect-ratio:4\/3;object-fit:cover\" srcset=\"https:\/\/www.gatineauglidingclub.ca\/wp-content\/uploads\/2024\/12\/Light-Map-Detailed.jpg 880w, https:\/\/www.gatineauglidingclub.ca\/wp-content\/uploads\/2024\/12\/Light-Map-Detailed-300x225.jpg 300w, https:\/\/www.gatineauglidingclub.ca\/wp-content\/uploads\/2024\/12\/Light-Map-Detailed-768x576.jpg 768w, https:\/\/www.gatineauglidingclub.ca\/wp-content\/uploads\/2024\/12\/Light-Map-Detailed-16x12.jpg 16w\" sizes=\"auto, (max-width: 880px) 100vw, 880px\" \/><\/figure>\n\n\n\n<p>2211 Concession 7<br>Plantagenet, Ontario K0B 1C0<\/p>\n\n\n\n<h5 class=\"wp-block-heading\">\u00c0 50 minutes du centre-ville d'Ottawa<\/h5>\n\n\n\n<ul class=\"wp-block-list\">\n<li>Prennez l'autoroute 174 jusqu'\u00e0 Wendover<\/li>\n\n\n\n<li>Tournez \u00e0 droite sur County Rd 19<\/li>\n\n\n\n<li>Tournez \u00e0 droite sur Plantagent Concession 7<\/li>\n\n\n\n<li>Tournez encore \u00e0 droite au panneau de l'a\u00e9roport de Pendleton<\/li>\n<\/ul>\n\n\n\n<p>&nbsp;<\/p>\n\n\n\n<h5 class=\"wp-block-heading\">Obtenez les instructions d\u00e9taill\u00e9es depuis n\u2019importe quel lieu<\/h5>\n\n\n\n<div class=\"wp-block-buttons is-layout-flex wp-block-buttons-is-layout-flex\">\n<div class=\"wp-block-button\"><a class=\"wp-block-button__link has-contrast-color has-contrast-3-background-color has-text-color has-background has-link-color wp-element-button\" href=\"https:\/\/maps.app.goo.gl\/pjoHK8CMriqY2Q6P8?g_st=ia\">Google Maps<\/a><\/div>\n\n\n\n<div class=\"wp-block-button\"><a class=\"wp-block-button__link has-contrast-color has-contrast-3-background-color has-text-color has-background has-link-color wp-element-button\" href=\"https:\/\/maps.apple.com\/?address=Curran%20ON%20K0B%201C0,%20Canada&amp;auid=5849160683088077196&amp;ll=45.485683,-75.096248&amp;lsp=9902&amp;q=Pendleton%20Airport&amp;t=m\">Apple Maps<\/a><\/div>\n<\/div>\n<\/div>\n\n\n\n<div class=\"wp-block-column is-layout-flow wp-block-column-is-layout-flow\" style=\"flex-basis:50%\">\n<h3 class=\"wp-block-heading\">En avion<\/h3>\n\n\n\n<figure class=\"wp-block-image size-full is-style-rounded is-style-rounded--2\"><img loading=\"lazy\" decoding=\"async\" width=\"640\" height=\"498\" src=\"https:\/\/www.gatineauglidingclub.ca\/wp-content\/uploads\/2024\/12\/runways.jpeg\" alt=\"\" class=\"wp-image-1282\" style=\"aspect-ratio:4\/3;object-fit:cover\" srcset=\"https:\/\/www.gatineauglidingclub.ca\/wp-content\/uploads\/2024\/12\/runways.jpeg 640w, https:\/\/www.gatineauglidingclub.ca\/wp-content\/uploads\/2024\/12\/runways-300x233.jpeg 300w, https:\/\/www.gatineauglidingclub.ca\/wp-content\/uploads\/2024\/12\/runways-15x12.jpeg 15w\" sizes=\"auto, (max-width: 640px) 100vw, 640px\" \/><\/figure>\n\n\n\n<p class=\"has-small-font-size\">( N\u2019utilis\u00e9e pas la carte pour la navigation)<\/p>\n\n\n\n<p><strong>Lorsque les op\u00e9rations de planeurs sont actives, appelez 123,3 MHz avant de tenter un atterrissage ou lorsque vous transitez dans la zone.<\/strong><\/p>\n\n\n\n<ul class=\"wp-block-list\">\n<li><strong>Identifiant :<\/strong>&nbsp;CNF3. Situ\u00e9 \u00e0 environ 26 miles nautiques au nord-est d'Ottawa.<\/li>\n\n\n\n<li><strong>Coordonn\u00e9es :<\/strong>&nbsp;N45 29\u2032 10\u2032\u2032 W075 05\u2032 46\u2032\u2032<\/li>\n\n\n\n<li><strong>Unicom :<\/strong>&nbsp;123.3 MHz<\/li>\n\n\n\n<li><strong>Piste 26\/08 :<\/strong>&nbsp;(2550 pi) Atterrissage sur asphalte ou herbe. Les planeurs se lancent g\u00e9n\u00e9ralement sur l'asphalte et atterrissent sur l'herbe (c\u00f4t\u00e9 sud de l'asphalte).<\/li>\n\n\n\n<li><strong>Piste 31\/13 :<\/strong>&nbsp;(2650 pieds) Atterrissage et d\u00e9collages sur l'herbe du c\u00f4t\u00e9 sud-ouest de l'asphalte.<strong>&nbsp;<\/strong><em>Remarque : <\/em><em>L'asphalte le long de la piste 31\/13 ne convient pas \u00e0 l'atterrissage ou au d\u00e9collage.<\/em><\/li>\n\n\n\n<li><strong>Piste 35\/17 :<\/strong>&nbsp;(2550 pieds) Atterrissages et d\u00e9collages g\u00e9n\u00e9ralement sur l'herbe du c\u00f4t\u00e9 ouest de l'asphalte\/gravier.<\/li>\n<\/ul>\n\n\n\n<div class=\"wp-block-buttons is-layout-flex wp-block-buttons-is-layout-flex\">\n<div class=\"wp-block-button\"><a class=\"wp-block-button__link has-contrast-color has-contrast-3-background-color has-text-color has-background has-link-color wp-element-button\" href=\"https:\/\/www.gatineauglidingclub.ca\/wp-content\/uploads\/2024\/12\/CNF3.pdf\">CNF3 au Canada Suppl\u00e9ment de vol (PDF) &gt;<\/a><\/div>\n<\/div>\n<\/div>\n<\/div>\n<\/div>\n\n\n\n<div class=\"wp-block-group alignfull has-accent-2-background-color has-background has-global-padding is-layout-constrained wp-container-core-group-is-layout-b673cb31 wp-block-group-is-layout-constrained\" style=\"margin-top:0;margin-bottom:0;padding-top:var(--wp--preset--spacing--30);padding-right:var(--wp--preset--spacing--50);padding-bottom:var(--wp--preset--spacing--30);padding-left:var(--wp--preset--spacing--50)\">\n<h1 class=\"wp-block-heading has-text-align-center\" style=\"margin-top:var(--wp--preset--spacing--20);margin-bottom:var(--wp--preset--spacing--20)\">Contactez-nous<\/h1>\n\n\n\n<div class=\"wp-block-columns alignwide is-layout-flex wp-container-core-columns-is-layout-28f84493 wp-block-columns-is-layout-flex\">\n<div class=\"wp-block-column is-layout-flow wp-block-column-is-layout-flow\">\n<h3 class=\"wp-block-heading\">Courriel<\/h3>\n\n\n\n<p><strong>Demandes g\u00e9n\u00e9rales<br><\/strong><span style=\"text-decoration: underline;\"><a href=\"mailto:info@gatineauglidingclub.ca\">info@gatineauglidingclub.ca<\/a><\/span><\/p>\n\n\n\n<p><strong>Demandes de facturation<\/strong><br><span style=\"text-decoration: underline;\"><a href=\"mailto:billing@gatineauglidingclub.ca\">billing@gatineauglidingclub.ca<\/a><\/span><\/p>\n<\/div>\n\n\n\n<div class=\"wp-block-column is-layout-flow wp-block-column-is-layout-flow\">\n<h3 class=\"wp-block-heading\">T\u00e9l\u00e9phone<\/h3>\n\n\n\n<p><strong>Club-house<\/strong><br>(613) 673-5386 *<br><br><em>* S'il fait beau et que nous prenons tous l'avoin, il se peut que personne ne soit disponible pour r\u00e9pondre \u00e0 votre appel.<\/em><\/p>\n<\/div>\n\n\n\n<div class=\"wp-block-column is-layout-flow wp-block-column-is-layout-flow\">\n<h3 class=\"wp-block-heading\">Address<\/h3>\n\n\n\n<p><strong>Airfield Address<\/strong><br>2211 Concession Rd. 7<br>Plantagenet, ON  K0B 1C0<\/p>\n\n\n\n<p><strong>Adresse postale<\/strong><br>Club de vol \u00e0 voile Gatineau<br>P.O. Box 8145, Station T<br>Ottawa, ON  K1G 3H6<\/p>\n<\/div>\n<\/div>\n<\/div>","protected":false},"excerpt":{"rendered":"<p>Hours Flying Operations Weekends Weekdays Flyweeks During flyweeks we have flying and instruction every day, weather permitting. Other weekdays We also operate on other occasional weekdays, when there&#8217;s superb soaring weather and enough interested glider pilots. These days are generally focused on member cross-country flights, rather than instruction and intro flights. Getting here By Road [&hellip;]<\/p>\n","protected":false},"author":1,"featured_media":0,"parent":19,"menu_order":1,"comment_status":"closed","ping_status":"closed","template":"","meta":{"footnotes":""},"class_list":["post-53","page","type-page","status-publish","hentry"],"_links":{"self":[{"href":"https:\/\/www.gatineauglidingclub.ca\/fr\/wp-json\/wp\/v2\/pages\/53","targetHints":{"allow":["GET"]}}],"collection":[{"href":"https:\/\/www.gatineauglidingclub.ca\/fr\/wp-json\/wp\/v2\/pages"}],"about":[{"href":"https:\/\/www.gatineauglidingclub.ca\/fr\/wp-json\/wp\/v2\/types\/page"}],"author":[{"embeddable":true,"href":"https:\/\/www.gatineauglidingclub.ca\/fr\/wp-json\/wp\/v2\/users\/1"}],"replies":[{"embeddable":true,"href":"https:\/\/www.gatineauglidingclub.ca\/fr\/wp-json\/wp\/v2\/comments?post=53"}],"version-history":[{"count":84,"href":"https:\/\/www.gatineauglidingclub.ca\/fr\/wp-json\/wp\/v2\/pages\/53\/revisions"}],"predecessor-version":[{"id":3077,"href":"https:\/\/www.gatineauglidingclub.ca\/fr\/wp-json\/wp\/v2\/pages\/53\/revisions\/3077"}],"up":[{"embeddable":true,"href":"https:\/\/www.gatineauglidingclub.ca\/fr\/wp-json\/wp\/v2\/pages\/19"}],"wp:attachment":[{"href":"https:\/\/www.gatineauglidingclub.ca\/fr\/wp-json\/wp\/v2\/media?parent=53"}],"curies":[{"name":"wp","href":"https:\/\/api.w.org\/{rel}","templated":true}]}}