{"id":51,"date":"2024-11-15T08:22:22","date_gmt":"2024-11-15T13:22:22","guid":{"rendered":"https:\/\/www.gatineauglidingclub.ca\/?page_id=51"},"modified":"2025-02-23T12:46:18","modified_gmt":"2025-02-23T17:46:18","slug":"facilities","status":"publish","type":"page","link":"https:\/\/www.gatineauglidingclub.ca\/fr\/about\/facilities\/","title":{"rendered":"Les installations"},"content":{"rendered":"<div class=\"wp-block-group alignfull has-base-color has-base-2-background-color has-text-color has-background has-link-color wp-elements-a03ca71a4f8135a2ead01f48891627d1 is-layout-flow wp-block-group-is-layout-flow\" style=\"margin-top:0;margin-bottom:0;padding-top:0;padding-right:0;padding-bottom:0;padding-left:0\">\n<figure class=\"wp-block-image size-full\"><img loading=\"lazy\" decoding=\"async\" width=\"2000\" height=\"1200\" src=\"https:\/\/www.gatineauglidingclub.ca\/wp-content\/uploads\/2024\/12\/GGC-Facilities-Map-Fr-1.jpg\" alt=\"\" class=\"wp-image-834\" srcset=\"https:\/\/www.gatineauglidingclub.ca\/wp-content\/uploads\/2024\/12\/GGC-Facilities-Map-Fr-1.jpg 2000w, https:\/\/www.gatineauglidingclub.ca\/wp-content\/uploads\/2024\/12\/GGC-Facilities-Map-Fr-1-300x180.jpg 300w, https:\/\/www.gatineauglidingclub.ca\/wp-content\/uploads\/2024\/12\/GGC-Facilities-Map-Fr-1-1024x614.jpg 1024w, https:\/\/www.gatineauglidingclub.ca\/wp-content\/uploads\/2024\/12\/GGC-Facilities-Map-Fr-1-768x461.jpg 768w, https:\/\/www.gatineauglidingclub.ca\/wp-content\/uploads\/2024\/12\/GGC-Facilities-Map-Fr-1-1536x922.jpg 1536w, https:\/\/www.gatineauglidingclub.ca\/wp-content\/uploads\/2024\/12\/GGC-Facilities-Map-Fr-1-18x12.jpg 18w\" sizes=\"auto, (max-width: 2000px) 100vw, 2000px\" \/><\/figure>\n<\/div>\n\n\n\n<div class=\"wp-block-group alignfull has-contrast-color has-accent-2-background-color has-text-color has-background has-link-color wp-elements-8bf1b3d3227d9357189b63b43573c71f is-layout-flow wp-block-group-is-layout-flow\" style=\"margin-top:0;margin-bottom:0;padding-top:var(--wp--preset--spacing--10);padding-right:var(--wp--preset--spacing--50);padding-bottom:var(--wp--preset--spacing--10);padding-left:var(--wp--preset--spacing--50)\">\n<h4 class=\"wp-block-heading has-text-align-center\">Conditions actuelles et activit\u00e9 sur l\u2019a\u00e9rodrome<\/h4>\n\n\n\n<p class=\"has-text-align-center\">Mis \u00e0 jour toutes les 15 minutes<\/p>\n\n\n\n<figure class=\"wp-block-image size-large\"><img decoding=\"async\" src=\"https:\/\/www.gatineauglidingclub.ca\/images\/field_pic.jpg\" alt=\"\"\/><\/figure>\n<\/div>\n\n\n\n<div class=\"wp-block-group alignfull has-accent-3-background-color has-background has-global-padding is-layout-constrained wp-container-core-group-is-layout-d89aad35 wp-block-group-is-layout-constrained\" style=\"margin-top:0;margin-bottom:0;padding-top:var(--wp--preset--spacing--50);padding-right:var(--wp--preset--spacing--50);padding-bottom:var(--wp--preset--spacing--50);padding-left:var(--wp--preset--spacing--50)\">\n<div class=\"wp-block-columns alignwide is-layout-flex wp-container-core-columns-is-layout-1da03c2a wp-block-columns-is-layout-flex\">\n<div class=\"wp-block-column is-vertically-aligned-top is-layout-flow wp-block-column-is-layout-flow\" style=\"flex-basis:50%\">\n<figure class=\"wp-block-image size-full is-style-rounded is-style-rounded--1\"><img loading=\"lazy\" decoding=\"async\" width=\"1280\" height=\"720\" src=\"https:\/\/www.gatineauglidingclub.ca\/wp-content\/uploads\/2024\/11\/20241005_194845712_iOS-1-Large.jpeg\" alt=\"\" class=\"wp-image-461\" style=\"aspect-ratio:4\/3;object-fit:cover\" srcset=\"https:\/\/www.gatineauglidingclub.ca\/wp-content\/uploads\/2024\/11\/20241005_194845712_iOS-1-Large.jpeg 1280w, https:\/\/www.gatineauglidingclub.ca\/wp-content\/uploads\/2024\/11\/20241005_194845712_iOS-1-Large-300x169.jpeg 300w, https:\/\/www.gatineauglidingclub.ca\/wp-content\/uploads\/2024\/11\/20241005_194845712_iOS-1-Large-1024x576.jpeg 1024w, https:\/\/www.gatineauglidingclub.ca\/wp-content\/uploads\/2024\/11\/20241005_194845712_iOS-1-Large-768x432.jpeg 768w, https:\/\/www.gatineauglidingclub.ca\/wp-content\/uploads\/2024\/11\/20241005_194845712_iOS-1-Large-18x10.jpeg 18w\" sizes=\"auto, (max-width: 1280px) 100vw, 1280px\" \/><\/figure>\n<\/div>\n\n\n\n<div class=\"wp-block-column is-layout-flow wp-block-column-is-layout-flow\" style=\"flex-basis:50%\">\n<h2 class=\"wp-block-heading\">Grand a\u00e9rodrome triangulaire<\/h2>\n\n\n\n<ul style=\"line-height:1.75\" class=\"wp-block-list is-style-checkmark-list\">\n<li><strong>SURFACES<\/strong> La saison de vol commence plus t\u00f4t pour notre a\u00e9rodrome que pour d'autres parce que son emplacement permet \u00e0 la piste de s\u00e9cher rapidement au d\u00e9but du printemps.<br><br>Les membres du CVVG peuvent b\u00e9n\u00e9ficier des conditions de vol optimales a partir du d\u00e9but avril et mai. Ceci est important pour les pilotes de planeurs, car le printemps offre les meilleures conditions de vol. &nbsp;<\/li>\n<\/ul>\n\n\n\n<ul style=\"line-height:1.75\" class=\"wp-block-list is-style-checkmark-list\">\n<li><strong>S\u00c9CURIT\u00c9<\/strong> Les a\u00e9rodromes am\u00e9liorent la s\u00e9curit\u00e9 des planeurs au club en fournissant plusieurs pistes. Cela emp\u00eache les atterrissages simultan\u00e9s sur les pistes d'herbe et d'asphalte, car un avion peut utiliser diff\u00e9rentes pistes.&nbsp;<br><br>Le fait d'avoir des pistes orient\u00e9es nord\/sud, est\/ouest et nord-ouest\/sud-est garantit que les d\u00e9collages et les atterrissages sont expos\u00e9s au vent ou aux vents de travers r\u00e9duits, r\u00e9duisant ainsi le risque pour les \u00e9tudiants pilotes.<\/li>\n<\/ul>\n<\/div>\n<\/div>\n<\/div>\n\n\n\n<div class=\"wp-block-group alignfull has-base-color has-accent-4-background-color has-text-color has-background has-link-color wp-elements-f03565aa20463bafaf3aa70dc115073e has-global-padding is-layout-constrained wp-container-core-group-is-layout-d89aad35 wp-block-group-is-layout-constrained\" style=\"margin-top:0;margin-bottom:0;padding-top:var(--wp--preset--spacing--50);padding-right:var(--wp--preset--spacing--50);padding-bottom:var(--wp--preset--spacing--50);padding-left:var(--wp--preset--spacing--50)\">\n<div class=\"wp-block-columns alignwide is-layout-flex wp-container-core-columns-is-layout-1da03c2a wp-block-columns-is-layout-flex\">\n<div class=\"wp-block-column is-layout-flow wp-block-column-is-layout-flow\" style=\"flex-basis:50%\">\n<h2 class=\"wp-block-heading has-base-color has-text-color has-link-color wp-elements-c4932f28432995958bedbcb234e8b7f3\">Hangars et atelier<\/h2>\n\n\n\n<ul style=\"line-height:1.75\" class=\"wp-block-list is-style-checkmark-list\">\n<li><strong>ESPACES PROT\u00c9G\u00c9S<\/strong> Ces installations offrent un stockage \u00e0 sec pendant la saison de vol pour les planeurs enti\u00e8rement mont\u00e9s des membres, sur une base d\u2019anciennet\u00e9.&nbsp;<\/li>\n<\/ul>\n\n\n\n<ul style=\"line-height:1.75\" class=\"wp-block-list is-style-checkmark-list\">\n<li><strong>LE STOCKAGE D\u2019HIVER<\/strong> &nbsp;est \u00e9galement disponible pour les camping-cars et les remorques de planeurs.&nbsp;<\/li>\n<\/ul>\n\n\n\n<ul style=\"line-height:1.75\" class=\"wp-block-list is-style-checkmark-list\">\n<li><strong>ATELIER<\/strong> &nbsp;Un grand atelier de trois pi\u00e8ces est disponible pour les r\u00e9parations de v\u00e9hicules et de parc a\u00e9rien du club.<\/li>\n<\/ul>\n<\/div>\n\n\n\n<div class=\"wp-block-column is-vertically-aligned-center is-layout-flow wp-block-column-is-layout-flow\" style=\"flex-basis:50%\">\n<figure class=\"wp-block-image size-full is-style-rounded is-style-rounded--2\"><img loading=\"lazy\" decoding=\"async\" width=\"1600\" height=\"1067\" src=\"https:\/\/www.gatineauglidingclub.ca\/wp-content\/uploads\/2024\/11\/IMG_9076.webp\" alt=\"\" class=\"wp-image-347\" style=\"aspect-ratio:1;object-fit:cover\" srcset=\"https:\/\/www.gatineauglidingclub.ca\/wp-content\/uploads\/2024\/11\/IMG_9076.webp 1600w, https:\/\/www.gatineauglidingclub.ca\/wp-content\/uploads\/2024\/11\/IMG_9076-300x200.webp 300w, https:\/\/www.gatineauglidingclub.ca\/wp-content\/uploads\/2024\/11\/IMG_9076-1024x683.webp 1024w, https:\/\/www.gatineauglidingclub.ca\/wp-content\/uploads\/2024\/11\/IMG_9076-768x512.webp 768w, https:\/\/www.gatineauglidingclub.ca\/wp-content\/uploads\/2024\/11\/IMG_9076-1536x1024.webp 1536w, https:\/\/www.gatineauglidingclub.ca\/wp-content\/uploads\/2024\/11\/IMG_9076-18x12.webp 18w\" sizes=\"auto, (max-width: 1600px) 100vw, 1600px\" \/><\/figure>\n<\/div>\n<\/div>\n<\/div>\n\n\n\n<div class=\"wp-block-group alignfull has-accent-3-background-color has-background has-global-padding is-layout-constrained wp-container-core-group-is-layout-d89aad35 wp-block-group-is-layout-constrained\" style=\"margin-top:0;margin-bottom:0;padding-top:var(--wp--preset--spacing--50);padding-right:var(--wp--preset--spacing--50);padding-bottom:var(--wp--preset--spacing--50);padding-left:var(--wp--preset--spacing--50)\">\n<div class=\"wp-block-columns alignwide is-layout-flex wp-container-core-columns-is-layout-1da03c2a wp-block-columns-is-layout-flex\">\n<div class=\"wp-block-column is-vertically-aligned-top is-layout-flow wp-block-column-is-layout-flow\" style=\"flex-basis:50%\">\n<figure class=\"wp-block-image size-full is-style-rounded is-style-rounded--3\"><img loading=\"lazy\" decoding=\"async\" width=\"896\" height=\"672\" src=\"https:\/\/www.gatineauglidingclub.ca\/wp-content\/uploads\/2025\/01\/GGC_ClubHouse.jpg\" alt=\"\" class=\"wp-image-2208\" style=\"aspect-ratio:4\/3;object-fit:cover\" srcset=\"https:\/\/www.gatineauglidingclub.ca\/wp-content\/uploads\/2025\/01\/GGC_ClubHouse.jpg 896w, https:\/\/www.gatineauglidingclub.ca\/wp-content\/uploads\/2025\/01\/GGC_ClubHouse-300x225.jpg 300w, https:\/\/www.gatineauglidingclub.ca\/wp-content\/uploads\/2025\/01\/GGC_ClubHouse-768x576.jpg 768w, https:\/\/www.gatineauglidingclub.ca\/wp-content\/uploads\/2025\/01\/GGC_ClubHouse-16x12.jpg 16w\" sizes=\"auto, (max-width: 896px) 100vw, 896px\" \/><\/figure>\n<\/div>\n\n\n\n<div class=\"wp-block-column is-layout-flow wp-block-column-is-layout-flow\" style=\"flex-basis:50%\">\n<h2 class=\"wp-block-heading\">Le Club-house<\/h2>\n\n\n\n<p>Notre club-house est confortable pour les sessions d'enseignement de pilote ainsi que pour la fin finition de la paperasse post-vol. Il y a un bureau avec ordinateur pour se connecter aux vols de planeur et t\u00e9l\u00e9charger les donn\u00e9es de vol.&nbsp;<\/p>\n\n\n\n<ul class=\"wp-block-list is-style-checkmark-list\">\n<li><strong>CUISINE<\/strong> il y a une cuisine double approvisionn\u00e9e en vaisselle, en eau potable et en produits de cuisson et repas.<\/li>\n\n\n\n<li><strong>BARBECUE<\/strong><\/li>\n\n\n\n<li><strong>ESPACE SOCIALE \u00c0 INT\u00c9RIEUR <\/strong>Complet avec table de travail \/ salle \u00e0 manger<\/li>\n\n\n\n<li><strong>SALLE \u00c0 MANGER GRILLAG\u00c9E<\/strong> Le Club-house dispose d'une grande salle \u00e0 manger dans un porche grillag\u00e9 et couvert.<\/li>\n\n\n\n<li><strong>SALLES DE BAINS<\/strong><\/li>\n\n\n\n<li><strong>DOUCHES CHAUDES<\/strong><\/li>\n\n\n\n<li><strong>INSTALLATIONS DE D\u00c9CHETS ET DE RECYCLAGE<\/strong><\/li>\n\n\n\n<li><strong>BUREAU<\/strong> Avec les dossiers du club et l'ordinateur<\/li>\n\n\n\n<li><strong>WI-FI<\/strong><\/li>\n<\/ul>\n<\/div>\n<\/div>\n<\/div>\n\n\n\n<div class=\"wp-block-group alignfull has-base-color has-accent-4-background-color has-text-color has-background has-link-color wp-elements-5ebe56ae5d044bbcefea31cd4875a217 has-global-padding is-layout-constrained wp-container-core-group-is-layout-d89aad35 wp-block-group-is-layout-constrained\" style=\"margin-top:0;margin-bottom:0;padding-top:var(--wp--preset--spacing--50);padding-right:var(--wp--preset--spacing--50);padding-bottom:var(--wp--preset--spacing--50);padding-left:var(--wp--preset--spacing--50)\">\n<div class=\"wp-block-columns alignwide is-layout-flex wp-container-core-columns-is-layout-1da03c2a wp-block-columns-is-layout-flex\">\n<div class=\"wp-block-column is-layout-flow wp-block-column-is-layout-flow\" style=\"flex-basis:50%\">\n<h2 class=\"wp-block-heading has-base-color has-text-color has-link-color wp-elements-223ee6e6afec792b59a4f0e8551fbeac\">Piscine et installations de loisirs<\/h2>\n\n\n\n<ul class=\"wp-block-list is-style-checkmark-list\">\n<li><strong>PISCINE <\/strong>Piscine creus\u00e9e de 25 m\u00e8tres. Verrouill\u00e9e et non surveill\u00e9e avec voie de natation<\/li>\n\n\n\n<li><strong>TERRAIN DE SPORT <\/strong>Football \/ soccer\/ Frisbee (ancien terrain de parade)<\/li>\n\n\n\n<li><strong>CYCLISME <\/strong>Itin\u00e9raires cyclables sur le terrain<\/li>\n\n\n\n<li><strong>MARCHE <\/strong>Promenades nocturnes r\u00e9guli\u00e8res pour regarder des \u00e9toiles&nbsp;<\/li>\n\n\n\n<li><strong>JEUX ET LIVRES <\/strong>Jeux de soci\u00e9t\u00e9, cartes et livres pour les jours de pluie<\/li>\n\n\n\n<li><strong>AIRE DE JEUX <\/strong>Ensemble de jeux pour enfants et balan\u00e7oire<\/li>\n<\/ul>\n\n\n\n<h4 class=\"wp-block-heading has-base-color has-text-color has-link-color wp-elements-02c8b4fc60010b7282e5ff3b1df85b07\">Divertissement \u00e0 proximit\u00e9<\/h4>\n\n\n\n<ul class=\"wp-block-list is-style-checkmark-list\">\n<li><strong>LE CLUB DE GOLF <\/strong>\u00ab\u00a0GOLF Nation\u00a0\u00bb est \u00e0 distance de marche de l\u2019a\u00e9rodrome<\/li>\n\n\n\n<li><strong>RIVI\u00c9RE DES OUTAOUAIS <\/strong>\u00c0 Wendover et la rivi\u00e8re d\u2019Ottawa, il y a un club de voile pour garer votre bateau, et faire la p\u00eache et la voile*<\/li>\n<\/ul>\n<\/div>\n\n\n\n<div class=\"wp-block-column is-vertically-aligned-center is-layout-flow wp-block-column-is-layout-flow\" style=\"flex-basis:50%\">\n<figure class=\"wp-block-image size-full is-style-rounded is-style-rounded--4\"><img loading=\"lazy\" decoding=\"async\" width=\"800\" height=\"526\" src=\"https:\/\/www.gatineauglidingclub.ca\/wp-content\/uploads\/2024\/12\/37511416_1479120478860196_1736092469000404992_n.jpg\" alt=\"\" class=\"wp-image-607\" style=\"aspect-ratio:4\/3;object-fit:cover\" srcset=\"https:\/\/www.gatineauglidingclub.ca\/wp-content\/uploads\/2024\/12\/37511416_1479120478860196_1736092469000404992_n.jpg 800w, https:\/\/www.gatineauglidingclub.ca\/wp-content\/uploads\/2024\/12\/37511416_1479120478860196_1736092469000404992_n-300x197.jpg 300w, https:\/\/www.gatineauglidingclub.ca\/wp-content\/uploads\/2024\/12\/37511416_1479120478860196_1736092469000404992_n-768x505.jpg 768w, https:\/\/www.gatineauglidingclub.ca\/wp-content\/uploads\/2024\/12\/37511416_1479120478860196_1736092469000404992_n-18x12.jpg 18w\" sizes=\"auto, (max-width: 800px) 100vw, 800px\" \/><\/figure>\n<\/div>\n<\/div>\n<\/div>\n\n\n\n<div class=\"wp-block-group alignfull has-accent-3-background-color has-background has-global-padding is-layout-constrained wp-container-core-group-is-layout-d89aad35 wp-block-group-is-layout-constrained\" style=\"margin-top:0;margin-bottom:0;padding-top:var(--wp--preset--spacing--50);padding-right:var(--wp--preset--spacing--50);padding-bottom:var(--wp--preset--spacing--50);padding-left:var(--wp--preset--spacing--50)\">\n<div class=\"wp-block-columns alignwide is-layout-flex wp-container-core-columns-is-layout-1da03c2a wp-block-columns-is-layout-flex\">\n<div class=\"wp-block-column is-vertically-aligned-center is-layout-flow wp-block-column-is-layout-flow\" style=\"flex-basis:50%\">\n<figure class=\"wp-block-image size-full is-style-rounded is-style-rounded--5\"><img loading=\"lazy\" decoding=\"async\" width=\"1000\" height=\"1000\" src=\"https:\/\/www.gatineauglidingclub.ca\/wp-content\/uploads\/2024\/12\/campsite.jpg\" alt=\"\" class=\"wp-image-1119\" style=\"aspect-ratio:4\/3;object-fit:cover\" srcset=\"https:\/\/www.gatineauglidingclub.ca\/wp-content\/uploads\/2024\/12\/campsite.jpg 1000w, https:\/\/www.gatineauglidingclub.ca\/wp-content\/uploads\/2024\/12\/campsite-300x300.jpg 300w, https:\/\/www.gatineauglidingclub.ca\/wp-content\/uploads\/2024\/12\/campsite-150x150.jpg 150w, https:\/\/www.gatineauglidingclub.ca\/wp-content\/uploads\/2024\/12\/campsite-768x768.jpg 768w, https:\/\/www.gatineauglidingclub.ca\/wp-content\/uploads\/2024\/12\/campsite-12x12.jpg 12w\" sizes=\"auto, (max-width: 1000px) 100vw, 1000px\" \/><\/figure>\n<\/div>\n\n\n\n<div class=\"wp-block-column is-layout-flow wp-block-column-is-layout-flow\" style=\"flex-basis:50%\">\n<h2 class=\"wp-block-heading\">Terrain de camping<\/h2>\n\n\n\n<p>Le club a un joli terrain de camping avec plusieurs avantages\u00a0<\/p>\n\n\n\n<p>Places de camping-car disponibles avec \u00e9lectricit\u00e9 \/ eau courante non potable. \u2022 Location de place pour tente disponible sans services<\/p>\n\n\n\n<p>Week-ends ouverts, semaines de vols ouvert les 1\u00e8re semaine de juillet et 1\u00e8re semaine d'ao\u00fbt&nbsp;<\/p>\n\n\n\n<p>Les toilettes et les douches centrales se trouvent au club-house. Les hommes et les femmes sont s\u00e9par\u00e9s.<\/p>\n\n\n\n<p>Il y a du Carburant sur place pour le club et les membres pour les v\u00e9hicules qui restent sur le terrain&nbsp;<\/p>\n\n\n\n<p>Beaucoup de stationnement pour les v\u00e9hicules des membres et des invit\u00e9s<\/p>\n\n\n\n<p>\u00c9picerie \u00e0 proximit\u00e9 qui se trouve \u00e0 Bourget, Wendover ou Rockland<\/p>\n<\/div>\n<\/div>\n<\/div>","protected":false},"excerpt":{"rendered":"<p>Current conditions and activity at the field Updated every 15 minutes Large Triangular Airfield Hangars &amp; Workshop Club house A comfortable club house for teaching and pilot briefings as well as post flying day paperwork. Office with computer to log in gliding flights and upload flight data.&nbsp; Pool &amp; Recreational Facilities Nearby entertainment Campground \u2022 [&hellip;]<\/p>\n","protected":false},"author":1,"featured_media":0,"parent":19,"menu_order":3,"comment_status":"closed","ping_status":"closed","template":"","meta":{"footnotes":""},"class_list":["post-51","page","type-page","status-publish","hentry"],"_links":{"self":[{"href":"https:\/\/www.gatineauglidingclub.ca\/fr\/wp-json\/wp\/v2\/pages\/51","targetHints":{"allow":["GET"]}}],"collection":[{"href":"https:\/\/www.gatineauglidingclub.ca\/fr\/wp-json\/wp\/v2\/pages"}],"about":[{"href":"https:\/\/www.gatineauglidingclub.ca\/fr\/wp-json\/wp\/v2\/types\/page"}],"author":[{"embeddable":true,"href":"https:\/\/www.gatineauglidingclub.ca\/fr\/wp-json\/wp\/v2\/users\/1"}],"replies":[{"embeddable":true,"href":"https:\/\/www.gatineauglidingclub.ca\/fr\/wp-json\/wp\/v2\/comments?post=51"}],"version-history":[{"count":68,"href":"https:\/\/www.gatineauglidingclub.ca\/fr\/wp-json\/wp\/v2\/pages\/51\/revisions"}],"predecessor-version":[{"id":2781,"href":"https:\/\/www.gatineauglidingclub.ca\/fr\/wp-json\/wp\/v2\/pages\/51\/revisions\/2781"}],"up":[{"embeddable":true,"href":"https:\/\/www.gatineauglidingclub.ca\/fr\/wp-json\/wp\/v2\/pages\/19"}],"wp:attachment":[{"href":"https:\/\/www.gatineauglidingclub.ca\/fr\/wp-json\/wp\/v2\/media?parent=51"}],"curies":[{"name":"wp","href":"https:\/\/api.w.org\/{rel}","templated":true}]}}