{"id":37,"date":"2024-11-15T08:17:17","date_gmt":"2024-11-15T13:17:17","guid":{"rendered":"https:\/\/www.gatineauglidingclub.ca\/?page_id=37"},"modified":"2025-02-19T20:30:40","modified_gmt":"2025-02-20T01:30:40","slug":"how-gliding-works","status":"publish","type":"page","link":"https:\/\/www.gatineauglidingclub.ca\/fr\/gliding\/how-gliding-works\/","title":{"rendered":"Comment fonctionne le vol \u00e0 voile ?"},"content":{"rendered":"<div class=\"wp-block-group alignfull has-accent-background-color has-background has-global-padding is-layout-constrained wp-container-core-group-is-layout-f6cc5ae6 wp-block-group-is-layout-constrained\" style=\"margin-top:0;margin-bottom:0;padding-top:var(--wp--preset--spacing--30);padding-right:var(--wp--preset--spacing--50);padding-bottom:var(--wp--preset--spacing--30);padding-left:var(--wp--preset--spacing--50)\">\n<h2 class=\"wp-block-heading has-text-align-center is-style-default\" style=\"margin-top:var(--wp--preset--spacing--30);margin-bottom:var(--wp--preset--spacing--30)\">Id\u00e9es fausses<\/h2>\n\n\n\n<div class=\"wp-block-columns alignwide is-layout-flex wp-container-core-columns-is-layout-1da03c2a wp-block-columns-is-layout-flex\">\n<div class=\"wp-block-column is-vertically-aligned-stretch is-layout-flow wp-block-column-is-layout-flow\" style=\"flex-basis:33%\">\n<figure class=\"wp-block-image size-full is-style-rounded is-style-rounded--1\"><img loading=\"lazy\" decoding=\"async\" width=\"1280\" height=\"720\" src=\"https:\/\/www.gatineauglidingclub.ca\/wp-content\/uploads\/2024\/11\/ifx-2.jpg\" alt=\"\" class=\"wp-image-145\" style=\"aspect-ratio:4\/3;object-fit:cover\" srcset=\"https:\/\/www.gatineauglidingclub.ca\/wp-content\/uploads\/2024\/11\/ifx-2.jpg 1280w, https:\/\/www.gatineauglidingclub.ca\/wp-content\/uploads\/2024\/11\/ifx-2-300x169.jpg 300w, https:\/\/www.gatineauglidingclub.ca\/wp-content\/uploads\/2024\/11\/ifx-2-1024x576.jpg 1024w, https:\/\/www.gatineauglidingclub.ca\/wp-content\/uploads\/2024\/11\/ifx-2-768x432.jpg 768w, https:\/\/www.gatineauglidingclub.ca\/wp-content\/uploads\/2024\/11\/ifx-2-18x10.jpg 18w\" sizes=\"auto, (max-width: 1280px) 100vw, 1280px\" \/><\/figure>\n\n\n\n<h4 class=\"wp-block-heading\">Accessibilit\u00e9 financi\u00e8re<\/h4>\n\n\n\n<p>Le planeur est un moyen bien plus abordable de voler que l'aviation motoris\u00e9e.<\/p>\n\n\n\n<p>Il est \u00e9conomique en raison de l'effort collectif et des co\u00fbts partag\u00e9s au sein du club, et il existe des programmes disponibles pour impliquer les jeunes.<\/p>\n<\/div>\n\n\n\n<div class=\"wp-block-column is-vertically-aligned-stretch is-layout-flow wp-block-column-is-layout-flow\" style=\"flex-basis:33%\">\n<figure class=\"wp-block-image size-full is-style-rounded is-style-rounded--2\"><img loading=\"lazy\" decoding=\"async\" width=\"1280\" height=\"720\" src=\"https:\/\/www.gatineauglidingclub.ca\/wp-content\/uploads\/2024\/12\/20241026_182359583_iOS-Large.jpeg\" alt=\"\" class=\"wp-image-1012\" style=\"aspect-ratio:4\/3;object-fit:cover\" srcset=\"https:\/\/www.gatineauglidingclub.ca\/wp-content\/uploads\/2024\/12\/20241026_182359583_iOS-Large.jpeg 1280w, https:\/\/www.gatineauglidingclub.ca\/wp-content\/uploads\/2024\/12\/20241026_182359583_iOS-Large-300x169.jpeg 300w, https:\/\/www.gatineauglidingclub.ca\/wp-content\/uploads\/2024\/12\/20241026_182359583_iOS-Large-1024x576.jpeg 1024w, https:\/\/www.gatineauglidingclub.ca\/wp-content\/uploads\/2024\/12\/20241026_182359583_iOS-Large-768x432.jpeg 768w, https:\/\/www.gatineauglidingclub.ca\/wp-content\/uploads\/2024\/12\/20241026_182359583_iOS-Large-18x10.jpeg 18w\" sizes=\"auto, (max-width: 1280px) 100vw, 1280px\" \/><\/figure>\n\n\n\n<h4 class=\"wp-block-heading\">Vous ne pouvez pas allez loin et vous d\u00e9pendez du vent<\/h4>\n\n\n\n<p>Contrairement \u00e0 ce que vous pourriez penser, les planeurs volent m\u00eame sans vent.<\/p>\n\n\n\n<p>Leur conception a\u00e9rodynamique et l'utilisation de l'air ascendant plut\u00f4t que du vent horizontal leur permettent de parcourir des centaines voire des milliers de kilom\u00e8tres en un seul vol.<\/p>\n<\/div>\n\n\n\n<div class=\"wp-block-column is-vertically-aligned-stretch is-layout-flow wp-block-column-is-layout-flow\" style=\"flex-basis:33%\">\n<figure class=\"wp-block-image size-full is-style-rounded is-style-rounded--3\"><img loading=\"lazy\" decoding=\"async\" width=\"1280\" height=\"720\" src=\"https:\/\/www.gatineauglidingclub.ca\/wp-content\/uploads\/2024\/12\/20241026_180728968_iOS-Large.jpeg\" alt=\"\" class=\"wp-image-1013\" style=\"aspect-ratio:4\/3;object-fit:cover\" srcset=\"https:\/\/www.gatineauglidingclub.ca\/wp-content\/uploads\/2024\/12\/20241026_180728968_iOS-Large.jpeg 1280w, https:\/\/www.gatineauglidingclub.ca\/wp-content\/uploads\/2024\/12\/20241026_180728968_iOS-Large-300x169.jpeg 300w, https:\/\/www.gatineauglidingclub.ca\/wp-content\/uploads\/2024\/12\/20241026_180728968_iOS-Large-1024x576.jpeg 1024w, https:\/\/www.gatineauglidingclub.ca\/wp-content\/uploads\/2024\/12\/20241026_180728968_iOS-Large-768x432.jpeg 768w, https:\/\/www.gatineauglidingclub.ca\/wp-content\/uploads\/2024\/12\/20241026_180728968_iOS-Large-18x10.jpeg 18w\" sizes=\"auto, (max-width: 1280px) 100vw, 1280px\" \/><\/figure>\n\n\n\n<h4 class=\"wp-block-heading\">C'est juste pour les accros \u00e0 l'adr\u00e9naline<\/h4>\n\n\n\n<p>Bien que le planeur offre un sentiment de libert\u00e9 \u00e0 couper le souffle, les pilotes de planeurs se concentrent sur la s\u00e9curit\u00e9, et donnent la priorit\u00e9 aux comp\u00e9tences et \u00e0 la compr\u00e9hension, plut\u00f4t qu\u2019\u00e0 la prise de risques t\u00e9m\u00e9raires.<\/p>\n\n\n\n<p>Ils pratiquent le vol \u00e0 voile de mani\u00e8re responsable.<\/p>\n<\/div>\n<\/div>\n<\/div>\n\n\n\n<div class=\"wp-block-group alignfull has-accent-2-background-color has-background has-global-padding is-layout-constrained wp-container-core-group-is-layout-f6cc5ae6 wp-block-group-is-layout-constrained\" style=\"margin-top:0;margin-bottom:0;padding-top:var(--wp--preset--spacing--30);padding-right:var(--wp--preset--spacing--50);padding-bottom:var(--wp--preset--spacing--30);padding-left:var(--wp--preset--spacing--50)\">\n<h2 class=\"wp-block-heading has-text-align-center is-style-default\" style=\"margin-top:var(--wp--preset--spacing--30);margin-bottom:var(--wp--preset--spacing--30)\">Comment les planeurs volent-ils?<\/h2>\n\n\n\n<div class=\"wp-block-columns alignwide is-layout-flex wp-container-core-columns-is-layout-1da03c2a wp-block-columns-is-layout-flex\">\n<div class=\"wp-block-column is-vertically-aligned-stretch is-layout-flow wp-block-column-is-layout-flow\" style=\"flex-basis:33%\">\n<figure class=\"wp-block-image size-full is-style-rounded is-style-rounded--4\"><img loading=\"lazy\" decoding=\"async\" width=\"1280\" height=\"720\" src=\"https:\/\/www.gatineauglidingclub.ca\/wp-content\/uploads\/2024\/12\/VID_20240903_153407_00_002_2024-12-31_11-55-05_screenshot-Large.jpeg\" alt=\"\" class=\"wp-image-1163\" style=\"aspect-ratio:4\/3;object-fit:cover\" srcset=\"https:\/\/www.gatineauglidingclub.ca\/wp-content\/uploads\/2024\/12\/VID_20240903_153407_00_002_2024-12-31_11-55-05_screenshot-Large.jpeg 1280w, https:\/\/www.gatineauglidingclub.ca\/wp-content\/uploads\/2024\/12\/VID_20240903_153407_00_002_2024-12-31_11-55-05_screenshot-Large-300x169.jpeg 300w, https:\/\/www.gatineauglidingclub.ca\/wp-content\/uploads\/2024\/12\/VID_20240903_153407_00_002_2024-12-31_11-55-05_screenshot-Large-1024x576.jpeg 1024w, https:\/\/www.gatineauglidingclub.ca\/wp-content\/uploads\/2024\/12\/VID_20240903_153407_00_002_2024-12-31_11-55-05_screenshot-Large-768x432.jpeg 768w, https:\/\/www.gatineauglidingclub.ca\/wp-content\/uploads\/2024\/12\/VID_20240903_153407_00_002_2024-12-31_11-55-05_screenshot-Large-18x10.jpeg 18w\" sizes=\"auto, (max-width: 1280px) 100vw, 1280px\" \/><\/figure>\n\n\n\n<h4 class=\"wp-block-heading\">Ils sont pilot\u00e9s comme n'importe quel autre appareil.<\/h4>\n\n\n\n<p>Les planeurs ont les m\u00eames surfaces de contr\u00f4le que tout autre avion, manipul\u00e9es \u00e0 l'aide d\u2019un manche et de p\u00e9dales de gouvernail, et ont un ensemble d'instruments de vol similaire. <\/p>\n\n\n\n<p>La diff\u00e9rence essentielle est qu'apr\u00e8s le remorqu\u00e9, les pilotes de planeur exploitent la puissance des conditions atmosph\u00e9riques au lieu d'un moteur fournissant de l'\u00e9nergie.<\/p>\n<\/div>\n\n\n\n<div class=\"wp-block-column is-vertically-aligned-stretch is-layout-flow wp-block-column-is-layout-flow\" style=\"flex-basis:33%\">\n<figure class=\"wp-block-image size-full is-style-rounded is-style-rounded--5\"><img loading=\"lazy\" decoding=\"async\" width=\"1280\" height=\"838\" src=\"https:\/\/www.gatineauglidingclub.ca\/wp-content\/uploads\/2024\/12\/thermals.jpeg\" alt=\"\" class=\"wp-image-1168\" style=\"aspect-ratio:4\/3;object-fit:cover\" srcset=\"https:\/\/www.gatineauglidingclub.ca\/wp-content\/uploads\/2024\/12\/thermals.jpeg 1280w, https:\/\/www.gatineauglidingclub.ca\/wp-content\/uploads\/2024\/12\/thermals-300x196.jpeg 300w, https:\/\/www.gatineauglidingclub.ca\/wp-content\/uploads\/2024\/12\/thermals-1024x670.jpeg 1024w, https:\/\/www.gatineauglidingclub.ca\/wp-content\/uploads\/2024\/12\/thermals-768x503.jpeg 768w, https:\/\/www.gatineauglidingclub.ca\/wp-content\/uploads\/2024\/12\/thermals-18x12.jpeg 18w\" sizes=\"auto, (max-width: 1280px) 100vw, 1280px\" \/><\/figure>\n\n\n\n<h4 class=\"wp-block-heading\">Gagnez de l'\u00e9nergie en volant dans des masses d'air ascendantes<\/h4>\n\n\n\n<p>Les planeurs exploitent l'\u00e9nergie de la nature en s'enlevant dans les masses d'air ascendantes telles que les thermiques.<\/p>\n\n\n\n<p>En tournant habilement en cercle \u00e0 l'int\u00e9rieur de ces colonnes thermiques, les pilotes peuvent grimper des milliers de pieds, puis glisser gracieusement vers le prochain thermique, ce qui leur permet de parcourir de longues distances.<\/p>\n<\/div>\n\n\n\n<div class=\"wp-block-column is-vertically-aligned-stretch is-layout-flow wp-block-column-is-layout-flow\" style=\"flex-basis:33%\">\n<figure class=\"wp-block-image size-full is-style-rounded is-style-rounded--6\"><img loading=\"lazy\" decoding=\"async\" width=\"1280\" height=\"720\" src=\"https:\/\/www.gatineauglidingclub.ca\/wp-content\/uploads\/2024\/12\/20231001_184927007_iOS-1721257932056-Large.jpeg\" alt=\"\" class=\"wp-image-1033\" style=\"aspect-ratio:4\/3;object-fit:cover\" srcset=\"https:\/\/www.gatineauglidingclub.ca\/wp-content\/uploads\/2024\/12\/20231001_184927007_iOS-1721257932056-Large.jpeg 1280w, https:\/\/www.gatineauglidingclub.ca\/wp-content\/uploads\/2024\/12\/20231001_184927007_iOS-1721257932056-Large-300x169.jpeg 300w, https:\/\/www.gatineauglidingclub.ca\/wp-content\/uploads\/2024\/12\/20231001_184927007_iOS-1721257932056-Large-1024x576.jpeg 1024w, https:\/\/www.gatineauglidingclub.ca\/wp-content\/uploads\/2024\/12\/20231001_184927007_iOS-1721257932056-Large-768x432.jpeg 768w, https:\/\/www.gatineauglidingclub.ca\/wp-content\/uploads\/2024\/12\/20231001_184927007_iOS-1721257932056-Large-18x10.jpeg 18w\" sizes=\"auto, (max-width: 1280px) 100vw, 1280px\" \/><\/figure>\n\n\n\n<h4 class=\"wp-block-heading\">C'est comme une partie d'\u00e9checs<\/h4>\n\n\n\n<p>Comme les joueurs d'\u00e9checs experts qui planifient leurs mouvements, les pilotes de planeurs doivent lire les indices subtils de la m\u00e9t\u00e9o pour d\u00e9cider o\u00f9 voler afin de maximiser la distance et la vitesse.<\/p>\n<\/div>\n<\/div>\n<\/div>\n\n\n\n<div class=\"wp-block-group alignfull has-accent-3-background-color has-background has-global-padding is-layout-constrained wp-container-core-group-is-layout-f6cc5ae6 wp-block-group-is-layout-constrained\" style=\"margin-top:0;margin-bottom:0;padding-top:var(--wp--preset--spacing--30);padding-right:var(--wp--preset--spacing--50);padding-bottom:var(--wp--preset--spacing--30);padding-left:var(--wp--preset--spacing--50)\">\n<h2 class=\"wp-block-heading has-text-align-center is-style-default\" style=\"margin-top:var(--wp--preset--spacing--30);margin-bottom:var(--wp--preset--spacing--30)\">Comment fonctionne un club de planeur ?<\/h2>\n\n\n\n<div class=\"wp-block-columns alignwide is-layout-flex wp-container-core-columns-is-layout-1da03c2a wp-block-columns-is-layout-flex\">\n<div class=\"wp-block-column is-vertically-aligned-stretch is-layout-flow wp-block-column-is-layout-flow\" style=\"flex-basis:33%\">\n<figure class=\"wp-block-image size-full is-style-rounded is-style-rounded--7\"><img loading=\"lazy\" decoding=\"async\" width=\"1280\" height=\"852\" src=\"https:\/\/www.gatineauglidingclub.ca\/wp-content\/uploads\/2024\/11\/20230820AEZB0000D017-Large-1.jpeg\" alt=\"\" class=\"wp-image-311\" style=\"aspect-ratio:4\/3;object-fit:cover\" srcset=\"https:\/\/www.gatineauglidingclub.ca\/wp-content\/uploads\/2024\/11\/20230820AEZB0000D017-Large-1.jpeg 1280w, https:\/\/www.gatineauglidingclub.ca\/wp-content\/uploads\/2024\/11\/20230820AEZB0000D017-Large-1-300x200.jpeg 300w, https:\/\/www.gatineauglidingclub.ca\/wp-content\/uploads\/2024\/11\/20230820AEZB0000D017-Large-1-1024x682.jpeg 1024w, https:\/\/www.gatineauglidingclub.ca\/wp-content\/uploads\/2024\/11\/20230820AEZB0000D017-Large-1-768x511.jpeg 768w, https:\/\/www.gatineauglidingclub.ca\/wp-content\/uploads\/2024\/11\/20230820AEZB0000D017-Large-1-18x12.jpeg 18w\" sizes=\"auto, (max-width: 1280px) 100vw, 1280px\" \/><\/figure>\n\n\n\n<h4 class=\"wp-block-heading\">C'est un sport d'\u00e9quipe<\/h4>\n\n\n\n<p>Chaque r\u00f4le est crucial pour que les op\u00e9rations de vol fonctionnent, des inspections quotidiennes (DI),\u00e0 la pr\u00e9paration des planeurs pour le lancement, leur r\u00e9cup\u00e9ration apr\u00e8s l\u2019atterrissage et l'enregistrement des informations sur les vols.<\/p>\n\n\n\n<p><br>Tout le monde participe dans une atmosph\u00e8re accueillante, et cela maintient les co\u00fbts abordables pour que tous les passionn\u00e9s puissent en profiter.<\/p>\n<\/div>\n\n\n\n<div class=\"wp-block-column is-vertically-aligned-stretch is-layout-flow wp-block-column-is-layout-flow\" style=\"flex-basis:33%\">\n<figure class=\"wp-block-image size-full is-style-rounded is-style-rounded--8\"><img decoding=\"async\" src=\"https:\/\/www.gatineauglidingclub.ca\/wp-content\/uploads\/2024\/12\/IMG_3336.heic\" alt=\"\" class=\"wp-image-1115\" style=\"aspect-ratio:4\/3;object-fit:cover\"\/><\/figure>\n\n\n\n<h4 class=\"wp-block-heading\">Se concentrer sur l'apprentissage et la s\u00e9curit\u00e9<\/h4>\n\n\n\n<p>Le fondement du club est l'instruction, de l'accueil des d\u00e9butants au perfectionnement des pilotes chevronn\u00e9s.<\/p>\n\n\n\n<p>La s\u00e9curit\u00e9 n'est pas seulement une priorit\u00e9, c\u2019est le battement de c\u0153ur m\u00eame du club, impr\u00e9gnant tous les aspects de nos op\u00e9rations.<\/p>\n<\/div>\n\n\n\n<div class=\"wp-block-column is-vertically-aligned-stretch is-layout-flow wp-block-column-is-layout-flow\" style=\"flex-basis:33%\">\n<figure class=\"wp-block-image size-full is-style-rounded is-style-rounded--9\"><img loading=\"lazy\" decoding=\"async\" width=\"1280\" height=\"960\" src=\"https:\/\/www.gatineauglidingclub.ca\/wp-content\/uploads\/2024\/12\/IMG_1016-Large.jpeg\" alt=\"\" class=\"wp-image-1141\" style=\"aspect-ratio:4\/3;object-fit:cover\" srcset=\"https:\/\/www.gatineauglidingclub.ca\/wp-content\/uploads\/2024\/12\/IMG_1016-Large.jpeg 1280w, https:\/\/www.gatineauglidingclub.ca\/wp-content\/uploads\/2024\/12\/IMG_1016-Large-300x225.jpeg 300w, https:\/\/www.gatineauglidingclub.ca\/wp-content\/uploads\/2024\/12\/IMG_1016-Large-1024x768.jpeg 1024w, https:\/\/www.gatineauglidingclub.ca\/wp-content\/uploads\/2024\/12\/IMG_1016-Large-768x576.jpeg 768w, https:\/\/www.gatineauglidingclub.ca\/wp-content\/uploads\/2024\/12\/IMG_1016-Large-16x12.jpeg 16w\" sizes=\"auto, (max-width: 1280px) 100vw, 1280px\" \/><\/figure>\n\n\n\n<h4 class=\"wp-block-heading\">Ressources partag\u00e9es<\/h4>\n\n\n\n<p>Les membres b\u00e9n\u00e9ficient de l\u2019acc\u00e8s \u00e0 des ressources partag\u00e9es comme les planeurs par le biais d'un syst\u00e8me de location, favorisant la communaut\u00e9 et l'abordabilit\u00e9.<\/p>\n\n\n\n<p>Alternativement, les membres peuvent garder leurs propres planeurs dans notre hangar.<\/p>\n<\/div>\n<\/div>\n<\/div>\n\n\n\n<div class=\"wp-block-group alignfull has-base-color has-accent-4-background-color has-text-color has-background has-link-color wp-elements-d7b61cc7250adf9a2ad5d3bb0b00f212 has-global-padding is-layout-constrained wp-container-core-group-is-layout-f6cc5ae6 wp-block-group-is-layout-constrained\" style=\"margin-top:0;margin-bottom:0;padding-top:var(--wp--preset--spacing--30);padding-right:var(--wp--preset--spacing--50);padding-bottom:var(--wp--preset--spacing--30);padding-left:var(--wp--preset--spacing--50)\">\n<h2 class=\"wp-block-heading has-text-align-center is-style-default has-base-color has-text-color has-link-color wp-elements-24d590daf6b5476d4b0aecee5bd314c0\" style=\"margin-top:var(--wp--preset--spacing--30);margin-bottom:var(--wp--preset--spacing--30)\">En savoir plus<\/h2>\n\n\n\n<div class=\"wp-block-buttons is-content-justification-center is-layout-flex wp-container-core-buttons-is-layout-a89b3969 wp-block-buttons-is-layout-flex\">\n<div class=\"wp-block-button\"><a class=\"wp-block-button__link wp-element-button\" href=\"https:\/\/www.gatineauglidingclub.ca\/fr\/learn\/resources\/\">Ressources pour apprendre \u00e0 piloter les planeurs &gt;<\/a><\/div>\n<\/div>\n<\/div>\n\n\n\n<p><\/p>","protected":false},"excerpt":{"rendered":"<p>Misconceptions Affordability Gliding is an affordable way to fly compared to powered aviation. It&#8217;s accessible due to collective effort and shared costs within the club, and there are programs available to get youth involved. You can&#8217;t go far and are reliant on the wind Contrary to what you might think, gliders don&#8217;t plummet if the [&hellip;]<\/p>\n","protected":false},"author":1,"featured_media":0,"parent":13,"menu_order":3,"comment_status":"closed","ping_status":"closed","template":"","meta":{"footnotes":""},"class_list":["post-37","page","type-page","status-publish","hentry"],"_links":{"self":[{"href":"https:\/\/www.gatineauglidingclub.ca\/fr\/wp-json\/wp\/v2\/pages\/37","targetHints":{"allow":["GET"]}}],"collection":[{"href":"https:\/\/www.gatineauglidingclub.ca\/fr\/wp-json\/wp\/v2\/pages"}],"about":[{"href":"https:\/\/www.gatineauglidingclub.ca\/fr\/wp-json\/wp\/v2\/types\/page"}],"author":[{"embeddable":true,"href":"https:\/\/www.gatineauglidingclub.ca\/fr\/wp-json\/wp\/v2\/users\/1"}],"replies":[{"embeddable":true,"href":"https:\/\/www.gatineauglidingclub.ca\/fr\/wp-json\/wp\/v2\/comments?post=37"}],"version-history":[{"count":49,"href":"https:\/\/www.gatineauglidingclub.ca\/fr\/wp-json\/wp\/v2\/pages\/37\/revisions"}],"predecessor-version":[{"id":2711,"href":"https:\/\/www.gatineauglidingclub.ca\/fr\/wp-json\/wp\/v2\/pages\/37\/revisions\/2711"}],"up":[{"embeddable":true,"href":"https:\/\/www.gatineauglidingclub.ca\/fr\/wp-json\/wp\/v2\/pages\/13"}],"wp:attachment":[{"href":"https:\/\/www.gatineauglidingclub.ca\/fr\/wp-json\/wp\/v2\/media?parent=37"}],"curies":[{"name":"wp","href":"https:\/\/api.w.org\/{rel}","templated":true}]}}