{"id":33,"date":"2024-11-15T08:16:12","date_gmt":"2024-11-15T13:16:12","guid":{"rendered":"https:\/\/www.gatineauglidingclub.ca\/?page_id=33"},"modified":"2025-08-29T09:37:15","modified_gmt":"2025-08-29T14:37:15","slug":"experience","status":"publish","type":"page","link":"https:\/\/www.gatineauglidingclub.ca\/fr\/gliding\/experience\/","title":{"rendered":"Vol d'initiation"},"content":{"rendered":"<div class=\"wp-block-group alignfull has-base-color has-accent-4-background-color has-text-color has-background has-link-color wp-elements-70f62eb21260cd4c231fae9d6f2b32cc has-global-padding is-layout-constrained wp-container-core-group-is-layout-d89aad35 wp-block-group-is-layout-constrained\" style=\"margin-top:0;margin-bottom:0;padding-top:var(--wp--preset--spacing--50);padding-right:var(--wp--preset--spacing--50);padding-bottom:var(--wp--preset--spacing--50);padding-left:var(--wp--preset--spacing--50)\">\n<div class=\"wp-block-columns alignwide is-layout-flex wp-container-core-columns-is-layout-1da03c2a wp-block-columns-is-layout-flex\">\n<div class=\"wp-block-column is-layout-flow wp-block-column-is-layout-flow\" style=\"flex-basis:50%\">\n<h2 class=\"wp-block-heading has-base-color has-text-color has-link-color wp-elements-777ae7cb743b87ef4fbf60a37131c384\">Venez vivre une exp\u00e9rience extraordinaire en survolant les paysages magnifiques de l'est de l'Ontario depuis l'a\u00e9rodrome de Pendleton.<\/h2>\n\n\n\n<p>Que vous soyez curieux de voler dans un planeur ou int\u00e9ress\u00e9 \u00e0 devenir pilote agr\u00e9\u00e9, un vol d'introduction vous permettra d'appr\u00e9cier cette  activit\u00e9 merveilleuse.<\/p>\n\n\n\n<div class=\"wp-block-buttons is-layout-flex wp-block-buttons-is-layout-flex\">\n<div class=\"wp-block-button\"><a class=\"wp-block-button__link has-contrast-2-background-color has-background has-medium-font-size has-custom-font-size wp-element-button\" href=\"https:\/\/www.gatineauglidingclub.ca\/fr\/plan-for-intro-flight\/\">Comment planifier votre journ\u00e9e et \u00e0 quoi vous attendre &gt;<\/a><\/div>\n<\/div>\n<\/div>\n\n\n\n<div class=\"wp-block-column is-vertically-aligned-top is-layout-flow wp-block-column-is-layout-flow\" style=\"flex-basis:50%\">\n<figure class=\"wp-block-image size-full is-style-rounded is-style-rounded--1\"><img loading=\"lazy\" decoding=\"async\" width=\"1280\" height=\"720\" src=\"https:\/\/www.gatineauglidingclub.ca\/wp-content\/uploads\/2024\/12\/20240928_175049155_iOS-Large-4.jpg\" alt=\"\" class=\"wp-image-1104\" style=\"aspect-ratio:4\/3;object-fit:cover\" srcset=\"https:\/\/www.gatineauglidingclub.ca\/wp-content\/uploads\/2024\/12\/20240928_175049155_iOS-Large-4.jpg 1280w, https:\/\/www.gatineauglidingclub.ca\/wp-content\/uploads\/2024\/12\/20240928_175049155_iOS-Large-4-300x169.jpg 300w, https:\/\/www.gatineauglidingclub.ca\/wp-content\/uploads\/2024\/12\/20240928_175049155_iOS-Large-4-1024x576.jpg 1024w, https:\/\/www.gatineauglidingclub.ca\/wp-content\/uploads\/2024\/12\/20240928_175049155_iOS-Large-4-768x432.jpg 768w, https:\/\/www.gatineauglidingclub.ca\/wp-content\/uploads\/2024\/12\/20240928_175049155_iOS-Large-4-18x10.jpg 18w\" sizes=\"auto, (max-width: 1280px) 100vw, 1280px\" \/><\/figure>\n<\/div>\n<\/div>\n<\/div>\n\n\n\n<div class=\"wp-block-group alignfull has-contrast-color has-accent-3-background-color has-text-color has-background has-link-color wp-elements-24459b0f3650a9eb6a20a3bad637577b has-global-padding is-layout-constrained wp-container-core-group-is-layout-d89aad35 wp-block-group-is-layout-constrained\" style=\"margin-top:0;margin-bottom:0;padding-top:var(--wp--preset--spacing--50);padding-right:var(--wp--preset--spacing--50);padding-bottom:var(--wp--preset--spacing--50);padding-left:var(--wp--preset--spacing--50)\">\n<div class=\"wp-block-columns alignwide is-layout-flex wp-container-core-columns-is-layout-1da03c2a wp-block-columns-is-layout-flex\">\n<div class=\"wp-block-column is-layout-flow wp-block-column-is-layout-flow\" style=\"flex-basis:100%\">\n<h4 class=\"wp-block-heading has-text-align-center\">Vous savez d\u00e9j\u00e0 que vous voulez devenir pilote?<\/h4>\n\n\n\n<p class=\"has-text-align-center\">Sauter le vol d'introduction et commencez d\u00e8s maintenant.<\/p>\n\n\n\n<div class=\"wp-block-buttons is-content-justification-center is-layout-flex wp-container-core-buttons-is-layout-a89b3969 wp-block-buttons-is-layout-flex\">\n<div class=\"wp-block-button\"><a class=\"wp-block-button__link wp-element-button\" href=\"https:\/\/www.gatineauglidingclub.ca\/fr\/learn\/\">D\u00e9couvrez notre programme de formation &gt;<\/a><\/div>\n<\/div>\n<\/div>\n<\/div>\n<\/div>\n\n\n\n<div class=\"wp-block-group alignfull has-base-color has-accent-background-color has-text-color has-background has-link-color wp-elements-503246b60a56900ae86f287921ca555e has-global-padding is-layout-constrained wp-container-core-group-is-layout-d89aad35 wp-block-group-is-layout-constrained\" style=\"margin-top:0;margin-bottom:0;padding-top:var(--wp--preset--spacing--50);padding-right:var(--wp--preset--spacing--50);padding-bottom:var(--wp--preset--spacing--50);padding-left:var(--wp--preset--spacing--50)\">\n<div class=\"wp-block-columns alignwide is-layout-flex wp-container-core-columns-is-layout-4935966c wp-block-columns-is-layout-flex\" style=\"padding-right:0;padding-left:0\">\n<div class=\"wp-block-column has-base-color has-contrast-background-color has-text-color has-background has-link-color wp-elements-78edaa26c5351321328a16ddc275f6c4 is-layout-flow wp-block-column-is-layout-flow\" style=\"border-radius:9px;padding-top:var(--wp--preset--spacing--10);padding-right:var(--wp--preset--spacing--20);padding-bottom:var(--wp--preset--spacing--10);padding-left:var(--wp--preset--spacing--20);flex-basis:100%\">\n<h2 class=\"wp-block-heading has-base-color has-text-color has-link-color wp-elements-c7654b3cadba506fbf65b66ef7778386\">Vol d'initiation<\/h2>\n\n\n\n<p>Vivez un vol \u00e0 couper le souffle de 15 \u00e0 20 minutes au-dessus de l\u2019Est de l\u2019Ontario.<\/p>\n\n\n\n<ul class=\"wp-block-list\">\n<li>D\u00e9couvrez ce que c'est de voler dans un planeur<\/li>\n\n\n\n<li>Valable 1 an de la date d'achat<\/li>\n<\/ul>\n\n\n\n<p>(Tous les prix incluent la TPS)<\/p>\n\n\n\n<h4 class=\"wp-block-heading has-contrast-3-color has-text-color has-link-color wp-elements-25d14d99d867ad1eac88553271f0280a\">Saison de vol<\/h4>\n\n\n\n<p>Veuillez noter que tous les bons de vol achet\u00e9s durant la basse saison, de novembre \u00e0 avril, peuvent \u00eatre utilis\u00e9s pour un vol au printemps ou en \u00e9t\u00e9.<\/p>\n\n\n\n\n\n<p class=\"has-text-align-right has-base-2-color has-text-color has-link-color wp-elements-e63603782247d0677729006266c20dcc\" style=\"font-size:clamp(2.2rem, 2.2rem + ((1vw - 0.2rem) * 3), 4rem);line-height:1\"><strong>200$<\/strong><\/p>\n\n\n\n<div class=\"wp-block-buttons is-content-justification-right is-layout-flex wp-container-core-buttons-is-layout-d445cf74 wp-block-buttons-is-layout-flex\">\n<div class=\"wp-block-button\"><a class=\"wp-block-button__link has-base-2-background-color has-background wp-element-button\" href=\"https:\/\/www.gatineauglidingclub.ca\/fr\/buy-introductory-flight\/\">Acheter maintenant<\/a><\/div>\n<\/div>\n<\/div>\n<\/div>\n<\/div>","protected":false},"excerpt":{"rendered":"<p>Come live an extraordinary experience by flying above the magnificent scenery of eastern Ontario from the Pendleton airfield. Whether you\u2019re curious about flying in a glider or interested in becoming a licensed pilot, an introductory flight will allow you to appreciate this wonderful activity. Already know you want to become a glider pilot? Skip the [&hellip;]<\/p>\n","protected":false},"author":1,"featured_media":0,"parent":13,"menu_order":1,"comment_status":"closed","ping_status":"closed","template":"","meta":{"footnotes":""},"class_list":["post-33","page","type-page","status-publish","hentry"],"_links":{"self":[{"href":"https:\/\/www.gatineauglidingclub.ca\/fr\/wp-json\/wp\/v2\/pages\/33","targetHints":{"allow":["GET"]}}],"collection":[{"href":"https:\/\/www.gatineauglidingclub.ca\/fr\/wp-json\/wp\/v2\/pages"}],"about":[{"href":"https:\/\/www.gatineauglidingclub.ca\/fr\/wp-json\/wp\/v2\/types\/page"}],"author":[{"embeddable":true,"href":"https:\/\/www.gatineauglidingclub.ca\/fr\/wp-json\/wp\/v2\/users\/1"}],"replies":[{"embeddable":true,"href":"https:\/\/www.gatineauglidingclub.ca\/fr\/wp-json\/wp\/v2\/comments?post=33"}],"version-history":[{"count":38,"href":"https:\/\/www.gatineauglidingclub.ca\/fr\/wp-json\/wp\/v2\/pages\/33\/revisions"}],"predecessor-version":[{"id":3017,"href":"https:\/\/www.gatineauglidingclub.ca\/fr\/wp-json\/wp\/v2\/pages\/33\/revisions\/3017"}],"up":[{"embeddable":true,"href":"https:\/\/www.gatineauglidingclub.ca\/fr\/wp-json\/wp\/v2\/pages\/13"}],"wp:attachment":[{"href":"https:\/\/www.gatineauglidingclub.ca\/fr\/wp-json\/wp\/v2\/media?parent=33"}],"curies":[{"name":"wp","href":"https:\/\/api.w.org\/{rel}","templated":true}]}}