{"id":322,"date":"2024-11-27T19:55:10","date_gmt":"2024-11-28T00:55:10","guid":{"rendered":"https:\/\/www.gatineauglidingclub.ca\/?page_id=322"},"modified":"2025-06-22T16:43:01","modified_gmt":"2025-06-22T21:43:01","slug":"faq","status":"publish","type":"page","link":"https:\/\/www.gatineauglidingclub.ca\/fr\/about\/faq\/","title":{"rendered":"FAQ"},"content":{"rendered":"<div class=\"wp-block-group alignfull has-accent-2-background-color has-background has-global-padding is-layout-constrained wp-container-core-group-is-layout-669513ed wp-block-group-is-layout-constrained\" style=\"margin-top:0;margin-bottom:0;padding-top:var(--wp--preset--spacing--50);padding-right:var(--wp--preset--spacing--50);padding-bottom:var(--wp--preset--spacing--50);padding-left:var(--wp--preset--spacing--50)\">\n<h2 class=\"wp-block-heading alignwide has-accent-4-color has-text-color has-link-color wp-elements-1175b35398a96686b086e66cbaca36ef\" style=\"font-size:clamp(4.509rem, 4.509rem + ((1vw - 0.2rem) * 9.152), 10rem);letter-spacing:-0.02em\">FAQs<\/h2>\n\n\n\n<div class=\"wp-block-columns alignwide is-layout-flex wp-container-core-columns-is-layout-1da03c2a wp-block-columns-is-layout-flex\">\n<div class=\"wp-block-column is-vertically-aligned-stretch is-layout-flow wp-block-column-is-layout-flow\" style=\"flex-basis:50%\">\n<h2 class=\"wp-block-heading has-base-2-color has-text-color has-link-color wp-elements-b82d3f950aaccc84af663a98c856519d\">Langue<\/h2>\n\n\n\n<details class=\"wp-block-details has-medium-font-size is-layout-flow wp-block-details-is-layout-flow\" style=\"font-style:normal;font-weight:500\"><summary>Je suis francophone. Est-ce quil y a les maitres instructeurs fran\u00e7ais a GGC?<\/summary>\n<p class=\"has-accent-5-color has-text-color has-link-color wp-elements-ac6e32bf09fa9e49f93be1ace6f14078\" style=\"font-style:normal;font-weight:400\">Oui! Nous avons le plus grand nombre de pilotes de planeurs qui sont nos instructeurs et membres qui sont fran\u00e7ais au parlent fran\u00e7ais Canada.<\/p>\n\n\n<\/details>\n\n\n\n<h2 class=\"wp-block-heading has-base-2-color has-text-color has-link-color wp-elements-6474b379b873f2ad943828b603d6f2fc\">Advancing my training<\/h2>\n\n\n\n\n\n<details class=\"wp-block-details has-medium-font-size is-layout-flow wp-block-details-is-layout-flow\" style=\"font-style:normal;font-weight:500\"><summary>I want to be a commercial airline pilot. How will flying a glider help me?&nbsp;<\/summary>\n<p class=\"has-accent-5-color has-text-color has-link-color wp-elements-e66a6fd07e7b404472e5662221f5d413\" style=\"font-style:normal;font-weight:400\">Flying gliders gives a pilot experience is flying aerodynamics and flying mechanics. It is also more affordable to start by learning to fly a glider than to learn to fly a power plane.<\/p>\n<\/details>\n\n\n\n<details class=\"wp-block-details has-medium-font-size is-layout-flow wp-block-details-is-layout-flow\" style=\"font-style:normal;font-weight:500\"><summary>What are careers in aviation I can explore through gliding?<\/summary>\n<p class=\"has-accent-5-color has-text-color has-link-color wp-elements-1c84b9c410b2eb0af6b75fad008d0af1\" style=\"font-style:normal;font-weight:400\">Air traffic controllers, aeronautic maintenance engineer (AME), airport personnel, pilots etc.<\/p>\n<\/details>\n\n\n\n<h2 class=\"wp-block-heading has-base-2-color has-text-color has-link-color wp-elements-c3f4cf50c4e9e4b03c8e8f51ba664a26\">Co\u00fbt<\/h2>\n\n\n\n<details class=\"wp-block-details has-medium-font-size is-layout-flow wp-block-details-is-layout-flow\" style=\"font-style:normal;font-weight:500\"><summary>How much does it cost to get a full glider license?<\/summary>\n<p class=\"has-accent-5-color has-text-color has-link-color wp-elements-7df7863e248fbc3576ea4979cb64fdc7\" style=\"font-style:normal;font-weight:400\">The total cost is typically $3000-$6000, depending on how quickly you advance in your training.<\/p>\n<\/details>\n\n\n\n<details class=\"wp-block-details has-medium-font-size is-layout-flow wp-block-details-is-layout-flow\" style=\"font-style:normal;font-weight:500\"><summary>I\u2019m not sure if I\u2019m gonna really like it. How can I try it without making a big financial commitment?<\/summary>\n<p class=\"has-accent-5-color has-text-color has-link-color wp-elements-74d62d388ca81e25e3d904e1ec8686bd\" style=\"font-style:normal;font-weight:400\">We offer 5-pack trial packages. Or if you are a qualifying young person, a youth membership is less expensive than a five flight pack.<\/p>\n<\/details>\n\n\n\n<details class=\"wp-block-details has-medium-font-size is-layout-flow wp-block-details-is-layout-flow\" style=\"font-style:normal;font-weight:500\"><summary>Is it more expensive to learn how to fly a glider or to learn how to fly a power aircraft?<\/summary>\n<p class=\"has-accent-5-color has-text-color has-link-color wp-elements-f9ffff43ab867c236cec91b1d7c6cae7\" style=\"font-style:normal;font-weight:400\">It is a lot less expensive to learn to fly gliders since most gliding clubs operate through volunteers.&nbsp;<\/p>\n<\/details>\n\n\n\n<details class=\"wp-block-details has-medium-font-size is-layout-flow wp-block-details-is-layout-flow\" style=\"font-style:normal;font-weight:500\"><summary>Can I get a refund for the remainder of my season membership?<\/summary>\n<p class=\"has-accent-5-color has-text-color has-link-color wp-elements-3758da23028b5a77e615439b393b16cf\" style=\"font-style:normal;font-weight:400\">We do not provide refunds on season memberships or flight packages. There is the exception that you are medically unable to continue to fly, the membership fee would be prorated from April 1 and 50% of the remainder would be refunded. A medical certificate from your doctor would be required.<\/p>\n<\/details>\n\n\n\n<h2 class=\"wp-block-heading has-base-2-color has-text-color has-link-color wp-elements-14b20e9978063de1c06bacaebbd90b6d\">Youth<\/h2>\n\n\n\n<details class=\"wp-block-details has-medium-font-size is-layout-flow wp-block-details-is-layout-flow\" style=\"font-style:normal;font-weight:500\"><summary>Does GCC provide any promotions for youth?&nbsp;<\/summary>\n<p class=\"has-accent-5-color has-text-color has-link-color wp-elements-fd7a2f5af061ab5dfac1274477bacd27\" style=\"font-style:normal;font-weight:400\">Yes. There is a discounted membership fee, promotion of tow fees prior to 11am, possibility to access bursaries from SAC and the club.&nbsp;<\/p>\n<\/details>\n\n\n\n<details class=\"wp-block-details has-medium-font-size is-layout-flow wp-block-details-is-layout-flow\" style=\"font-style:normal;font-weight:500\"><summary>Does the GCC provide any bursaries for youth to cover flying expenses?&nbsp;<\/summary>\n<p class=\"has-accent-5-color has-text-color has-link-color wp-elements-8aff1ed6a0204afca33c7adf5cb9a2b1\" style=\"font-style:normal;font-weight:400\">Yes, there is a youth bursary available for full-time students under 25 years old.<\/p>\n<\/details>\n\n\n\n<details class=\"wp-block-details has-medium-font-size is-layout-flow wp-block-details-is-layout-flow\" style=\"font-style:normal;font-weight:500\"><summary>What is the minimum age to get started as a student?&nbsp;<\/summary>\n<p class=\"has-accent-5-color has-text-color has-link-color wp-elements-a808831ed5dff83b1ff040ed30d69659\" style=\"font-style:normal;font-weight:400\">The minimum age to start gliding is 14 years old.<\/p>\n<\/details>\n\n\n\n<h2 class=\"wp-block-heading has-base-2-color has-text-color has-link-color wp-elements-f6ae7529ebddcde58551d673c10577d3\">Accessibility<\/h2>\n\n\n\n<details class=\"wp-block-details has-medium-font-size is-layout-flow wp-block-details-is-layout-flow\" style=\"font-style:normal;font-weight:500\"><summary>I don\u2019t have a car to drive to Pendleton aerodrome. Is there a way I can carpool with other members who are driving out?<\/summary>\n<p class=\"has-accent-5-color has-text-color has-link-color wp-elements-1e0ddf5f4670f3f95f3433412a58c983\" style=\"font-style:normal;font-weight:400\">The club uses an application called click &#8216;n glide for communication if a new member needs a ride, they would post the request on click and glide for the day they are flying.<\/p>\n<\/details>\n\n\n\n<details class=\"wp-block-details has-medium-font-size is-layout-flow wp-block-details-is-layout-flow\" style=\"font-style:normal;font-weight:500\"><summary>I don\u2019t have 20:20 vision. Does this affect whether I can fly a glider?<\/summary>\n<p class=\"has-accent-5-color has-text-color has-link-color wp-elements-a08a95fe0bc86369617b003b5c33c2a8\" style=\"font-style:normal;font-weight:400\">If you have a visual correction, you can still fly using your glasses. Like a car license, this would be noted on your glider pilot license. However, you will need to pass certain visual acuity tests if you wish to obtain a Category 3 medical certificate, which is necessary for certain things like becoming an instructor.<\/p>\n<\/details>\n\n\n\n<details class=\"wp-block-details has-medium-font-size is-layout-flow wp-block-details-is-layout-flow\" style=\"font-style:normal;font-weight:500\"><summary>I cannot use my legs. Can I still fly in a glider?<\/summary>\n<p class=\"has-accent-5-color has-text-color has-link-color wp-elements-845223368f3599edcc17f1a805e3c9d8\" style=\"font-style:normal;font-weight:400\">Yes. You can fly as a passenger in the front seat of a two seated glider. However, you will not be able to fly solo without special accessibility equipment to manipulate the foot pedals which control the rudder.<\/p>\n<\/details>\n\n\n\n<details class=\"wp-block-details has-medium-font-size is-layout-flow wp-block-details-is-layout-flow\" style=\"font-style:normal;font-weight:500\"><summary>I have experienced motion sickness. Can I still become a pilot?&nbsp;<\/summary>\n<p class=\"has-accent-5-color has-text-color has-link-color wp-elements-eb02171f607a533d626a35f77227852f\" style=\"font-style:normal;font-weight:400\">Yes. New pilots sometimes get motion sickness. However, pilots report that motion sickness goes away when they take the glider controls and motion sickness generally after a few flights.&nbsp;<\/p>\n<\/details>\n\n\n\n<details class=\"wp-block-details has-medium-font-size is-layout-flow wp-block-details-is-layout-flow\" style=\"font-style:normal;font-weight:500\"><summary>I get motion sickness, can I just take some gravol?&nbsp;<\/summary>\n<p class=\"has-accent-5-color has-text-color has-link-color wp-elements-d44af93f8ac813306cd1740e82b67103\" style=\"font-style:normal;font-weight:400\">As a pilot, no. Pilots, especially those learning to fly need to stay alert. Therefore, it is not permitted to take any medication that causes sleepiness while piloting an aircraft.<\/p>\n<\/details>\n\n\n\n<details class=\"wp-block-details has-medium-font-size is-layout-flow wp-block-details-is-layout-flow\" style=\"font-style:normal;font-weight:500\"><summary>Are there any medical requirements for a glider license?<\/summary>\n<p class=\"has-accent-5-color has-text-color has-link-color wp-elements-b5348785621c1efbf411906585297131\" style=\"font-style:normal;font-weight:400\">There is a category 4 medical form with conditions that disqualify a person from being licensed as a glider pilot. &nbsp;<\/p>\n<\/details>\n\n\n\n<details class=\"wp-block-details has-medium-font-size is-layout-flow wp-block-details-is-layout-flow\" style=\"font-style:normal;font-weight:500\"><summary>Un pilote qui a perdu son certificat m\u00e9dical peut-il continuer \u00e0 voler ?<\/summary>\n<p class=\"has-accent-5-color has-text-color has-link-color wp-elements-a95551c2a38f9ca51683d4f655eb2666\" style=\"font-style:normal;font-weight:400\">Tout pilote qui a perdu sa GPL en raison d'un probl\u00e8me m\u00e9dical est interdit de voler seul. Alors pour voler au CVVG, vous devrez voler au debut dans un planeur bi-places avec un instructeur. Seulement apr\u00e8s un check-out complet, serez-vous autoris\u00e9 \u00e0 voler avec en position P2 avec un autre pilote membre de club pleinement qualifi\u00e9 qui est le P1 et le PIC.Ce pilote membre du club enti\u00e8rement qualifi\u00e9 doit :<br><br>\u2022 D\u00e9tenir une licence de pilote de planeur valide et un certificat\nm\u00e9dical<br><br>\u2022 R\u00e9pondre aux exigences de r\u00e9cence de CAR 401.05<br><br>\u2022 Respecter les exigences suppl\u00e9mentaires de d\u00e9part des passagers du GGC d\u00e9crites dans le manuel de l'instructeur du club<\/p>\n<\/details>\n\n\n\n<details class=\"wp-block-details has-medium-font-size is-layout-flow wp-block-details-is-layout-flow\" style=\"font-style:normal;font-weight:500\"><summary>I\u2019m not good in science or math. Can I still learn to fly?<\/summary>\n<p class=\"has-accent-5-color has-text-color has-link-color wp-elements-e48fe0a9e34c38c19becf6d100230e6c\" style=\"font-style:normal;font-weight:400\">Yes. Gliders appeal to a broad range of people. No specific education is required. However, to obtain a glider license, a student needs to participate in glider education and pass multiple-choice glider exam administered by transport Canada.<\/p>\n<\/details>\n<\/div>\n\n\n\n<div class=\"wp-block-column is-vertically-aligned-stretch is-layout-flow wp-block-column-is-layout-flow\" style=\"flex-basis:50%\">\n<h2 class=\"wp-block-heading has-base-2-color has-text-color has-link-color wp-elements-d52d14f04d467df6866a6f8eb8da95d4\">Club activities<\/h2>\n\n\n\n<details class=\"wp-block-details has-medium-font-size is-layout-flow wp-block-details-is-layout-flow\" style=\"font-style:normal;font-weight:500\"><summary>&nbsp;I don\u2019t know anybody else at the GGC. Does the club host social events so I can get to know other people?&nbsp;<\/summary>\n<p class=\"has-accent-5-color has-text-color has-link-color wp-elements-c7862f04d87648fb5dedc9e472f03758\" style=\"font-style:normal;font-weight:400\">Yes, the club has several organized social events throughout the year, along with informal social gatherings at the end of most flying days.<\/p>\n<\/details>\n\n\n\n<h2 class=\"wp-block-heading has-base-2-color has-text-color has-link-color wp-elements-30dd68a55ac058bfe4177f5821b18fa4\">Being a student<\/h2>\n\n\n\n<details class=\"wp-block-details has-medium-font-size is-layout-flow wp-block-details-is-layout-flow\" style=\"font-style:normal;font-weight:500\"><summary>How long does it take to get a glider pilot license?<\/summary>\n<p class=\"has-accent-5-color has-text-color has-link-color wp-elements-7e18f4f9ef73b1fc6d86da0d2783256a\" style=\"font-style:normal;font-weight:400\">&nbsp;It takes 1-2 seasons and a range of approximately 50 &#8211; 80 flights. &nbsp;It depends on when you start flying in the season, how often you come, and how quickly you progress through the lessons. <\/p>\n<\/details>\n\n\n\n<details class=\"wp-block-details has-medium-font-size is-layout-flow wp-block-details-is-layout-flow\" style=\"font-style:normal;font-weight:500\"><summary>What are my volunteer responsibilities if I register as a student at the GGC?&nbsp;<\/summary>\n<p class=\"has-accent-5-color has-text-color has-link-color wp-elements-3ea52ed952c3e1c85875d86a6755162f\" style=\"font-style:normal;font-weight:400\">You will be scheduled once in a while as assistant field manager (half day) or field manager (full day) to help with ground operations on the flight line.<\/p>\n<\/details>\n\n\n\n<details class=\"wp-block-details has-medium-font-size is-layout-flow wp-block-details-is-layout-flow\" style=\"font-style:normal;font-weight:500\"><summary>Are there any medical requirements to fly as a glider student?&nbsp;<\/summary>\n<p class=\"has-accent-5-color has-text-color has-link-color wp-elements-728385683bc54c134812e6ee3ad7038a\" style=\"font-style:normal;font-weight:400\">Basic communication (speech and hearing) as well as sight is necessary to learn to fly with an instructor.&nbsp;<\/p>\n<\/details>\n\n\n\n<h2 class=\"wp-block-heading has-base-2-color has-text-color has-link-color wp-elements-504dce65f709d5c4e3853452879b2a13\">Operations<\/h2>\n\n\n\n<details class=\"wp-block-details has-medium-font-size is-layout-flow wp-block-details-is-layout-flow\" style=\"font-style:normal;font-weight:500\"><summary>What time do operations normally start?<\/summary>\n<p class=\"has-accent-5-color has-text-color has-link-color wp-elements-ba42fb3925a8655edd52ea9ca6d7f3fc\" style=\"font-style:normal;font-weight:400\">Normally, operation start between 9AM-10AM with the opening of the hangers, taking out gliders, daily inspections of gliders, towing of gliders to the flight line and bringing out the flight shack. The first flight start once the tow plane and first glider is in line.<\/p>\n<\/details>\n\n\n\n<details class=\"wp-block-details has-medium-font-size is-layout-flow wp-block-details-is-layout-flow\" style=\"font-style:normal;font-weight:500\"><summary>Is is there more flying during the summer vacation?&nbsp;<\/summary>\n<p class=\"has-accent-5-color has-text-color has-link-color wp-elements-9f543afe31ad3402b06eeb94d3463acb\" style=\"font-style:normal;font-weight:400\">Yes. There is flying every weekend (weather dependent) and there are two flying weeks (first week of July and August). Also, during exceptional weather, flying maybe opened on a good day if a tow pilot is available.<\/p>\n<\/details>\n\n\n\n<h2 class=\"wp-block-heading has-base-2-color has-text-color has-link-color wp-elements-b99e466e4bcd72398a5f5c983ef61c22\">Introductory flights<\/h2>\n\n\n\n<details class=\"wp-block-details has-medium-font-size is-layout-flow wp-block-details-is-layout-flow\" style=\"font-style:normal;font-weight:500\"><summary>Are there any medical requirements to take an intro glider flight?<\/summary>\n<p class=\"has-accent-5-color has-text-color has-link-color wp-elements-fc0032c7b2c528aa9215be6580badd4f\" style=\"font-style:normal;font-weight:400\">If you are able to fly a commercial airline as a passenger, you can fly a glider as a passenger.<\/p>\n<\/details>\n\n\n\n<details class=\"wp-block-details has-medium-font-size is-layout-flow wp-block-details-is-layout-flow\" style=\"font-style:normal;font-weight:500\"><summary>Un enfant peut-il prendre un vol de planeur d'initiation ?<\/summary>\n<p class=\"has-accent-5-color has-text-color has-link-color wp-elements-7ff8db0656c1a513343f3a52869cd849\" style=\"font-style:normal;font-weight:400\">Les enfants peuvent profiter d'un vol d\u2019initiation de planeur si leurs parents signent une renonciation, paient les frais de vol, et confirment avec le pilote que l'enfant est assez mature pour suivre les instructions pendant les 20 \u00e0 30 minutes du vol. Le poids de l'enfant est \u00e9galement important : les passagers du si\u00e8ge en avant doivent peser au moins 140 livres, mais un ballast dun maximum de 60 lb permet \u00e0 ceux qui p\u00e8sent de 80 \u00e0 140 livres de s'asseoir en avant. Les enfants de moins de 80 livres doivent s'asseoir sur le si\u00e8ge en arri\u00e8re, o\u00f9 la vue est limit\u00e9e en raison de leur taille et du pilote devant.<\/p>\n\n\n\n<p class=\"has-accent-5-color has-text-color has-link-color wp-elements-9fd07b7169351c950917f8f9e502c39a\" style=\"font-style:normal;font-weight:400\">La s\u00e9curit\u00e9 et la capacit\u00e9 de suivre les instructions sont essentielles. L'approbation finale pour voler reste avec le pilote et peut \u00eatre retir\u00e9e \u00e0 tout moment.<\/p>\n<\/details>\n\n\n\n<details class=\"wp-block-details has-medium-font-size is-layout-flow wp-block-details-is-layout-flow\" style=\"font-style:normal;font-weight:500\"><summary>Can I get a refund for my introductory flight?<\/summary>\n<p class=\"has-accent-5-color has-text-color has-link-color wp-elements-f7db5e295357691c21016e54ba5500e8\" style=\"font-style:normal;font-weight:400\">We do not provide refunds for introductory flights. However, we allow the flight voucher to be transferred to another person.<\/p>\n<\/details>\n\n\n\n<h2 class=\"wp-block-heading has-base-2-color has-text-color has-link-color wp-elements-6c8a4b46883b9edf89511f3b46a43d3f\">Insurance<\/h2>\n\n\n\n<details class=\"wp-block-details has-medium-font-size is-layout-flow wp-block-details-is-layout-flow\" style=\"font-style:normal;font-weight:500\"><summary>Am I covered by insurance if I fly in club aircraft?d by an instructor?<\/summary>\n<p class=\"has-accent-5-color has-text-color has-link-color wp-elements-34866da83af4e6e45b653803689b5cc8\" style=\"font-style:normal;font-weight:400\">GGC subscribes for liability insurance on all its aircraft that meets or exceeds the amounts required by regulations.<\/p>\n<\/details>\n\n\n\n<h2 class=\"wp-block-heading has-base-2-color has-text-color has-link-color wp-elements-d3aefdeee0d3c283aa89d18336c05196\">Tow Pilots<\/h2>\n\n\n\n<details class=\"wp-block-details has-medium-font-size is-layout-flow wp-block-details-is-layout-flow\" style=\"font-style:normal;font-weight:500\"><summary>What are the technical requirements for volunteer tow pilots at GGC?<\/summary>\n<p class=\"has-accent-5-color has-text-color has-link-color wp-elements-eb689205a82bf62d5140ced0b4e84adb\" style=\"font-style:normal;font-weight:400\">The minimum technical requirements for tow pilots are 100 hours PIC power, of which 10 hours must be on tail wheel aircraft. A total of 25 hours PIC as a glider pilot can be credited against this 100 hour<br>requirement.<\/p>\n<\/details>\n\n\n\n<details class=\"wp-block-details has-medium-font-size is-layout-flow wp-block-details-is-layout-flow\" style=\"font-style:normal;font-weight:500\"><summary>What are the procedures for tow pilot checkout at GGC?<\/summary>\n<p class=\"has-accent-5-color has-text-color has-link-color wp-elements-6b7eab3f647eba2276d3bd53df47ec38\" style=\"font-style:normal;font-weight:400\">A club check out as a tow pilot will be conducted by the CTP or ACTP in accordance with club requirements in the tow pilot manual in the members section. A minimum of five dual tows must be completed before towing solo. In addition, tow pilots must have a minimum of three flights in a glider to appreciate the glider towing operation. Pilots<br>logbooks must be endorsed that the checkbook has been completed and signed off by CTP or ACTP prior to operating club tow planes.<\/p>\n<\/details>\n\n\n\n<details class=\"wp-block-details has-medium-font-size is-layout-flow wp-block-details-is-layout-flow\" style=\"font-style:normal;font-weight:500\"><summary>What are the procedures for tow pilot currency at GGC?<\/summary>\n<p class=\"has-accent-5-color has-text-color has-link-color wp-elements-1caf9610a90687770fb99f225806d5cd\" style=\"font-style:normal;font-weight:400\">Each tow pilot is responsible to maintain a minimum currency level and medical category of level 3 for his Power license. Tow pilots with less than 500 hours should have flown within the last 60 days, and pilots with more than 500 hours within the last 90 days before towing.<\/p>\n<\/details>\n\n\n\n<details class=\"wp-block-details has-medium-font-size is-layout-flow wp-block-details-is-layout-flow\" style=\"font-style:normal;font-weight:500\"><summary>What are the procedures for annual checkouts of volunteer tow pilots at GGC?<\/summary>\n<p class=\"has-accent-5-color has-text-color has-link-color wp-elements-f1f98fd4a12613ac32da95918e89a2c9\" style=\"font-style:normal;font-weight:400\">All club tow pilots must demonstrate proficiency annually. This check out will be conducted by the CTP, ACTP or designate, starting with the commencement of gliding operations in the spring, or thereafter, before operating club tow planes.&nbsp;<\/p>\n<\/details>\n<\/div>\n<\/div>\n<\/div>","protected":false},"excerpt":{"rendered":"<p>FAQs Language Advancing my training Cost Youth Accessibility Club activities Being a student Operations Introductory flights Insurance Tow Pilots<\/p>","protected":false},"author":1,"featured_media":0,"parent":19,"menu_order":7,"comment_status":"closed","ping_status":"closed","template":"","meta":{"footnotes":""},"class_list":["post-322","page","type-page","status-publish","hentry"],"_links":{"self":[{"href":"https:\/\/www.gatineauglidingclub.ca\/fr\/wp-json\/wp\/v2\/pages\/322","targetHints":{"allow":["GET"]}}],"collection":[{"href":"https:\/\/www.gatineauglidingclub.ca\/fr\/wp-json\/wp\/v2\/pages"}],"about":[{"href":"https:\/\/www.gatineauglidingclub.ca\/fr\/wp-json\/wp\/v2\/types\/page"}],"author":[{"embeddable":true,"href":"https:\/\/www.gatineauglidingclub.ca\/fr\/wp-json\/wp\/v2\/users\/1"}],"replies":[{"embeddable":true,"href":"https:\/\/www.gatineauglidingclub.ca\/fr\/wp-json\/wp\/v2\/comments?post=322"}],"version-history":[{"count":93,"href":"https:\/\/www.gatineauglidingclub.ca\/fr\/wp-json\/wp\/v2\/pages\/322\/revisions"}],"predecessor-version":[{"id":2940,"href":"https:\/\/www.gatineauglidingclub.ca\/fr\/wp-json\/wp\/v2\/pages\/322\/revisions\/2940"}],"up":[{"embeddable":true,"href":"https:\/\/www.gatineauglidingclub.ca\/fr\/wp-json\/wp\/v2\/pages\/19"}],"wp:attachment":[{"href":"https:\/\/www.gatineauglidingclub.ca\/fr\/wp-json\/wp\/v2\/media?parent=322"}],"curies":[{"name":"wp","href":"https:\/\/api.w.org\/{rel}","templated":true}]}}