{"id":31,"date":"2024-11-15T08:15:04","date_gmt":"2024-11-15T13:15:04","guid":{"rendered":"https:\/\/www.gatineauglidingclub.ca\/?page_id=31"},"modified":"2025-02-19T07:02:39","modified_gmt":"2025-02-19T12:02:39","slug":"resources","status":"publish","type":"page","link":"https:\/\/www.gatineauglidingclub.ca\/fr\/learn\/resources\/","title":{"rendered":"Ressources"},"content":{"rendered":"<div class=\"wp-block-group alignfull has-base-color has-accent-5-background-color has-text-color has-background has-link-color wp-elements-2d5ade90f02622895e91510a06401824 has-global-padding is-layout-constrained wp-container-core-group-is-layout-b673cb31 wp-block-group-is-layout-constrained\" style=\"margin-top:0;margin-bottom:0;padding-top:var(--wp--preset--spacing--30);padding-right:var(--wp--preset--spacing--50);padding-bottom:var(--wp--preset--spacing--30);padding-left:var(--wp--preset--spacing--50)\">\n<h1 class=\"wp-block-heading has-text-align-center has-base-color has-text-color has-link-color wp-elements-b01a814841bb3379d755981dd1081bd4\" style=\"margin-top:var(--wp--preset--spacing--30);margin-bottom:var(--wp--preset--spacing--30)\">Documents de base<\/h1>\n\n\n\n<div class=\"wp-block-columns is-layout-flex wp-container-core-columns-is-layout-1da03c2a wp-block-columns-is-layout-flex\">\n<div class=\"wp-block-column is-vertically-aligned-top is-layout-flow wp-block-column-is-layout-flow\" style=\"flex-basis:50%\">\n<figure class=\"wp-block-image size-full is-style-default\"><img loading=\"lazy\" decoding=\"async\" width=\"486\" height=\"684\" src=\"https:\/\/www.gatineauglidingclub.ca\/wp-content\/uploads\/2025\/01\/SOAR-2023.jpg\" alt=\"\" class=\"wp-image-1918\" style=\"aspect-ratio:3\/4;object-fit:cover\" srcset=\"https:\/\/www.gatineauglidingclub.ca\/wp-content\/uploads\/2025\/01\/SOAR-2023.jpg 486w, https:\/\/www.gatineauglidingclub.ca\/wp-content\/uploads\/2025\/01\/SOAR-2023-213x300.jpg 213w, https:\/\/www.gatineauglidingclub.ca\/wp-content\/uploads\/2025\/01\/SOAR-2023-9x12.jpg 9w\" sizes=\"auto, (max-width: 486px) 100vw, 486px\" \/><\/figure>\n\n\n\n<h4 class=\"wp-block-heading has-base-color has-text-color has-link-color wp-elements-a999cb6c6e430d6ce4a47122b998a75b\">Voler et apprendre \u00e0 piloter des planeurs (En anglais) 10e edition<\/h4>\n\n\n\n<p><em>Publi\u00e9 par l\u2019Association de Vol a Voile de Canada<\/em><\/p>\n\n\n\n<p>Ce manuel d\u2019instructions officiel est une lecture de base pour tous les \u00e9tudiants de vol a voile. Ca sera essentiellement r\u00e9f\u00e9renc\u00e9 tout au long de votre formation.<\/p>\n\n\n\n<p>Disponible sous forme d\u2019ebook gratuit ici, ou sous forme de livre imprim\u00e9 et achet\u00e9 du club.<\/p>\n\n\n\n<div class=\"wp-block-buttons is-layout-flex wp-block-buttons-is-layout-flex\">\n<div class=\"wp-block-button\"><a class=\"wp-block-button__link has-contrast-2-background-color has-background wp-element-button\" href=\"https:\/\/www.gatineauglidingclub.ca\/wp-content\/uploads\/2025\/01\/SOAR-2023.pdf\">T\u00e9l\u00e9charger le PDF &gt;<\/a><\/div>\n<\/div>\n<\/div>\n\n\n\n<div class=\"wp-block-column is-vertically-aligned-top is-layout-flow wp-block-column-is-layout-flow\" style=\"flex-basis:50%\">\n<figure class=\"wp-block-image size-full is-style-default\"><img loading=\"lazy\" decoding=\"async\" width=\"997\" height=\"1280\" src=\"https:\/\/www.gatineauglidingclub.ca\/wp-content\/uploads\/2024\/12\/71TwZxcA5yL._SL1500_-Large.jpeg\" alt=\"\" class=\"wp-image-1318\" style=\"aspect-ratio:3\/4;object-fit:cover\" srcset=\"https:\/\/www.gatineauglidingclub.ca\/wp-content\/uploads\/2024\/12\/71TwZxcA5yL._SL1500_-Large.jpeg 997w, https:\/\/www.gatineauglidingclub.ca\/wp-content\/uploads\/2024\/12\/71TwZxcA5yL._SL1500_-Large-234x300.jpeg 234w, https:\/\/www.gatineauglidingclub.ca\/wp-content\/uploads\/2024\/12\/71TwZxcA5yL._SL1500_-Large-798x1024.jpeg 798w, https:\/\/www.gatineauglidingclub.ca\/wp-content\/uploads\/2024\/12\/71TwZxcA5yL._SL1500_-Large-768x986.jpeg 768w, https:\/\/www.gatineauglidingclub.ca\/wp-content\/uploads\/2024\/12\/71TwZxcA5yL._SL1500_-Large-9x12.jpeg 9w\" sizes=\"auto, (max-width: 997px) 100vw, 997px\" \/><\/figure>\n\n\n\n<h4 class=\"wp-block-heading has-base-color has-text-color has-link-color wp-elements-6498df64da0325f000b3846b32a2a6e1\">De la piste vers le ciel \u201cFrom the Ground Up\u201d (en anglais)<\/h4>\n\n\n\n<p>C\u2019est un livre sans pareil sur l\u2019aviation canadienne depuis plus de 80 ans, et maintenant c\u2019est dans sa 30e \u00e9dition.<br><br>Pour tout pilote, Il s\u2019agit d\u2019un livre de r\u00e9f\u00e9rence indispensable et d\u2019un mat\u00e9riel d\u2019\u00e9tude essentiel pour votre examen de licence de Transport Canada.<\/p>\n\n\n\n<div class=\"wp-block-buttons is-layout-flex wp-block-buttons-is-layout-flex\">\n<div class=\"wp-block-button\"><a class=\"wp-block-button__link has-contrast-2-background-color has-background wp-element-button\" href=\"https:\/\/www.amazon.ca\/Ground-30th-Sandy-F-MacDonald\/dp\/1990849024\/ref=sr_1_1?crid=1LSDGU2SRL3OY&amp;dib=eyJ2IjoiMSJ9.xfy-ZRZjePLWKVqNzaELrYvs_s56pqMdgs76qogkKczKF7hD3xuZH3i2gjk1y1nYUyuWBH009VmmrkoCm_FOSSmaEsDERtpjemnxoqmrKo5OIpoCfPkWn4owEvlqv3W3vDfjvoU0BeHLk73sgURXB-yuzRsVkFpmrgG1lo5DqWqHppAERV79lvCqLmqJ0T7AGKo9p6FFOx_DpagaMDGCcsvkZ4q7VT2BhcsGZ2w0nEGnBu-X6A9BLwfJkv5N6AtaI9M71WpkfNa3tBZgcNJy-KGVxmWy75oLkzVInr4IdFkz4x-FPlwFjrXwMGffzh9XGVty2Pu9FDSOVCnigLr3nmKnODnSIXhz5oFVbOsmxD-ycJ8AcPZ91kFhBhJdjJAtCNyFOU9krlMM7EHW3CCDfI58BYVHT3fDpEYCWgrzYH4UEN9167nLo3trLe-XBJp2.8HPTWkyC09adG6ys4E1JE-_NciQDNh4F02eP9YW9CRk&amp;dib_tag=se&amp;keywords=from+the+ground+up+book&amp;qid=1735684233&amp;sprefix=from+the+ground+up+boo%2Caps%2C135&amp;sr=8-1\" target=\"_blank\" rel=\"noreferrer noopener\">Achetez sur Amazon &gt;<\/a><\/div>\n<\/div>\n<\/div>\n<\/div>\n<\/div>\n\n\n\n<div class=\"wp-block-group alignfull has-accent-3-background-color has-background has-global-padding is-layout-constrained wp-container-core-group-is-layout-b673cb31 wp-block-group-is-layout-constrained\" style=\"margin-top:0;margin-bottom:0;padding-top:var(--wp--preset--spacing--30);padding-right:var(--wp--preset--spacing--50);padding-bottom:var(--wp--preset--spacing--30);padding-left:var(--wp--preset--spacing--50)\">\n<h1 class=\"wp-block-heading has-text-align-center\" style=\"margin-top:var(--wp--preset--spacing--30);margin-bottom:var(--wp--preset--spacing--30)\">Lectures suppl\u00e9mentaires<\/h1>\n\n\n\n<div class=\"wp-block-columns alignwide is-layout-flex wp-container-core-columns-is-layout-a8d7566a wp-block-columns-is-layout-flex\" style=\"margin-top:var(--wp--preset--spacing--40);margin-bottom:var(--wp--preset--spacing--40)\">\n<div class=\"wp-block-column is-vertically-aligned-top is-layout-flow wp-block-column-is-layout-flow\" style=\"flex-basis:25%\">\n<figure class=\"wp-block-image size-full is-style-default\"><img loading=\"lazy\" decoding=\"async\" width=\"698\" height=\"1000\" src=\"https:\/\/www.gatineauglidingclub.ca\/wp-content\/uploads\/2025\/02\/manuel-du-pilote-vol-a-voile-15e-edition-le-livre-bleu-du-pilote-de-planeur-le-livre-seul.jpg\" alt=\"\" class=\"wp-image-2686\" style=\"aspect-ratio:3\/4;object-fit:cover\" srcset=\"https:\/\/www.gatineauglidingclub.ca\/wp-content\/uploads\/2025\/02\/manuel-du-pilote-vol-a-voile-15e-edition-le-livre-bleu-du-pilote-de-planeur-le-livre-seul.jpg 698w, https:\/\/www.gatineauglidingclub.ca\/wp-content\/uploads\/2025\/02\/manuel-du-pilote-vol-a-voile-15e-edition-le-livre-bleu-du-pilote-de-planeur-le-livre-seul-209x300.jpg 209w, https:\/\/www.gatineauglidingclub.ca\/wp-content\/uploads\/2025\/02\/manuel-du-pilote-vol-a-voile-15e-edition-le-livre-bleu-du-pilote-de-planeur-le-livre-seul-8x12.jpg 8w\" sizes=\"auto, (max-width: 698px) 100vw, 698px\" \/><\/figure>\n\n\n\n<h5 class=\"wp-block-heading\">Vol \u00e0 voile : Manuel du pilote<\/h5>\n\n\n\n<p>Le \u201clivre bleu\u201d du pilote de planeur est le manuel d\u00e9finitive qui \u00e9tait d\u00e9velopp\u00e9 par le minist\u00e8re charg\u00e9 de l\u2019aviation civile en France. Cet livre est l\u2019\u00e9quivalent fran\u00e7ais du livre SOAR. La derni\u00e8re parution en 2024 \u00e9tait le 15e \u00e9dition.&nbsp;<\/p>\n\n\n\n<div class=\"wp-block-buttons is-layout-flex wp-block-buttons-is-layout-flex\">\n<div class=\"wp-block-button\"><a class=\"wp-block-button__link wp-element-button\" href=\"https:\/\/www.cepadues.com\/livres\/pilotage-aeronautique\/planeur\/1650-manuel-du-pilote-vol-a-voile-15e-edition-le-livre-bleu-du-pilote-de-planeur-le-livre-seul-9782383950714.html?srsltid=AfmBOopmcdJnRq0r6Gz-PEWLt_PamQtBzDaSqcIlQmdfxvUiyzyqAbZs\" target=\"_blank\" rel=\"noreferrer noopener\">Acheter en ligne<\/a><\/div>\n<\/div>\n<\/div>\n\n\n\n<div class=\"wp-block-column is-vertically-aligned-top is-layout-flow wp-block-column-is-layout-flow\" style=\"flex-basis:25%\">\n<figure class=\"wp-block-image size-full is-style-default\"><img loading=\"lazy\" decoding=\"async\" width=\"982\" height=\"1280\" src=\"https:\/\/www.gatineauglidingclub.ca\/wp-content\/uploads\/2024\/12\/Gliding-FAA-Glider-Flying-Handbook-Large.jpeg\" alt=\"\" class=\"wp-image-1194\" style=\"aspect-ratio:3\/4;object-fit:cover\" srcset=\"https:\/\/www.gatineauglidingclub.ca\/wp-content\/uploads\/2024\/12\/Gliding-FAA-Glider-Flying-Handbook-Large.jpeg 982w, https:\/\/www.gatineauglidingclub.ca\/wp-content\/uploads\/2024\/12\/Gliding-FAA-Glider-Flying-Handbook-Large-230x300.jpeg 230w, https:\/\/www.gatineauglidingclub.ca\/wp-content\/uploads\/2024\/12\/Gliding-FAA-Glider-Flying-Handbook-Large-786x1024.jpeg 786w, https:\/\/www.gatineauglidingclub.ca\/wp-content\/uploads\/2024\/12\/Gliding-FAA-Glider-Flying-Handbook-Large-768x1001.jpeg 768w, https:\/\/www.gatineauglidingclub.ca\/wp-content\/uploads\/2024\/12\/Gliding-FAA-Glider-Flying-Handbook-Large-9x12.jpeg 9w\" sizes=\"auto, (max-width: 982px) 100vw, 982px\" \/><\/figure>\n\n\n\n<h5 class=\"wp-block-heading\">Manuel de vol de planeur<\/h5>\n\n\n\n<p><em>de l\u2019 administration, f\u00e9d\u00e9rale de l\u2019aviation de l\u2019\u00c9tats-Unis \u201cUS FAA\u201d (en anglais) <\/em><\/p>\n\n\n\n<p>L\u2019\u00e9quivalent am\u00e9ricain de SOAR, cela peut fournir une autre perspective et aux \u00e9tudiants. Gardez \u00e0 l\u2019esprit que l\u00e0 o\u00f9 ce livre diff\u00e8re de Soar, le livre canadien a la priorit\u00e9 sur nos pratiques.<\/p>\n\n\n\n<div class=\"wp-block-buttons is-layout-flex wp-block-buttons-is-layout-flex\">\n<div class=\"wp-block-button\"><a class=\"wp-block-button__link wp-element-button\" href=\"https:\/\/www.gatineauglidingclub.ca\/wp-content\/uploads\/2024\/12\/Gliding-FAA-Glider-Flying-Handbook.pdf\">Voir\/T\u00e9l\u00e9charger (PDF) &gt;<\/a><\/div>\n<\/div>\n<\/div>\n\n\n\n<div class=\"wp-block-column is-vertically-aligned-top is-layout-flow wp-block-column-is-layout-flow\" style=\"flex-basis:25%\">\n<figure class=\"wp-block-image size-full is-style-default\"><img loading=\"lazy\" decoding=\"async\" width=\"874\" height=\"1280\" src=\"https:\/\/www.gatineauglidingclub.ca\/wp-content\/uploads\/2024\/12\/Stick-and-Rudder-An-Explanation-of-the-Art-of-Flying-Large.jpeg\" alt=\"\" class=\"wp-image-1191\" style=\"aspect-ratio:3\/4;object-fit:cover\" srcset=\"https:\/\/www.gatineauglidingclub.ca\/wp-content\/uploads\/2024\/12\/Stick-and-Rudder-An-Explanation-of-the-Art-of-Flying-Large.jpeg 874w, https:\/\/www.gatineauglidingclub.ca\/wp-content\/uploads\/2024\/12\/Stick-and-Rudder-An-Explanation-of-the-Art-of-Flying-Large-205x300.jpeg 205w, https:\/\/www.gatineauglidingclub.ca\/wp-content\/uploads\/2024\/12\/Stick-and-Rudder-An-Explanation-of-the-Art-of-Flying-Large-699x1024.jpeg 699w, https:\/\/www.gatineauglidingclub.ca\/wp-content\/uploads\/2024\/12\/Stick-and-Rudder-An-Explanation-of-the-Art-of-Flying-Large-768x1125.jpeg 768w, https:\/\/www.gatineauglidingclub.ca\/wp-content\/uploads\/2024\/12\/Stick-and-Rudder-An-Explanation-of-the-Art-of-Flying-Large-8x12.jpeg 8w\" sizes=\"auto, (max-width: 874px) 100vw, 874px\" \/><\/figure>\n\n\n\n<h5 class=\"wp-block-heading\">B\u00e2ton et gouvernail :<br>Une explication de l\u2019art du vol<\/h5>\n\n\n\n<p><em>par Wolfgang Langewiesche<\/em><\/p>\n\n\n\n<p>C\u2019est devenu un texte de r\u00e9f\u00e9rence standard pour les aviateurs et se concentre sur les comp\u00e9tences fondamentales du vol. Un excellent moyen d\u2019avoir une compr\u00e9hension plus intuitive de la th\u00e9orie et de la pratique du vol.<\/p>\n\n\n\n<div class=\"wp-block-buttons is-layout-flex wp-block-buttons-is-layout-flex\">\n<div class=\"wp-block-button\"><a class=\"wp-block-button__link wp-element-button\" href=\"https:\/\/www.amazon.ca\/Stick-Rudder-Explanation-Art-Flying\/dp\/0070362408\/ref=sr_1_1?crid=224V7UUNF3XML&amp;dib=eyJ2IjoiMSJ9.fhulo8o7K-o0duDjaEfJyORETQAX40q0YaPRxRZlFy3sqAWEDV8hg7CiHsQs20t5l1uUj7h5dMuLxVJlLPcIJzS8muLlSuV7JAayHV5cV70Fk34BbbBhhCAMEvNaZJkEwf8KoL6fOgucxpjRKLQdCzwfjqCcakM9YY4TKwALq3sXoYsl23M0z8eKHvZu3j9MkPB1dyAABWwmiod5OhQKQWtSCd37UFnU1fkArD7nS8TxAsGa4uRXhXdTOUUTGlgrmcB7lI4rIEVWqQnUu8hOre5x6Ho2vtDeeC_YLs_mceddvmvt4ZEAIl-I-Pd21BVYOef6iFQSq7wy70clxk19cbf2AAwWGYhgaeBxBVYg2XBQrZ0oNGLh2BxKAfHP3OMc8E8ypU7eyrNHA7CoZHG2H9ys7fGrCYB0JPCE1cxgzRn3ggvVZxbIcjI2MUO3Y9vH.JDfFX5qDhKyfoVcnF8p1Z0swRLayNC6QIPajoI1rNF0&amp;dib_tag=se&amp;keywords=stick+and+rudder&amp;qid=1735690048&amp;sprefix=stick+and+rudder%2Caps%2C134&amp;sr=8-1\" target=\"_blank\" rel=\"noreferrer noopener\">Achetez sur Amazon &gt;<\/a><\/div>\n<\/div>\n<\/div>\n\n\n\n<div class=\"wp-block-column is-vertically-aligned-top is-layout-flow wp-block-column-is-layout-flow\" style=\"flex-basis:25%\">\n<figure class=\"wp-block-image size-full is-style-default\"><img loading=\"lazy\" decoding=\"async\" width=\"989\" height=\"1280\" src=\"https:\/\/www.gatineauglidingclub.ca\/wp-content\/uploads\/2024\/12\/Outlanding-Large.jpeg\" alt=\"\" class=\"wp-image-1193\" style=\"aspect-ratio:3\/4;object-fit:cover\" srcset=\"https:\/\/www.gatineauglidingclub.ca\/wp-content\/uploads\/2024\/12\/Outlanding-Large.jpeg 989w, https:\/\/www.gatineauglidingclub.ca\/wp-content\/uploads\/2024\/12\/Outlanding-Large-232x300.jpeg 232w, https:\/\/www.gatineauglidingclub.ca\/wp-content\/uploads\/2024\/12\/Outlanding-Large-791x1024.jpeg 791w, https:\/\/www.gatineauglidingclub.ca\/wp-content\/uploads\/2024\/12\/Outlanding-Large-768x994.jpeg 768w, https:\/\/www.gatineauglidingclub.ca\/wp-content\/uploads\/2024\/12\/Outlanding-Large-9x12.jpeg 9w\" sizes=\"auto, (max-width: 989px) 100vw, 989px\" \/><\/figure>\n\n\n\n<h5 class=\"wp-block-heading\">Atterrissage sur la campagne<\/h5>\n\n\n\n<p><em>par Kai Gertsen<\/em><\/p>\n\n\n\n<p>L\u2019intro dit tout :<br><br>\u00ab Il y aura un test quelque temps apr\u00e8s que vous ayez lu ceci. L\u2019heure et le lieu seront \u00e0 votre premier atterrissage sur la campagne, et \u00e9chouer n\u2019est pas une option. \u00bb<\/p>\n\n\n\n<div class=\"wp-block-buttons is-layout-flex wp-block-buttons-is-layout-flex\">\n<div class=\"wp-block-button\"><a class=\"wp-block-button__link wp-element-button\" href=\"https:\/\/www.gatineauglidingclub.ca\/wp-content\/uploads\/2024\/12\/Outlanding.pdf\">Voir\/T\u00e9l\u00e9charger (PDF) &gt;<\/a><\/div>\n<\/div>\n<\/div>\n<\/div>\n\n\n\n<div class=\"wp-block-columns alignwide is-layout-flex wp-container-core-columns-is-layout-a8d7566a wp-block-columns-is-layout-flex\" style=\"margin-top:var(--wp--preset--spacing--40);margin-bottom:var(--wp--preset--spacing--40)\">\n<div class=\"wp-block-column is-vertically-aligned-top is-layout-flow wp-block-column-is-layout-flow\" style=\"flex-basis:25%\">\n<figure class=\"wp-block-image size-full is-style-default\"><img loading=\"lazy\" decoding=\"async\" width=\"989\" height=\"1280\" src=\"https:\/\/www.gatineauglidingclub.ca\/wp-content\/uploads\/2024\/12\/Intro-to-XC-Large.jpeg\" alt=\"\" class=\"wp-image-1192\" style=\"aspect-ratio:3\/4;object-fit:cover\" srcset=\"https:\/\/www.gatineauglidingclub.ca\/wp-content\/uploads\/2024\/12\/Intro-to-XC-Large.jpeg 989w, https:\/\/www.gatineauglidingclub.ca\/wp-content\/uploads\/2024\/12\/Intro-to-XC-Large-232x300.jpeg 232w, https:\/\/www.gatineauglidingclub.ca\/wp-content\/uploads\/2024\/12\/Intro-to-XC-Large-791x1024.jpeg 791w, https:\/\/www.gatineauglidingclub.ca\/wp-content\/uploads\/2024\/12\/Intro-to-XC-Large-768x994.jpeg 768w, https:\/\/www.gatineauglidingclub.ca\/wp-content\/uploads\/2024\/12\/Intro-to-XC-Large-9x12.jpeg 9w\" sizes=\"auto, (max-width: 989px) 100vw, 989px\" \/><\/figure>\n\n\n\n<h5 class=\"wp-block-heading\">Une introduction au vol \u00e0 voile<\/h5>\n\n\n\n<p><em>par Kai Gertsen<\/em><\/p>\n\n\n\n<p>Un excellent point de d\u00e9part pour les pilotes qui cherchent \u00e0 \u00e9tendre leur port\u00e9e aux vols \u00e0 plus longue distance.<\/p>\n\n\n\n<p>C\u2019est une introduction br\u00e8ve et facile \u00e0 dig\u00e9rer qui touche \u00e0 tous les sujets importants.<\/p>\n\n\n\n<div class=\"wp-block-buttons is-layout-flex wp-block-buttons-is-layout-flex\">\n<div class=\"wp-block-button\"><a class=\"wp-block-button__link wp-element-button\" href=\"https:\/\/www.gatineauglidingclub.ca\/wp-content\/uploads\/2024\/12\/introduction_to_cross_country_soaring_-_kai_gertsen.pdf\">Voir\/T\u00e9l\u00e9charger (PDF) &gt;<\/a><\/div>\n<\/div>\n<\/div>\n\n\n\n<div class=\"wp-block-column is-vertically-aligned-top is-layout-flow wp-block-column-is-layout-flow\" style=\"flex-basis:25%\">\n<figure class=\"wp-block-image size-full is-style-default\"><img loading=\"lazy\" decoding=\"async\" width=\"894\" height=\"1188\" src=\"https:\/\/www.gatineauglidingclub.ca\/wp-content\/uploads\/2024\/12\/Screenshot-2024-12-31-at-17.38.54-Large.jpeg\" alt=\"\" class=\"wp-image-1326\" style=\"aspect-ratio:3\/4;object-fit:cover\" srcset=\"https:\/\/www.gatineauglidingclub.ca\/wp-content\/uploads\/2024\/12\/Screenshot-2024-12-31-at-17.38.54-Large.jpeg 894w, https:\/\/www.gatineauglidingclub.ca\/wp-content\/uploads\/2024\/12\/Screenshot-2024-12-31-at-17.38.54-Large-226x300.jpeg 226w, https:\/\/www.gatineauglidingclub.ca\/wp-content\/uploads\/2024\/12\/Screenshot-2024-12-31-at-17.38.54-Large-771x1024.jpeg 771w, https:\/\/www.gatineauglidingclub.ca\/wp-content\/uploads\/2024\/12\/Screenshot-2024-12-31-at-17.38.54-Large-768x1021.jpeg 768w, https:\/\/www.gatineauglidingclub.ca\/wp-content\/uploads\/2024\/12\/Screenshot-2024-12-31-at-17.38.54-Large-9x12.jpeg 9w\" sizes=\"auto, (max-width: 894px) 100vw, 894px\" \/><\/figure>\n\n\n\n<h5 class=\"wp-block-heading\">Le vol a voile avanc\u00e9 en toute simplicit\u00e9<\/h5>\n\n\n\n<p><em>par Bernard Eckey<\/em><\/p>\n\n\n\n<div class=\"wp-block-buttons is-layout-flex wp-block-buttons-is-layout-flex\">\n<div class=\"wp-block-button\"><a class=\"wp-block-button__link wp-element-button\" href=\"https:\/\/wingsandwheels.com\/advanced-soaring-made-easy.html\" target=\"_blank\" rel=\"noreferrer noopener\">Acheter en ligne<\/a><\/div>\n<\/div>\n<\/div>\n\n\n\n<div class=\"wp-block-column is-vertically-aligned-top is-layout-flow wp-block-column-is-layout-flow\" style=\"flex-basis:25%\">\n<figure class=\"wp-block-image size-full is-style-default\"><img loading=\"lazy\" decoding=\"async\" width=\"1275\" height=\"1650\" src=\"https:\/\/www.gatineauglidingclub.ca\/wp-content\/uploads\/2025\/01\/vfr-phraseology.jpg\" alt=\"\" class=\"wp-image-2540\" style=\"aspect-ratio:3\/4;object-fit:cover\" srcset=\"https:\/\/www.gatineauglidingclub.ca\/wp-content\/uploads\/2025\/01\/vfr-phraseology.jpg 1275w, https:\/\/www.gatineauglidingclub.ca\/wp-content\/uploads\/2025\/01\/vfr-phraseology-232x300.jpg 232w, https:\/\/www.gatineauglidingclub.ca\/wp-content\/uploads\/2025\/01\/vfr-phraseology-791x1024.jpg 791w, https:\/\/www.gatineauglidingclub.ca\/wp-content\/uploads\/2025\/01\/vfr-phraseology-768x994.jpg 768w, https:\/\/www.gatineauglidingclub.ca\/wp-content\/uploads\/2025\/01\/vfr-phraseology-1187x1536.jpg 1187w, https:\/\/www.gatineauglidingclub.ca\/wp-content\/uploads\/2025\/01\/vfr-phraseology-9x12.jpg 9w\" sizes=\"auto, (max-width: 1275px) 100vw, 1275px\" \/><\/figure>\n\n\n\n<h5 class=\"wp-block-heading\">Phras\u00e9ologie VFG<\/h5>\n\n\n\n<p><em>de Nav Canada<\/em><\/p>\n\n\n\n<div class=\"wp-block-buttons is-layout-flex wp-block-buttons-is-layout-flex\">\n<div class=\"wp-block-button\"><a class=\"wp-block-button__link wp-element-button\" href=\"https:\/\/www.gatineauglidingclub.ca\/wp-content\/uploads\/2025\/01\/vfr-phraseology.pdf\">Voir\/T\u00e9l\u00e9charger (PDF) &gt;<\/a><\/div>\n<\/div>\n<\/div>\n\n\n\n<div class=\"wp-block-column is-vertically-aligned-top is-layout-flow wp-block-column-is-layout-flow\" style=\"flex-basis:25%\">\n<figure class=\"wp-block-image size-full is-style-default\"><img loading=\"lazy\" decoding=\"async\" width=\"1275\" height=\"1650\" src=\"https:\/\/www.gatineauglidingclub.ca\/wp-content\/uploads\/2025\/01\/aim-2024-2_access_e.jpg\" alt=\"\" class=\"wp-image-2538\" style=\"aspect-ratio:3\/4;object-fit:cover\" srcset=\"https:\/\/www.gatineauglidingclub.ca\/wp-content\/uploads\/2025\/01\/aim-2024-2_access_e.jpg 1275w, https:\/\/www.gatineauglidingclub.ca\/wp-content\/uploads\/2025\/01\/aim-2024-2_access_e-232x300.jpg 232w, https:\/\/www.gatineauglidingclub.ca\/wp-content\/uploads\/2025\/01\/aim-2024-2_access_e-791x1024.jpg 791w, https:\/\/www.gatineauglidingclub.ca\/wp-content\/uploads\/2025\/01\/aim-2024-2_access_e-768x994.jpg 768w, https:\/\/www.gatineauglidingclub.ca\/wp-content\/uploads\/2025\/01\/aim-2024-2_access_e-1187x1536.jpg 1187w, https:\/\/www.gatineauglidingclub.ca\/wp-content\/uploads\/2025\/01\/aim-2024-2_access_e-9x12.jpg 9w\" sizes=\"auto, (max-width: 1275px) 100vw, 1275px\" \/><\/figure>\n\n\n\n<h5 class=\"wp-block-heading\">Manuel d\u2019information a\u00e9ronautique<\/h5>\n\n\n\n<p><em>de Transport Canada<\/em><\/p>\n\n\n\n<div class=\"wp-block-buttons is-layout-flex wp-block-buttons-is-layout-flex\">\n<div class=\"wp-block-button\"><a class=\"wp-block-button__link wp-element-button\" href=\"https:\/\/www.gatineauglidingclub.ca\/wp-content\/uploads\/2025\/01\/aim-2024-2_access_e.jpg\">Voir\/T\u00e9l\u00e9charger (PDF) &gt;<\/a><\/div>\n<\/div>\n<\/div>\n<\/div>\n\n\n\n<div class=\"wp-block-columns alignwide is-layout-flex wp-container-core-columns-is-layout-a8d7566a wp-block-columns-is-layout-flex\" style=\"margin-top:var(--wp--preset--spacing--40);margin-bottom:var(--wp--preset--spacing--40)\">\n<div class=\"wp-block-column is-vertically-aligned-top is-layout-flow wp-block-column-is-layout-flow\" style=\"flex-basis:25%\">\n<figure class=\"wp-block-image size-full is-style-default\"><img loading=\"lazy\" decoding=\"async\" width=\"1087\" height=\"1425\" src=\"https:\/\/www.gatineauglidingclub.ca\/wp-content\/uploads\/2025\/01\/aviation-weather-services-guide.jpg\" alt=\"\" class=\"wp-image-2539\" style=\"aspect-ratio:3\/4;object-fit:cover\" srcset=\"https:\/\/www.gatineauglidingclub.ca\/wp-content\/uploads\/2025\/01\/aviation-weather-services-guide.jpg 1087w, https:\/\/www.gatineauglidingclub.ca\/wp-content\/uploads\/2025\/01\/aviation-weather-services-guide-229x300.jpg 229w, https:\/\/www.gatineauglidingclub.ca\/wp-content\/uploads\/2025\/01\/aviation-weather-services-guide-781x1024.jpg 781w, https:\/\/www.gatineauglidingclub.ca\/wp-content\/uploads\/2025\/01\/aviation-weather-services-guide-768x1007.jpg 768w, https:\/\/www.gatineauglidingclub.ca\/wp-content\/uploads\/2025\/01\/aviation-weather-services-guide-9x12.jpg 9w\" sizes=\"auto, (max-width: 1087px) 100vw, 1087px\" \/><\/figure>\n\n\n\n<h5 class=\"wp-block-heading\">Guide des services m\u00e9t\u00e9orologiques de l\u2019aviation<\/h5>\n\n\n\n<p><em>de Nav Canada<\/em><\/p>\n\n\n\n<div class=\"wp-block-buttons is-layout-flex wp-block-buttons-is-layout-flex\">\n<div class=\"wp-block-button\"><a class=\"wp-block-button__link wp-element-button\" href=\"https:\/\/www.gatineauglidingclub.ca\/wp-content\/uploads\/2025\/01\/aviation-weather-services-guide.jpg\">Voir\/T\u00e9l\u00e9charger (PDF) &gt;<\/a><\/div>\n<\/div>\n<\/div>\n\n\n\n<div class=\"wp-block-column is-vertically-aligned-top is-layout-flow wp-block-column-is-layout-flow\" style=\"flex-basis:25%\"><\/div>\n\n\n\n<div class=\"wp-block-column is-vertically-aligned-top is-layout-flow wp-block-column-is-layout-flow\" style=\"flex-basis:25%\"><\/div>\n\n\n\n<div class=\"wp-block-column is-vertically-aligned-top is-layout-flow wp-block-column-is-layout-flow\" style=\"flex-basis:25%\"><\/div>\n<\/div>\n<\/div>","protected":false},"excerpt":{"rendered":"<p>Foundational Books Soar and Learn to Fly Gliders Published by the Soaring Association of Canada This official instruction manual is basic reading for all students, and will be referenced throughout your training. Available as a free ebook here, or as a print book purchased through the club. From the Ground Up The bible on Canadian [&hellip;]<\/p>\n","protected":false},"author":1,"featured_media":0,"parent":15,"menu_order":5,"comment_status":"closed","ping_status":"closed","template":"","meta":{"footnotes":""},"class_list":["post-31","page","type-page","status-publish","hentry"],"_links":{"self":[{"href":"https:\/\/www.gatineauglidingclub.ca\/fr\/wp-json\/wp\/v2\/pages\/31","targetHints":{"allow":["GET"]}}],"collection":[{"href":"https:\/\/www.gatineauglidingclub.ca\/fr\/wp-json\/wp\/v2\/pages"}],"about":[{"href":"https:\/\/www.gatineauglidingclub.ca\/fr\/wp-json\/wp\/v2\/types\/page"}],"author":[{"embeddable":true,"href":"https:\/\/www.gatineauglidingclub.ca\/fr\/wp-json\/wp\/v2\/users\/1"}],"replies":[{"embeddable":true,"href":"https:\/\/www.gatineauglidingclub.ca\/fr\/wp-json\/wp\/v2\/comments?post=31"}],"version-history":[{"count":45,"href":"https:\/\/www.gatineauglidingclub.ca\/fr\/wp-json\/wp\/v2\/pages\/31\/revisions"}],"predecessor-version":[{"id":2703,"href":"https:\/\/www.gatineauglidingclub.ca\/fr\/wp-json\/wp\/v2\/pages\/31\/revisions\/2703"}],"up":[{"embeddable":true,"href":"https:\/\/www.gatineauglidingclub.ca\/fr\/wp-json\/wp\/v2\/pages\/15"}],"wp:attachment":[{"href":"https:\/\/www.gatineauglidingclub.ca\/fr\/wp-json\/wp\/v2\/media?parent=31"}],"curies":[{"name":"wp","href":"https:\/\/api.w.org\/{rel}","templated":true}]}}