{"id":2919,"date":"2025-06-07T06:22:56","date_gmt":"2025-06-07T11:22:56","guid":{"rendered":"https:\/\/www.gatineauglidingclub.ca\/?page_id=2919"},"modified":"2025-06-07T06:27:31","modified_gmt":"2025-06-07T11:27:31","slug":"storage","status":"publish","type":"page","link":"https:\/\/www.gatineauglidingclub.ca\/fr\/about\/storage\/","title":{"rendered":"Stockage"},"content":{"rendered":"<div class=\"wp-block-group alignfull has-accent-3-background-color has-background is-vertical is-content-justification-center is-layout-flex wp-container-core-group-is-layout-518e0ca4 wp-block-group-is-layout-flex\" style=\"margin-top:0;margin-bottom:0;padding-top:var(--wp--preset--spacing--40);padding-right:var(--wp--preset--spacing--50);padding-bottom:var(--wp--preset--spacing--40);padding-left:var(--wp--preset--spacing--50)\">\n<div class=\"wp-block-group has-global-padding is-layout-constrained wp-block-group-is-layout-constrained\">\n<h2 class=\"wp-block-heading has-text-align-center has-contrast-color has-text-color has-link-color has-x-large-font-size wp-elements-a2b02abdd87836e4c37c3d36956a1157\" style=\"margin-right:0;margin-left:0;padding-right:0;padding-left:0\">Stockage<\/h2>\n\n\n\n<div style=\"height:var(--wp--preset--spacing--10)\" aria-hidden=\"true\" class=\"wp-block-spacer\"><\/div>\n\n\n\n<p class=\"has-text-align-center\">Le Club de Vol \u00e0 Voile de Gatineau offre un entreposage hivernal int\u00e9rieur et ext\u00e9rieur pour bateaux, campeurs, voitures et autres v\u00e9hicules.<\/p>\n\n\n\n<div class=\"wp-block-buttons is-content-justification-center is-layout-flex wp-container-core-buttons-is-layout-a89b3969 wp-block-buttons-is-layout-flex\">\n<div class=\"wp-block-button\"><a class=\"wp-block-button__link wp-element-button\" href=\"https:\/\/www.gatineauglidingclub.ca\/wp-content\/uploads\/2025\/03\/GATINEAU_GLIDING_CLUB_FEES_2025.pdf\">Consultez nos tarifs<\/a><\/div>\n<\/div>\n\n\n\n<p class=\"has-text-align-center\">Pour plus d\u2019informations ou pour r\u00e9server un espace, contactez : <a href=\"mailto:storage@gatineauglidingclub.ca\">storage@gatineauglidingclub.ca<\/a><\/p>\n<\/div>\n<\/div>","protected":false},"excerpt":{"rendered":"<p>Storage Gatineau Gliding Club offers indoor and outdoor winter storage for boats, campers, cars and other vehicles. For more information or to reserve a space, contact storage@gatineauglidingclub.ca<\/p>","protected":false},"author":1,"featured_media":0,"parent":19,"menu_order":9,"comment_status":"closed","ping_status":"closed","template":"page-no-title","meta":{"footnotes":""},"class_list":["post-2919","page","type-page","status-publish","hentry"],"_links":{"self":[{"href":"https:\/\/www.gatineauglidingclub.ca\/fr\/wp-json\/wp\/v2\/pages\/2919","targetHints":{"allow":["GET"]}}],"collection":[{"href":"https:\/\/www.gatineauglidingclub.ca\/fr\/wp-json\/wp\/v2\/pages"}],"about":[{"href":"https:\/\/www.gatineauglidingclub.ca\/fr\/wp-json\/wp\/v2\/types\/page"}],"author":[{"embeddable":true,"href":"https:\/\/www.gatineauglidingclub.ca\/fr\/wp-json\/wp\/v2\/users\/1"}],"replies":[{"embeddable":true,"href":"https:\/\/www.gatineauglidingclub.ca\/fr\/wp-json\/wp\/v2\/comments?post=2919"}],"version-history":[{"count":4,"href":"https:\/\/www.gatineauglidingclub.ca\/fr\/wp-json\/wp\/v2\/pages\/2919\/revisions"}],"predecessor-version":[{"id":2926,"href":"https:\/\/www.gatineauglidingclub.ca\/fr\/wp-json\/wp\/v2\/pages\/2919\/revisions\/2926"}],"up":[{"embeddable":true,"href":"https:\/\/www.gatineauglidingclub.ca\/fr\/wp-json\/wp\/v2\/pages\/19"}],"wp:attachment":[{"href":"https:\/\/www.gatineauglidingclub.ca\/fr\/wp-json\/wp\/v2\/media?parent=2919"}],"curies":[{"name":"wp","href":"https:\/\/api.w.org\/{rel}","templated":true}]}}