{"id":29,"date":"2024-11-15T08:14:35","date_gmt":"2024-11-15T13:14:35","guid":{"rendered":"https:\/\/www.gatineauglidingclub.ca\/?page_id=29"},"modified":"2026-03-23T10:07:02","modified_gmt":"2026-03-23T15:07:02","slug":"affordability","status":"publish","type":"page","link":"https:\/\/www.gatineauglidingclub.ca\/fr\/join\/affordability\/","title":{"rendered":"Accessibilit\u00e9 financi\u00e8re"},"content":{"rendered":"<div class=\"wp-block-group alignfull has-accent-background-color has-background has-global-padding is-layout-constrained wp-container-core-group-is-layout-796362d6 wp-block-group-is-layout-constrained\" style=\"margin-top:0;margin-bottom:0;padding-top:var(--wp--preset--spacing--40);padding-right:var(--wp--preset--spacing--50);padding-bottom:var(--wp--preset--spacing--40);padding-left:var(--wp--preset--spacing--50)\">\n<div class=\"wp-block-columns is-layout-flex wp-container-core-columns-is-layout-549b0c86 wp-block-columns-is-layout-flex\">\n<div class=\"wp-block-column is-vertically-aligned-stretch is-layout-flow wp-block-column-is-layout-flow\" style=\"flex-basis:100%\">\n<h2 class=\"wp-block-heading has-text-align-center\">Combien \u00e7a co\u00fbte ?<\/h2>\n\n\n\n<p class=\"has-text-align-left\">Voler en planeur est le fa\u00e7on le moins ch\u00e8re de piloter un avion r\u00e9guli\u00e8rement.<\/p>\n\n\n\n<ul class=\"wp-block-list\">\n<li>Le co\u00fbt typique pour obtenir une licence de  pilote de planeur, si vous l\u2019obtenez en une saison, est de<strong> $5000 &#8211; 6000<\/strong> *<\/li>\n\n\n\n<li>e co\u00fbt annuel typique pour un pilote de planeur d\u00e9j\u00e0 licenci\u00e9, si vous prenez un plan de location de planeurs du club et vous volez entre 15 et  50 heures dans l\u2019ann\u00e9e : <strong>$3000 &#8211; 5000<\/strong> **<\/li>\n\n\n\n<li>Le co\u00fbt annuel typique si vous poss\u00e9dez d\u00e9j\u00e0 un planeur, est environs <strong>$4000 +<\/strong> ***<\/li>\n<\/ul>\n\n\n\n<p>Bien que ces co\u00fbts soient beaucoup moins \u00e9lev\u00e9s que pour les avions \u00e0 moteur, ils peuvent repr\u00e9senter un d\u00e9fi pour de nombreux pilotes potentiels dans une \u00e9conomie difficile. Pour rendre le vol au club plus accessible \u00e0 notre communaut\u00e9, il existe des bourses pour les femmes pilotes et les jeunes. <a href=\"https:\/\/www.gatineauglidingclub.ca\/fr\/join\/youth-programs\/\" data-type=\"page\" data-id=\"585\"><span style=\"text-decoration: underline;\">jeunes<\/span><\/a>.<\/p>\n\n\n\n<div class=\"wp-block-buttons is-layout-flex wp-block-buttons-is-layout-flex\">\n<div class=\"wp-block-button\"><a class=\"wp-block-button__link has-contrast-color has-contrast-3-background-color has-text-color has-background has-link-color wp-element-button\" href=\"https:\/\/www.gatineauglidingclub.ca\/wp-content\/uploads\/2026\/03\/GATINEAU_GLIDING_CLUB_FEES_Rev260323.pdf\">Tariffs<\/a><\/div>\n<\/div>\n<\/div>\n<\/div>\n<\/div>\n\n\n\n<div class=\"wp-block-group alignfull has-accent-2-background-color has-background has-global-padding is-layout-constrained wp-container-core-group-is-layout-796362d6 wp-block-group-is-layout-constrained\" style=\"margin-top:0;margin-bottom:0;padding-top:var(--wp--preset--spacing--40);padding-right:var(--wp--preset--spacing--50);padding-bottom:var(--wp--preset--spacing--40);padding-left:var(--wp--preset--spacing--50)\">\n<div class=\"wp-block-columns is-layout-flex wp-container-core-columns-is-layout-549b0c86 wp-block-columns-is-layout-flex\">\n<div class=\"wp-block-column is-vertically-aligned-stretch is-layout-flow wp-block-column-is-layout-flow\" style=\"flex-basis:100%\">\n<p class=\"has-small-font-size\"><strong>* L'estimation de l'\u00e9tudiant comprend : <\/strong>les frais d'adh\u00e9sion annuelle, le plan de location (forfait 1), les frais de remorqu\u00e9 pour 40 \u00e0 60 vols, l'\u00e9cole au sol, les livres obligatoires, l'examen Transport Canada et les frais de licence. En outre, un examen m\u00e9dical payant avec un m\u00e9decin de l'aviation peut \u00e9galement \u00eatre n\u00e9cessaire en fonction de vos ant\u00e9c\u00e9dents m\u00e9dicaux.<\/p>\n\n\n\n<p class=\"has-small-font-size\"><strong>** L'estimation pour un pilote d\u00e9j\u00e0 licenci\u00e9 comprend :<\/strong> les frais d'adh\u00e9sion annuelle, le forfait de vol et les frais de remorqu\u00e9.<\/p>\n\n\n\n<p class=\"has-small-font-size\"><strong>*** L'estimation du planeur priv\u00e9 comprend : <\/strong>les frais d'adh\u00e9sion annuelle, les tarifs frais de remorqu\u00e9, les frais de hangar et de stockage, l'assurance du planeur, l'inspection annuelle et le pliage annuel du parachute. Les co\u00fbts d'entretien des planeurs peuvent varier consid\u00e9rablement et ne sont pas inclus dans cette estimation.<\/p>\n\n\n\n<p class=\"has-small-font-size\">Pour les tarifs actuels de CVVG, consultez notre <a href=\"https:\/\/www.gatineauglidingclub.ca\/wp-content\/uploads\/2025\/03\/GATINEAU_GLIDING_CLUB_FEES_2025.pdf\">bar\u00e8me annuel des frais<\/a>.<\/p>\n<\/div>\n<\/div>\n<\/div>\n\n\n\n<div class=\"wp-block-group alignfull has-accent-3-background-color has-background has-global-padding is-layout-constrained wp-container-core-group-is-layout-d89aad35 wp-block-group-is-layout-constrained\" style=\"margin-top:0;margin-bottom:0;padding-top:var(--wp--preset--spacing--50);padding-right:var(--wp--preset--spacing--50);padding-bottom:var(--wp--preset--spacing--50);padding-left:var(--wp--preset--spacing--50)\">\n<div class=\"wp-block-columns alignwide is-layout-flex wp-container-core-columns-is-layout-1da03c2a wp-block-columns-is-layout-flex\">\n<div class=\"wp-block-column is-vertically-aligned-top is-layout-flow wp-block-column-is-layout-flow\" style=\"flex-basis:50%\">\n<figure class=\"wp-block-image size-full is-style-rounded is-style-rounded--1\"><img loading=\"lazy\" decoding=\"async\" width=\"2000\" height=\"1333\" src=\"https:\/\/www.gatineauglidingclub.ca\/wp-content\/uploads\/2024\/11\/8.jpg\" alt=\"\" class=\"wp-image-111\" style=\"aspect-ratio:4\/3;object-fit:cover\" srcset=\"https:\/\/www.gatineauglidingclub.ca\/wp-content\/uploads\/2024\/11\/8.jpg 2000w, https:\/\/www.gatineauglidingclub.ca\/wp-content\/uploads\/2024\/11\/8-300x200.jpg 300w, https:\/\/www.gatineauglidingclub.ca\/wp-content\/uploads\/2024\/11\/8-1024x682.jpg 1024w, https:\/\/www.gatineauglidingclub.ca\/wp-content\/uploads\/2024\/11\/8-768x512.jpg 768w, https:\/\/www.gatineauglidingclub.ca\/wp-content\/uploads\/2024\/11\/8-1536x1024.jpg 1536w, https:\/\/www.gatineauglidingclub.ca\/wp-content\/uploads\/2024\/11\/8-18x12.jpg 18w\" sizes=\"auto, (max-width: 2000px) 100vw, 2000px\" \/><\/figure>\n<\/div>\n\n\n\n<div class=\"wp-block-column is-layout-flow wp-block-column-is-layout-flow\" style=\"flex-basis:50%\">\n<h2 class=\"wp-block-heading\">Bourses \u2014 pilotes femmes<\/h2>\n\n\n\n<p>C\u00e9l\u00e9brer la diversit\u00e9 et l'inclusion est important au Club de vol \u00e0 voile de Gatineau. Au cours de notre histoire, certains de nos pilotes membres, y compris les jeunes pilotes f\u00e9minines, ont poursuivi des carri\u00e8res dans l'aviation commerciale.&nbsp;<\/p>\n\n\n\n<p>Pour les femmes qui cherchent un soutien financier pour d\u00e9velopper leurs comp\u00e9tences de pilote, des bourses sont disponibles aupr\u00e8s de l'Association des pilotes de planeur f\u00e9minins (Woman's Soaring Pilots Association).&nbsp;<\/p>\n\n\n\n<p>Cliquez sur le lien ci-dessous pour en savoir plus sur les crit\u00e8res d'\u00e9ligibilit\u00e9 et la proc\u00e9dure de demande.<\/p>\n\n\n\n<div class=\"wp-block-buttons is-layout-flex wp-block-buttons-is-layout-flex\">\n<div class=\"wp-block-button\"><a class=\"wp-block-button__link has-contrast-2-background-color has-background wp-element-button\" href=\"https:\/\/womensoaring.org\/\">D\u00e9couvrez plus d'informations ou faites une demande sur womensoaring.org &gt;<\/a><\/div>\n<\/div>\n<\/div>\n<\/div>\n<\/div>","protected":false},"excerpt":{"rendered":"<p>What does it cost? Gliding is the least expensive way to fly an aircraft on a regular basis. While these costs are much less than for powered aircraft, they can still represent an affordability challenge for many prospective pilots in a challenging economy. To make flying at GGC more accessible to our community, there are [&hellip;]<\/p>\n","protected":false},"author":1,"featured_media":0,"parent":716,"menu_order":4,"comment_status":"closed","ping_status":"closed","template":"","meta":{"footnotes":""},"class_list":["post-29","page","type-page","status-publish","hentry"],"_links":{"self":[{"href":"https:\/\/www.gatineauglidingclub.ca\/fr\/wp-json\/wp\/v2\/pages\/29","targetHints":{"allow":["GET"]}}],"collection":[{"href":"https:\/\/www.gatineauglidingclub.ca\/fr\/wp-json\/wp\/v2\/pages"}],"about":[{"href":"https:\/\/www.gatineauglidingclub.ca\/fr\/wp-json\/wp\/v2\/types\/page"}],"author":[{"embeddable":true,"href":"https:\/\/www.gatineauglidingclub.ca\/fr\/wp-json\/wp\/v2\/users\/1"}],"replies":[{"embeddable":true,"href":"https:\/\/www.gatineauglidingclub.ca\/fr\/wp-json\/wp\/v2\/comments?post=29"}],"version-history":[{"count":53,"href":"https:\/\/www.gatineauglidingclub.ca\/fr\/wp-json\/wp\/v2\/pages\/29\/revisions"}],"predecessor-version":[{"id":3175,"href":"https:\/\/www.gatineauglidingclub.ca\/fr\/wp-json\/wp\/v2\/pages\/29\/revisions\/3175"}],"up":[{"embeddable":true,"href":"https:\/\/www.gatineauglidingclub.ca\/fr\/wp-json\/wp\/v2\/pages\/716"}],"wp:attachment":[{"href":"https:\/\/www.gatineauglidingclub.ca\/fr\/wp-json\/wp\/v2\/media?parent=29"}],"curies":[{"name":"wp","href":"https:\/\/api.w.org\/{rel}","templated":true}]}}