{"id":2,"date":"2024-11-15T11:25:24","date_gmt":"2024-11-15T11:25:24","guid":{"rendered":"https:\/\/www.gatineauglidingclub.ca\/?page_id=2"},"modified":"2026-04-17T10:09:49","modified_gmt":"2026-04-17T15:09:49","slug":"home-page","status":"publish","type":"page","link":"https:\/\/www.gatineauglidingclub.ca\/fr\/","title":{"rendered":"Welcome"},"content":{"rendered":"<div class=\"wp-block-group alignfull has-accent-3-background-color has-background has-global-padding is-layout-constrained wp-container-core-group-is-layout-d89aad35 wp-block-group-is-layout-constrained\" style=\"margin-top:0;margin-bottom:0;padding-top:var(--wp--preset--spacing--50);padding-right:var(--wp--preset--spacing--50);padding-bottom:var(--wp--preset--spacing--50);padding-left:var(--wp--preset--spacing--50)\">\n<div class=\"wp-block-columns alignwide is-layout-flex wp-container-core-columns-is-layout-1da03c2a wp-block-columns-is-layout-flex\">\n<div class=\"wp-block-column is-layout-flow wp-block-column-is-layout-flow\" style=\"flex-basis:50%\">\n<h2 class=\"wp-block-heading\">Concours de vol \u00e0 voile Mayfly 2026<\/h2>\n\n\n\n<p><strong><strong>du vendredi 15 mai au lundi 18 mai 2026<\/strong>.<\/strong><\/p>\n\n\n\n<p>Le concours MayFly est une excellente opportunit\u00e9 pour les nouveaux pilotes de cross-country d'acqu\u00e9rir une exp\u00e9rience de comp\u00e9tition dans un environnement d\u00e9tendu. Le concours MayFly attire entre 20 et 25 pilotes de l'Ontario et du Qu\u00e9bec. Les objectifs du concours MayFly sont de :<\/p>\n\n\n\n<ol style=\"margin-right:var(--wp--preset--spacing--10);margin-left:var(--wp--preset--spacing--10)\" class=\"wp-block-list\">\n<li>Initier les pilotes relativement nouveaux au vol de comp\u00e9tition&nbsp;<\/li>\n\n\n\n<li>Essayer des proc\u00e9dures de comp\u00e9tition innovantes<\/li>\n\n\n\n<li>Maximiser le plaisir des pilotes, tant pour les nouveaux que pour les pilotes exp\u00e9riment\u00e9s<\/li>\n<\/ol>\n\n\n\n<div class=\"wp-block-buttons is-layout-flex wp-block-buttons-is-layout-flex\">\n<div class=\"wp-block-button\"><a class=\"wp-block-button__link has-contrast-color has-contrast-3-background-color has-text-color has-background has-link-color wp-element-button\" href=\"https:\/\/www.gatineauglidingclub.ca\/fr\/grow\/mayfly\/\">En savoir plus &gt;<\/a><\/div>\n\n\n\n<div class=\"wp-block-button\"><a class=\"wp-block-button__link has-contrast-color has-contrast-3-background-color has-text-color has-background has-link-color wp-element-button\" href=\"https:\/\/www.gatineauglidingclub.ca\/fr\/mayfly-registration\/\">S'inscrire &gt;<\/a><\/div>\n<\/div>\n<\/div>\n\n\n\n<div class=\"wp-block-column is-vertically-aligned-top is-layout-flow wp-block-column-is-layout-flow\" style=\"flex-basis:50%\">\n<figure class=\"wp-block-image size-full is-style-rounded is-style-rounded--1\"><img loading=\"lazy\" decoding=\"async\" width=\"1600\" height=\"1067\" src=\"https:\/\/www.gatineauglidingclub.ca\/wp-content\/uploads\/2024\/11\/IMG_8111.webp\" alt=\"\" class=\"wp-image-344\" style=\"aspect-ratio:4\/3;object-fit:cover\" srcset=\"https:\/\/www.gatineauglidingclub.ca\/wp-content\/uploads\/2024\/11\/IMG_8111.webp 1600w, https:\/\/www.gatineauglidingclub.ca\/wp-content\/uploads\/2024\/11\/IMG_8111-300x200.webp 300w, https:\/\/www.gatineauglidingclub.ca\/wp-content\/uploads\/2024\/11\/IMG_8111-1024x683.webp 1024w, https:\/\/www.gatineauglidingclub.ca\/wp-content\/uploads\/2024\/11\/IMG_8111-768x512.webp 768w, https:\/\/www.gatineauglidingclub.ca\/wp-content\/uploads\/2024\/11\/IMG_8111-1536x1024.webp 1536w, https:\/\/www.gatineauglidingclub.ca\/wp-content\/uploads\/2024\/11\/IMG_8111-18x12.webp 18w\" sizes=\"auto, (max-width: 1600px) 100vw, 1600px\" \/><\/figure>\n<\/div>\n<\/div>\n<\/div>\n\n\n\n<div class=\"wp-block-group alignfull has-background has-global-padding is-layout-constrained wp-container-core-group-is-layout-4970ec83 wp-block-group-is-layout-constrained\" style=\"background:linear-gradient(180deg,rgb(20,93,153) 0%,rgb(163,202,233) 100%);padding-top:var(--wp--preset--spacing--50);padding-right:var(--wp--preset--spacing--50);padding-bottom:0;padding-left:var(--wp--preset--spacing--50)\">\n<div class=\"wp-block-group has-global-padding is-layout-constrained wp-container-core-group-is-layout-650790e1 wp-block-group-is-layout-constrained\">\n<h1 class=\"wp-block-heading has-text-align-center has-base-color has-text-color has-link-color has-x-large-font-size wp-elements-2f2e850ec99eeba40384618cf4641a2c\">D\u00e9couvrez la libert\u00e9 :<br>S'\u00e9lever dans le ciel comme un aigle<\/h1>\n\n\n\n<div style=\"height:1.25rem\" aria-hidden=\"true\" class=\"wp-block-spacer\"><\/div>\n\n\n\n<p class=\"has-text-align-center has-base-color has-text-color has-link-color wp-elements-1209e7d8c217a9de0fc67ff1fc2c21dd\">Voler \u00e0 travers le ciel sans effort en travaillant avec l'\u00e9nergie invisible de la nature. D\u00e9couvrez l'excitation, l'aventure et le d\u00e9veloppement personnel que offre le vol \u00e0 voile.<\/p>\n\n\n\n<div style=\"height:1.25rem\" aria-hidden=\"true\" class=\"wp-block-spacer\"><\/div>\n\n\n\n<div class=\"wp-block-buttons is-content-justification-center is-layout-flex wp-container-core-buttons-is-layout-a89b3969 wp-block-buttons-is-layout-flex\">\n<div class=\"wp-block-button is-style-fill\"><a class=\"wp-block-button__link has-contrast-color has-contrast-3-background-color has-text-color has-background has-link-color wp-element-button\" href=\"https:\/\/www.gatineauglidingclub.ca\/fr\/gliding\/experience\/\">Buy a Glider Ride &gt;<\/a><\/div>\n\n\n\n<div class=\"wp-block-button is-style-fill\"><a class=\"wp-block-button__link has-contrast-color has-contrast-3-background-color has-text-color has-background has-link-color wp-element-button\" href=\"https:\/\/www.gatineauglidingclub.ca\/fr\/learn\/trial-instruction\/\">Get a 5 Pack &gt;<\/a><\/div>\n<\/div>\n<\/div>\n\n\n\n<div style=\"height:var(--wp--preset--spacing--30)\" aria-hidden=\"true\" class=\"wp-block-spacer\"><\/div>\n\n\n\n<figure class=\"wp-block-image alignwide size-full is-style-rounded is-style-rounded--2\"><img loading=\"lazy\" decoding=\"async\" width=\"2000\" height=\"1330\" src=\"https:\/\/www.gatineauglidingclub.ca\/wp-content\/uploads\/2024\/11\/17.jpg\" alt=\"\" class=\"wp-image-90\" srcset=\"https:\/\/www.gatineauglidingclub.ca\/wp-content\/uploads\/2024\/11\/17.jpg 2000w, https:\/\/www.gatineauglidingclub.ca\/wp-content\/uploads\/2024\/11\/17-300x200.jpg 300w, https:\/\/www.gatineauglidingclub.ca\/wp-content\/uploads\/2024\/11\/17-1024x681.jpg 1024w, https:\/\/www.gatineauglidingclub.ca\/wp-content\/uploads\/2024\/11\/17-768x511.jpg 768w, https:\/\/www.gatineauglidingclub.ca\/wp-content\/uploads\/2024\/11\/17-1536x1021.jpg 1536w, https:\/\/www.gatineauglidingclub.ca\/wp-content\/uploads\/2024\/11\/17-18x12.jpg 18w\" sizes=\"auto, (max-width: 2000px) 100vw, 2000px\" \/><\/figure>\n<\/div>\n\n\n\n<figure class=\"wp-block-image alignfull size-large\" style=\"margin-top:0;margin-bottom:0\"><img loading=\"lazy\" decoding=\"async\" width=\"1024\" height=\"340\" src=\"https:\/\/www.gatineauglidingclub.ca\/wp-content\/uploads\/2025\/01\/bg-cloud-top-1024x340.jpg\" alt=\"\" class=\"wp-image-2036\" srcset=\"https:\/\/www.gatineauglidingclub.ca\/wp-content\/uploads\/2025\/01\/bg-cloud-top-1024x340.jpg 1024w, https:\/\/www.gatineauglidingclub.ca\/wp-content\/uploads\/2025\/01\/bg-cloud-top-300x100.jpg 300w, https:\/\/www.gatineauglidingclub.ca\/wp-content\/uploads\/2025\/01\/bg-cloud-top-768x255.jpg 768w, https:\/\/www.gatineauglidingclub.ca\/wp-content\/uploads\/2025\/01\/bg-cloud-top-1536x510.jpg 1536w, https:\/\/www.gatineauglidingclub.ca\/wp-content\/uploads\/2025\/01\/bg-cloud-top-2048x680.jpg 2048w, https:\/\/www.gatineauglidingclub.ca\/wp-content\/uploads\/2025\/01\/bg-cloud-top-18x6.jpg 18w\" sizes=\"auto, (max-width: 1024px) 100vw, 1024px\" \/><\/figure>\n\n\n\n<div class=\"wp-block-group alignfull has-accent-5-color has-base-background-color has-text-color has-background has-link-color wp-elements-2a26f77e5a90a730ec7b865544dd97de has-global-padding is-layout-constrained wp-container-core-group-is-layout-cb151cc7 wp-block-group-is-layout-constrained\" style=\"margin-top:0;margin-bottom:0;padding-top:0;padding-right:var(--wp--preset--spacing--50);padding-bottom:0;padding-left:var(--wp--preset--spacing--50)\">\n<div class=\"wp-block-columns alignwide is-layout-flex wp-container-core-columns-is-layout-1da03c2a wp-block-columns-is-layout-flex\">\n<div class=\"wp-block-column is-vertically-aligned-center is-layout-flow wp-block-column-is-layout-flow\" style=\"flex-basis:50%\">\n<figure class=\"wp-block-image size-full is-style-rounded wp-duotone-unset-4 is-style-rounded--3\"><img loading=\"lazy\" decoding=\"async\" width=\"1280\" height=\"857\" src=\"https:\/\/www.gatineauglidingclub.ca\/wp-content\/uploads\/2025\/01\/DSC_0985-Large.jpeg\" alt=\"\" class=\"wp-image-1880\" style=\"aspect-ratio:4\/3;object-fit:cover\" srcset=\"https:\/\/www.gatineauglidingclub.ca\/wp-content\/uploads\/2025\/01\/DSC_0985-Large.jpeg 1280w, https:\/\/www.gatineauglidingclub.ca\/wp-content\/uploads\/2025\/01\/DSC_0985-Large-300x201.jpeg 300w, https:\/\/www.gatineauglidingclub.ca\/wp-content\/uploads\/2025\/01\/DSC_0985-Large-1024x686.jpeg 1024w, https:\/\/www.gatineauglidingclub.ca\/wp-content\/uploads\/2025\/01\/DSC_0985-Large-768x514.jpeg 768w, https:\/\/www.gatineauglidingclub.ca\/wp-content\/uploads\/2025\/01\/DSC_0985-Large-18x12.jpeg 18w\" sizes=\"auto, (max-width: 1280px) 100vw, 1280px\" \/><\/figure>\n<\/div>\n\n\n\n<div class=\"wp-block-column is-layout-flow wp-block-column-is-layout-flow\" style=\"flex-basis:50%\">\n<h2 class=\"wp-block-heading has-accent-5-color has-text-color has-link-color wp-elements-3fd788ef2f1d816c373217e91c08e37b\">Apprendre \u00e0 voler<\/h2>\n\n\n\n<p>Notre programme de formation pour les nouveaux pilotes commence \u00e0 la case d\u00e9part, offrant une instruction experte et une communaut\u00e9 de soutien pour vous aider \u00e0 acqu\u00e9rir les comp\u00e9tences et la confiance n\u00e9cessaires pour voler.<\/p>\n\n\n\n<h4 class=\"wp-block-heading has-accent-5-color has-text-color has-link-color wp-elements-c0aaf6fd1edbdf630d3370f74a949fa0\">D\u00e9j\u00e0 un pilot exp\u00e9riment\u00e9 ?<\/h4>\n\n\n\n<p>Vous revenez avec votre licence de pilote apr\u00e8s une dur\u00e9 prolong\u00e9e, ou vous souhaitez passer du vol motoris\u00e9 au vol en planeur? Nous personnalisons une programme en fonction de vos besoins.<\/p>\n\n\n\n<div class=\"wp-block-buttons is-layout-flex wp-block-buttons-is-layout-flex\">\n<div class=\"wp-block-button\"><a class=\"wp-block-button__link has-contrast-color has-contrast-3-background-color has-text-color has-background has-link-color wp-element-button\" href=\"https:\/\/www.gatineauglidingclub.ca\/fr\/learn\/\">En savoir plus &gt;<\/a><\/div>\n<\/div>\n<\/div>\n<\/div>\n<\/div>\n\n\n\n<figure class=\"wp-block-image alignfull size-large\" style=\"margin-top:0;margin-bottom:0\"><img loading=\"lazy\" decoding=\"async\" width=\"1024\" height=\"269\" src=\"https:\/\/www.gatineauglidingclub.ca\/wp-content\/uploads\/2025\/01\/bg-clouds-bottom-1024x269.jpg\" alt=\"\" class=\"wp-image-2040\" srcset=\"https:\/\/www.gatineauglidingclub.ca\/wp-content\/uploads\/2025\/01\/bg-clouds-bottom-1024x269.jpg 1024w, https:\/\/www.gatineauglidingclub.ca\/wp-content\/uploads\/2025\/01\/bg-clouds-bottom-300x79.jpg 300w, https:\/\/www.gatineauglidingclub.ca\/wp-content\/uploads\/2025\/01\/bg-clouds-bottom-768x202.jpg 768w, https:\/\/www.gatineauglidingclub.ca\/wp-content\/uploads\/2025\/01\/bg-clouds-bottom-1536x403.jpg 1536w, https:\/\/www.gatineauglidingclub.ca\/wp-content\/uploads\/2025\/01\/bg-clouds-bottom-2048x538.jpg 2048w, https:\/\/www.gatineauglidingclub.ca\/wp-content\/uploads\/2025\/01\/bg-clouds-bottom-18x5.jpg 18w\" sizes=\"auto, (max-width: 1024px) 100vw, 1024px\" \/><\/figure>\n\n\n\n<div class=\"wp-block-group alignfull has-base-color has-accent-3-background-color has-text-color has-background has-link-color wp-elements-01db0bc6002f2d6ddba6781adf6ac472 has-global-padding is-layout-constrained wp-container-core-group-is-layout-cb151cc7 wp-block-group-is-layout-constrained\" style=\"margin-top:0;margin-bottom:0;padding-top:0;padding-right:var(--wp--preset--spacing--50);padding-bottom:0;padding-left:var(--wp--preset--spacing--50)\">\n<div class=\"wp-block-columns alignwide is-layout-flex wp-container-core-columns-is-layout-1da03c2a wp-block-columns-is-layout-flex\">\n<div class=\"wp-block-column is-layout-flow wp-block-column-is-layout-flow\" style=\"flex-basis:50%\">\n<h2 class=\"wp-block-heading has-base-color has-text-color has-link-color wp-elements-db020d5b03a0765895586c85d6d6a527\">\u00c9volution du pilote<\/h2>\n\n\n\n<p class=\"has-contrast-color has-text-color has-link-color wp-elements-986ba710d9b7cce32b23fe7daf9cf09d\">Nous offrons un programme de vol sur mesure pour am\u00e9liorer vos comp\u00e9tences, explorer le vol sur la campagne, et entrer en contact avec des mentors exp\u00e9riment\u00e9s. D\u00e9couvrez de nouveaux horizons et augmentez votre exp\u00e9rience de vol.<\/p>\n\n\n\n<div class=\"wp-block-buttons is-layout-flex wp-block-buttons-is-layout-flex\">\n<div class=\"wp-block-button\"><a class=\"wp-block-button__link has-contrast-color has-contrast-3-background-color has-text-color has-background has-link-color wp-element-button\" href=\"https:\/\/www.gatineauglidingclub.ca\/fr\/grow\/\">En savoir plus &gt;<\/a><\/div>\n<\/div>\n\n\n\n<figure class=\"wp-block-image size-full is-resized\" style=\"margin-top:var(--wp--preset--spacing--30);margin-bottom:var(--wp--preset--spacing--30)\"><img loading=\"lazy\" decoding=\"async\" width=\"136\" height=\"74\" src=\"https:\/\/www.gatineauglidingclub.ca\/wp-content\/uploads\/2025\/01\/Bird-Silhouettes.png\" alt=\"\" class=\"wp-image-2073\" style=\"width:100px\" srcset=\"https:\/\/www.gatineauglidingclub.ca\/wp-content\/uploads\/2025\/01\/Bird-Silhouettes.png 136w, https:\/\/www.gatineauglidingclub.ca\/wp-content\/uploads\/2025\/01\/Bird-Silhouettes-18x10.png 18w\" sizes=\"auto, (max-width: 136px) 100vw, 136px\" \/><\/figure>\n<\/div>\n\n\n\n<div class=\"wp-block-column is-vertically-aligned-center is-layout-flow wp-block-column-is-layout-flow\" style=\"flex-basis:50%\">\n<figure class=\"wp-block-image size-full is-style-rounded wp-duotone-unset-6 is-style-rounded--5\"><img loading=\"lazy\" decoding=\"async\" width=\"1280\" height=\"720\" src=\"https:\/\/www.gatineauglidingclub.ca\/wp-content\/uploads\/2024\/11\/20240810_184249181_iOS-Large.jpeg\" alt=\"\" class=\"wp-image-365\" style=\"aspect-ratio:4\/3;object-fit:cover\" srcset=\"https:\/\/www.gatineauglidingclub.ca\/wp-content\/uploads\/2024\/11\/20240810_184249181_iOS-Large.jpeg 1280w, https:\/\/www.gatineauglidingclub.ca\/wp-content\/uploads\/2024\/11\/20240810_184249181_iOS-Large-300x169.jpeg 300w, https:\/\/www.gatineauglidingclub.ca\/wp-content\/uploads\/2024\/11\/20240810_184249181_iOS-Large-1024x576.jpeg 1024w, https:\/\/www.gatineauglidingclub.ca\/wp-content\/uploads\/2024\/11\/20240810_184249181_iOS-Large-768x432.jpeg 768w, https:\/\/www.gatineauglidingclub.ca\/wp-content\/uploads\/2024\/11\/20240810_184249181_iOS-Large-18x10.jpeg 18w\" sizes=\"auto, (max-width: 1280px) 100vw, 1280px\" \/><\/figure>\n<\/div>\n<\/div>\n<\/div>\n\n\n\n<figure class=\"wp-block-image alignfull size-large\" style=\"margin-top:0;margin-bottom:0\"><img loading=\"lazy\" decoding=\"async\" width=\"1024\" height=\"260\" src=\"https:\/\/www.gatineauglidingclub.ca\/wp-content\/uploads\/2025\/02\/blurred-ground-2-1-1024x260.jpg\" alt=\"\" class=\"wp-image-2660\" srcset=\"https:\/\/www.gatineauglidingclub.ca\/wp-content\/uploads\/2025\/02\/blurred-ground-2-1-1024x260.jpg 1024w, https:\/\/www.gatineauglidingclub.ca\/wp-content\/uploads\/2025\/02\/blurred-ground-2-1-300x76.jpg 300w, https:\/\/www.gatineauglidingclub.ca\/wp-content\/uploads\/2025\/02\/blurred-ground-2-1-768x195.jpg 768w, https:\/\/www.gatineauglidingclub.ca\/wp-content\/uploads\/2025\/02\/blurred-ground-2-1-1536x390.jpg 1536w, https:\/\/www.gatineauglidingclub.ca\/wp-content\/uploads\/2025\/02\/blurred-ground-2-1-2048x520.jpg 2048w, https:\/\/www.gatineauglidingclub.ca\/wp-content\/uploads\/2025\/02\/blurred-ground-2-1-18x5.jpg 18w\" sizes=\"auto, (max-width: 1024px) 100vw, 1024px\" \/><\/figure>\n\n\n\n<div class=\"wp-block-group alignfull has-base-color has-base-2-background-color has-text-color has-background has-link-color wp-elements-4c752220ecba20e6fd1ffebbd1fc9c57 has-global-padding is-layout-constrained wp-container-core-group-is-layout-11910ff2 wp-block-group-is-layout-constrained\" style=\"margin-top:0;margin-bottom:0;padding-top:0;padding-right:var(--wp--preset--spacing--50);padding-bottom:var(--wp--preset--spacing--50);padding-left:var(--wp--preset--spacing--50)\">\n<div class=\"wp-block-columns alignwide is-layout-flex wp-container-core-columns-is-layout-1da03c2a wp-block-columns-is-layout-flex\">\n<div class=\"wp-block-column is-vertically-aligned-top is-layout-flow wp-block-column-is-layout-flow\" style=\"flex-basis:50%\">\n<figure class=\"wp-block-image size-large is-style-rounded is-style-rounded--7\"><img loading=\"lazy\" decoding=\"async\" width=\"1024\" height=\"771\" src=\"https:\/\/www.gatineauglidingclub.ca\/wp-content\/uploads\/2025\/01\/GliderAndFamily-1024x771.jpg\" alt=\"\" class=\"wp-image-2211\" style=\"aspect-ratio:4\/3;object-fit:cover\" srcset=\"https:\/\/www.gatineauglidingclub.ca\/wp-content\/uploads\/2025\/01\/GliderAndFamily-1024x771.jpg 1024w, https:\/\/www.gatineauglidingclub.ca\/wp-content\/uploads\/2025\/01\/GliderAndFamily-300x226.jpg 300w, https:\/\/www.gatineauglidingclub.ca\/wp-content\/uploads\/2025\/01\/GliderAndFamily-768x578.jpg 768w, https:\/\/www.gatineauglidingclub.ca\/wp-content\/uploads\/2025\/01\/GliderAndFamily-1536x1157.jpg 1536w, https:\/\/www.gatineauglidingclub.ca\/wp-content\/uploads\/2025\/01\/GliderAndFamily-2048x1542.jpg 2048w, https:\/\/www.gatineauglidingclub.ca\/wp-content\/uploads\/2025\/01\/GliderAndFamily-16x12.jpg 16w\" sizes=\"auto, (max-width: 1024px) 100vw, 1024px\" \/><\/figure>\n<\/div>\n\n\n\n<div class=\"wp-block-column is-vertically-aligned-stretch is-layout-flow wp-block-column-is-layout-flow\" style=\"flex-basis:50%\">\n<div class=\"wp-block-group is-vertical is-content-justification-stretch is-layout-flex wp-container-core-group-is-layout-444d5ee8 wp-block-group-is-layout-flex\" style=\"min-height:100%\">\n<p class=\"has-base-color has-text-color has-link-color has-brandon-text-font-family has-x-large-font-size wp-elements-28ded67d39f73a29a38cfda52026ff23\" style=\"font-style:normal;font-weight:700;line-height:1.2\">\u00c0 propos du club de vol-\u00e0-voile Gatineau<\/p>\n\n\n\n<div class=\"wp-block-group is-layout-flow wp-block-group-is-layout-flow\">\n<p class=\"wp-container-content-0733e5d0\">Nous sommes le premier centre de vol \u00e0 voile de l'est de l'Ontario.<\/p>\n\n\n\n<p>Nous sommes un club \u00e0 but non lucratif g\u00e9r\u00e9 par des b\u00e9n\u00e9voles. Nous nous consacrons \u00e0 la promotion du vol sans moteur dans l'est de l'Ontario et l'ouest du Qu\u00e9bec<\/p>\n\n\n\n<p>Nous sommes situ\u00e9s sur l'a\u00e9rodrome de Pendleton, ancienne base d'entra\u00eenement de l'arm\u00e9e de l'air de la Seconde Guerre mondiale, \u00e0 moins d'une heure de route d'Ottawa-Gatineau et de l'\u00eele ouest de Montr\u00e9al.<\/p>\n\n\n\n<p class=\"wp-container-content-0733e5d0\">CVVG est fier d'\u00eatre la plus ancienne communaut\u00e9 de vol \u00e0 voile du Canada, desservant l'est de l'Ontario et l'ouest du Qu\u00e9bec.<\/p>\n\n\n\n<div class=\"wp-block-buttons is-layout-flex wp-block-buttons-is-layout-flex\">\n<div class=\"wp-block-button\"><a class=\"wp-block-button__link wp-element-button\" href=\"https:\/\/www.gatineauglidingclub.ca\/fr\/about\/\">En savoir plus &gt;<\/a><\/div>\n<\/div>\n<\/div>\n<\/div>\n<\/div>\n<\/div>\n<\/div>\n\n\n\n<div class=\"wp-block-group alignfull has-base-color has-text-color has-background has-link-color wp-elements-50da8d248dd026d17893e85e20b6c66d has-global-padding is-layout-constrained wp-container-core-group-is-layout-669513ed wp-block-group-is-layout-constrained\" style=\"background-color:#79a124;margin-top:0;margin-bottom:0;padding-top:var(--wp--preset--spacing--50);padding-right:var(--wp--preset--spacing--50);padding-bottom:var(--wp--preset--spacing--50);padding-left:var(--wp--preset--spacing--50)\">\n<div class=\"wp-block-columns alignwide is-layout-flex wp-container-core-columns-is-layout-1da03c2a wp-block-columns-is-layout-flex\">\n<div class=\"wp-block-column is-vertically-aligned-stretch is-layout-flow wp-block-column-is-layout-flow\" style=\"flex-basis:50%\">\n<p style=\"font-size:clamp(0.929rem, 0.929rem + ((1vw - 0.2rem) * 0.785), 1.4rem);font-style:normal;font-weight:300\"><em>Apr\u00e8s avoir envisag\u00e9 d'obtenir mon brevet de pilote de planeur pendant de nombreuses ann\u00e9es, j'ai finalement fait un vol d'initiation \u00e0 GGC en 2022. Quelques mois plus tard, en d\u00e9crivant des cercles et en montant dans une ascendance thermique, je regardais avec \u00e9merveillement un faucon voler en formation sur mon bout d'aile. Je regrette de ne pas avoir commenc\u00e9 il y a des ann\u00e9es.<\/em><\/p>\n\n\n\n<p class=\"has-text-align-right\" style=\"font-size:clamp(0.875rem, 0.875rem + ((1vw - 0.2rem) * 0.208), 1rem);letter-spacing:2px\"><strong>\u2014 LAWRENCE M<\/strong>.<\/p>\n<\/div>\n\n\n\n<div class=\"wp-block-column is-vertically-aligned-stretch is-layout-flow wp-block-column-is-layout-flow\" style=\"flex-basis:50%\">\n<figure class=\"wp-block-image size-full is-style-rounded is-style-rounded--8\"><img loading=\"lazy\" decoding=\"async\" width=\"2048\" height=\"1536\" src=\"https:\/\/www.gatineauglidingclub.ca\/wp-content\/uploads\/2024\/12\/285748778041935867.jpg\" alt=\"\" class=\"wp-image-838\" srcset=\"https:\/\/www.gatineauglidingclub.ca\/wp-content\/uploads\/2024\/12\/285748778041935867.jpg 2048w, https:\/\/www.gatineauglidingclub.ca\/wp-content\/uploads\/2024\/12\/285748778041935867-300x225.jpg 300w, https:\/\/www.gatineauglidingclub.ca\/wp-content\/uploads\/2024\/12\/285748778041935867-1024x768.jpg 1024w, https:\/\/www.gatineauglidingclub.ca\/wp-content\/uploads\/2024\/12\/285748778041935867-768x576.jpg 768w, https:\/\/www.gatineauglidingclub.ca\/wp-content\/uploads\/2024\/12\/285748778041935867-1536x1152.jpg 1536w, https:\/\/www.gatineauglidingclub.ca\/wp-content\/uploads\/2024\/12\/285748778041935867-16x12.jpg 16w\" sizes=\"auto, (max-width: 2048px) 100vw, 2048px\" \/><\/figure>\n<\/div>\n<\/div>\n<\/div>","protected":false},"excerpt":{"rendered":"<p>Mayfly 2026 Soaring Contest Friday May 15 to Monday May 18, 2026. The MayFly contest is a great opportunity for new cross-country pilots to get competition experience in a relaxed environment. The MayFly contest attract 20 to 25 pilots from Ontario and Quebec. The purposes of the MayFly contest are to: Experience the freedom:Soar like [&hellip;]<\/p>\n","protected":false},"author":1,"featured_media":0,"parent":0,"menu_order":1,"comment_status":"closed","ping_status":"closed","template":"page-no-title","meta":{"footnotes":""},"class_list":["post-2","page","type-page","status-publish","hentry"],"_links":{"self":[{"href":"https:\/\/www.gatineauglidingclub.ca\/fr\/wp-json\/wp\/v2\/pages\/2","targetHints":{"allow":["GET"]}}],"collection":[{"href":"https:\/\/www.gatineauglidingclub.ca\/fr\/wp-json\/wp\/v2\/pages"}],"about":[{"href":"https:\/\/www.gatineauglidingclub.ca\/fr\/wp-json\/wp\/v2\/types\/page"}],"author":[{"embeddable":true,"href":"https:\/\/www.gatineauglidingclub.ca\/fr\/wp-json\/wp\/v2\/users\/1"}],"replies":[{"embeddable":true,"href":"https:\/\/www.gatineauglidingclub.ca\/fr\/wp-json\/wp\/v2\/comments?post=2"}],"version-history":[{"count":94,"href":"https:\/\/www.gatineauglidingclub.ca\/fr\/wp-json\/wp\/v2\/pages\/2\/revisions"}],"predecessor-version":[{"id":3245,"href":"https:\/\/www.gatineauglidingclub.ca\/fr\/wp-json\/wp\/v2\/pages\/2\/revisions\/3245"}],"wp:attachment":[{"href":"https:\/\/www.gatineauglidingclub.ca\/fr\/wp-json\/wp\/v2\/media?parent=2"}],"curies":[{"name":"wp","href":"https:\/\/api.w.org\/{rel}","templated":true}]}}