{"id":19,"date":"2024-11-15T07:26:45","date_gmt":"2024-11-15T12:26:45","guid":{"rendered":"https:\/\/www.gatineauglidingclub.ca\/?page_id=19"},"modified":"2026-03-21T11:17:46","modified_gmt":"2026-03-21T16:17:46","slug":"about","status":"publish","type":"page","link":"https:\/\/www.gatineauglidingclub.ca\/fr\/about\/","title":{"rendered":"\u00c0 propos de GGC"},"content":{"rendered":"<figure class=\"wp-block-image alignfull size-large\"><img loading=\"lazy\" decoding=\"async\" width=\"1024\" height=\"391\" src=\"https:\/\/www.gatineauglidingclub.ca\/wp-content\/uploads\/2025\/07\/IMG_7539-1-1024x391.jpg\" alt=\"\" class=\"wp-image-2981\" srcset=\"https:\/\/www.gatineauglidingclub.ca\/wp-content\/uploads\/2025\/07\/IMG_7539-1-1024x391.jpg 1024w, https:\/\/www.gatineauglidingclub.ca\/wp-content\/uploads\/2025\/07\/IMG_7539-1-300x115.jpg 300w, https:\/\/www.gatineauglidingclub.ca\/wp-content\/uploads\/2025\/07\/IMG_7539-1-768x293.jpg 768w, https:\/\/www.gatineauglidingclub.ca\/wp-content\/uploads\/2025\/07\/IMG_7539-1-1536x587.jpg 1536w, https:\/\/www.gatineauglidingclub.ca\/wp-content\/uploads\/2025\/07\/IMG_7539-1-18x7.jpg 18w, https:\/\/www.gatineauglidingclub.ca\/wp-content\/uploads\/2025\/07\/IMG_7539-1.jpg 2000w\" sizes=\"auto, (max-width: 1024px) 100vw, 1024px\" \/><\/figure>\n\n\n\n<div class=\"wp-block-group alignfull has-base-color has-accent-5-background-color has-text-color has-background has-link-color wp-elements-bc59af6a53bccb45a22ee6aab5b94402 has-global-padding is-layout-constrained wp-container-core-group-is-layout-d89aad35 wp-block-group-is-layout-constrained\" style=\"margin-top:0;margin-bottom:0;padding-top:var(--wp--preset--spacing--50);padding-right:var(--wp--preset--spacing--50);padding-bottom:var(--wp--preset--spacing--50);padding-left:var(--wp--preset--spacing--50)\">\n<div class=\"wp-block-columns alignwide is-layout-flex wp-container-core-columns-is-layout-1da03c2a wp-block-columns-is-layout-flex\">\n<div class=\"wp-block-column is-layout-flow wp-block-column-is-layout-flow\" style=\"flex-basis:50%\">\n<h2 class=\"wp-block-heading has-base-color has-text-color has-link-color wp-elements-d9029c41062dc4f95d7288242b147541\">Le saison de vol du Club de vol a voile de Gatineau (CVVG) 2025<\/h2>\n\n\n\n<p>Faits saillants de la saison, en images.<\/p>\n\n\n\n<div class=\"wp-block-buttons is-layout-flex wp-block-buttons-is-layout-flex\">\n<div class=\"wp-block-button\"><a class=\"wp-block-button__link has-contrast-color has-contrast-3-background-color has-text-color has-background has-link-color wp-element-button\" href=\"https:\/\/www.youtube.com\/watch?v=hSgRCFM36yI\" style=\"letter-spacing:2px\" target=\"_blank\" rel=\"noreferrer noopener\">Voir sur youtube<\/a><\/div>\n<\/div>\n<\/div>\n\n\n\n<div class=\"wp-block-column is-vertically-aligned-center is-layout-flow wp-block-column-is-layout-flow\" style=\"flex-basis:50%\">\n<figure class=\"wp-block-embed is-type-video is-provider-youtube wp-block-embed-youtube wp-embed-aspect-16-9 wp-has-aspect-ratio\"><div class=\"wp-block-embed__wrapper\">\n<iframe loading=\"lazy\" title=\"Le saison de vol du Club de vol a voile de Gatineau (CVVG) 2025\" width=\"500\" height=\"281\" src=\"https:\/\/www.youtube.com\/embed\/dLdRlNOJujw?feature=oembed\" frameborder=\"0\" allow=\"accelerometer; autoplay; clipboard-write; encrypted-media; gyroscope; picture-in-picture; web-share\" referrerpolicy=\"strict-origin-when-cross-origin\" allowfullscreen><\/iframe>\n<\/div><\/figure>\n<\/div>\n<\/div>\n<\/div>\n\n\n\n<div class=\"wp-block-group alignfull has-accent-3-background-color has-background has-global-padding is-layout-constrained wp-container-core-group-is-layout-d89aad35 wp-block-group-is-layout-constrained\" style=\"margin-top:0;margin-bottom:0;padding-top:var(--wp--preset--spacing--50);padding-right:var(--wp--preset--spacing--50);padding-bottom:var(--wp--preset--spacing--50);padding-left:var(--wp--preset--spacing--50)\">\n<div class=\"wp-block-columns alignwide is-layout-flex wp-container-core-columns-is-layout-1da03c2a wp-block-columns-is-layout-flex\">\n<div class=\"wp-block-column is-vertically-aligned-center is-layout-flow wp-block-column-is-layout-flow\" style=\"flex-basis:50%\">\n<figure class=\"wp-block-image size-full is-style-rounded is-style-rounded--1\"><img loading=\"lazy\" decoding=\"async\" width=\"1280\" height=\"857\" src=\"https:\/\/www.gatineauglidingclub.ca\/wp-content\/uploads\/2024\/11\/DSC_0380-Large.jpeg\" alt=\"\" class=\"wp-image-183\" style=\"aspect-ratio:4\/3;object-fit:cover\" srcset=\"https:\/\/www.gatineauglidingclub.ca\/wp-content\/uploads\/2024\/11\/DSC_0380-Large.jpeg 1280w, https:\/\/www.gatineauglidingclub.ca\/wp-content\/uploads\/2024\/11\/DSC_0380-Large-300x201.jpeg 300w, https:\/\/www.gatineauglidingclub.ca\/wp-content\/uploads\/2024\/11\/DSC_0380-Large-1024x686.jpeg 1024w, https:\/\/www.gatineauglidingclub.ca\/wp-content\/uploads\/2024\/11\/DSC_0380-Large-768x514.jpeg 768w, https:\/\/www.gatineauglidingclub.ca\/wp-content\/uploads\/2024\/11\/DSC_0380-Large-18x12.jpeg 18w\" sizes=\"auto, (max-width: 1280px) 100vw, 1280px\" \/><\/figure>\n<\/div>\n\n\n\n<div class=\"wp-block-column is-layout-flow wp-block-column-is-layout-flow\" style=\"flex-basis:50%\">\n<h2 class=\"wp-block-heading\">La flotte<\/h2>\n\n\n\n<p>Le Club dispose d'une <strong>flotte tr\u00e8s bien entretenue<\/strong> et <strong>diversifi\u00e9e.<\/strong> Elle comprend des planeurs \u00e0 double si\u00e8ge pour la formation d'introduction, des options avanc\u00e9es et acrobatiques, ainsi que quatre monoplaces de moyenne \u00e0 haute performance. Nos deux avions de remorques assurent des d\u00e9collages en douceur pour tous les pilotes !<\/p>\n\n\n\n<div class=\"wp-block-buttons is-layout-flex wp-block-buttons-is-layout-flex\">\n<div class=\"wp-block-button\"><a class=\"wp-block-button__link has-contrast-2-background-color has-background wp-element-button\" href=\"https:\/\/www.gatineauglidingclub.ca\/fr\/?page_id=49\">En savoir plus &gt;<\/a><\/div>\n<\/div>\n<\/div>\n<\/div>\n<\/div>\n\n\n\n<div class=\"wp-block-group alignfull has-base-color has-accent-4-background-color has-text-color has-background has-link-color wp-elements-feef09c356cac4faa5e24c50660409ae has-global-padding is-layout-constrained wp-container-core-group-is-layout-d89aad35 wp-block-group-is-layout-constrained\" style=\"margin-top:0;margin-bottom:0;padding-top:var(--wp--preset--spacing--50);padding-right:var(--wp--preset--spacing--50);padding-bottom:var(--wp--preset--spacing--50);padding-left:var(--wp--preset--spacing--50)\">\n<div class=\"wp-block-columns alignwide is-layout-flex wp-container-core-columns-is-layout-1da03c2a wp-block-columns-is-layout-flex\">\n<div class=\"wp-block-column is-layout-flow wp-block-column-is-layout-flow\" style=\"flex-basis:50%\">\n<h2 class=\"wp-block-heading has-base-color has-text-color has-link-color wp-elements-c638949541d279f906d34a7595a66e27\">Les installations<\/h2>\n\n\n\n<p>Le Club dispose d'un a\u00e9rodrome de <strong>haute qualit\u00e9<\/strong> avec de multiples pistes, permettant les op\u00e9rations de vol a commencer plus tot dans la saison et avec une s\u00e9curit\u00e9 \u00e9lev\u00e9. L'installation offre <strong>un grand espace de hangar<\/strong>, un<strong> club-house confortable<\/strong>et un <strong>terrain de camping familial.<\/strong>.<\/p>\n\n\n\n<div class=\"wp-block-buttons is-layout-flex wp-block-buttons-is-layout-flex\">\n<div class=\"wp-block-button\"><a class=\"wp-block-button__link has-contrast-3-background-color has-background wp-element-button\" href=\"https:\/\/www.gatineauglidingclub.ca\/fr\/?page_id=51\">En savoir plus &gt;<\/a><\/div>\n<\/div>\n<\/div>\n\n\n\n<div class=\"wp-block-column is-vertically-aligned-center is-layout-flow wp-block-column-is-layout-flow\" style=\"flex-basis:50%\">\n<figure class=\"wp-block-image size-full is-style-rounded is-style-rounded--2\"><img loading=\"lazy\" decoding=\"async\" width=\"1280\" height=\"720\" src=\"https:\/\/www.gatineauglidingclub.ca\/wp-content\/uploads\/2024\/11\/20241019_134645024_iOS-Large.jpeg\" alt=\"\" class=\"wp-image-162\" style=\"aspect-ratio:4\/3;object-fit:cover\" srcset=\"https:\/\/www.gatineauglidingclub.ca\/wp-content\/uploads\/2024\/11\/20241019_134645024_iOS-Large.jpeg 1280w, https:\/\/www.gatineauglidingclub.ca\/wp-content\/uploads\/2024\/11\/20241019_134645024_iOS-Large-300x169.jpeg 300w, https:\/\/www.gatineauglidingclub.ca\/wp-content\/uploads\/2024\/11\/20241019_134645024_iOS-Large-1024x576.jpeg 1024w, https:\/\/www.gatineauglidingclub.ca\/wp-content\/uploads\/2024\/11\/20241019_134645024_iOS-Large-768x432.jpeg 768w, https:\/\/www.gatineauglidingclub.ca\/wp-content\/uploads\/2024\/11\/20241019_134645024_iOS-Large-18x10.jpeg 18w\" sizes=\"auto, (max-width: 1280px) 100vw, 1280px\" \/><\/figure>\n<\/div>\n<\/div>\n<\/div>\n\n\n\n<div class=\"wp-block-group alignfull has-accent-3-background-color has-background has-global-padding is-layout-constrained wp-container-core-group-is-layout-d89aad35 wp-block-group-is-layout-constrained\" style=\"margin-top:0;margin-bottom:0;padding-top:var(--wp--preset--spacing--50);padding-right:var(--wp--preset--spacing--50);padding-bottom:var(--wp--preset--spacing--50);padding-left:var(--wp--preset--spacing--50)\">\n<div class=\"wp-block-columns alignwide is-layout-flex wp-container-core-columns-is-layout-1da03c2a wp-block-columns-is-layout-flex\">\n<div class=\"wp-block-column is-vertically-aligned-center is-layout-flow wp-block-column-is-layout-flow\" style=\"flex-basis:50%\">\n<figure class=\"wp-block-image size-full is-style-rounded is-style-rounded--3\"><img loading=\"lazy\" decoding=\"async\" width=\"880\" height=\"660\" src=\"https:\/\/www.gatineauglidingclub.ca\/wp-content\/uploads\/2024\/12\/Light-Map-Detailed.jpg\" alt=\"\" class=\"wp-image-823\" style=\"aspect-ratio:4\/3;object-fit:cover\" srcset=\"https:\/\/www.gatineauglidingclub.ca\/wp-content\/uploads\/2024\/12\/Light-Map-Detailed.jpg 880w, https:\/\/www.gatineauglidingclub.ca\/wp-content\/uploads\/2024\/12\/Light-Map-Detailed-300x225.jpg 300w, https:\/\/www.gatineauglidingclub.ca\/wp-content\/uploads\/2024\/12\/Light-Map-Detailed-768x576.jpg 768w, https:\/\/www.gatineauglidingclub.ca\/wp-content\/uploads\/2024\/12\/Light-Map-Detailed-16x12.jpg 16w\" sizes=\"auto, (max-width: 880px) 100vw, 880px\" \/><\/figure>\n<\/div>\n\n\n\n<div class=\"wp-block-column is-layout-flow wp-block-column-is-layout-flow\" style=\"flex-basis:50%\">\n<h2 class=\"wp-block-heading\">Emplacement et heures<\/h2>\n\n\n\n<p>Le Club est parfaitement situ\u00e9 \u00e0 l'ext\u00e9rieur de l'espace a\u00e9rien restreint d'Ottawa, pr\u00e8s de la<strong> rivi\u00e8re Outaouais<\/strong> et <strong>des collines de Gatineau<\/strong>Il profite d'un acc\u00e8s facile aux petits a\u00e9rodromes \u00e0 proximit\u00e9 et de paysages \u00e0 couper le souffle dans un cadre serein.<\/p>\n\n\n\n<div class=\"wp-block-buttons is-layout-flex wp-block-buttons-is-layout-flex\">\n<div class=\"wp-block-button\"><a class=\"wp-block-button__link has-contrast-2-background-color has-background wp-element-button\" href=\"https:\/\/www.gatineauglidingclub.ca\/fr\/?page_id=53\">En savoir plus &gt;<\/a><\/div>\n<\/div>\n<\/div>\n<\/div>\n<\/div>\n\n\n\n<div class=\"wp-block-group alignfull has-accent-color has-accent-4-background-color has-text-color has-background has-link-color wp-elements-93d0350b7b67ac736830828938631b08 has-global-padding is-layout-constrained wp-container-core-group-is-layout-d89aad35 wp-block-group-is-layout-constrained\" style=\"margin-top:0;margin-bottom:0;padding-top:var(--wp--preset--spacing--50);padding-right:var(--wp--preset--spacing--50);padding-bottom:var(--wp--preset--spacing--50);padding-left:var(--wp--preset--spacing--50)\">\n<div class=\"wp-block-columns alignwide is-layout-flex wp-container-core-columns-is-layout-1da03c2a wp-block-columns-is-layout-flex\">\n<div class=\"wp-block-column is-layout-flow wp-block-column-is-layout-flow\" style=\"flex-basis:50%\">\n<h2 class=\"wp-block-heading has-base-color has-text-color has-link-color wp-elements-bc370bcc0ab93bcbedbe54f4ee3fa740\">Foire aux questions<\/h2>\n\n\n\n<p>Explorez notre section questions et r\u00e9ponses pour trouver des r\u00e9ponses courantes sur l'apprentissage du planeur, l'adh\u00e9sion, l'\u00e9quipement, les co\u00fbts et la fa\u00e7on de progresser dans le monde du planeur.<\/p>\n\n\n\n<div class=\"wp-block-buttons is-layout-flex wp-block-buttons-is-layout-flex\">\n<div class=\"wp-block-button\"><a class=\"wp-block-button__link has-contrast-2-background-color has-background wp-element-button\" href=\"https:\/\/www.gatineauglidingclub.ca\/fr\/?page_id=322\">Voir la faq &gt;<\/a><\/div>\n<\/div>\n<\/div>\n\n\n\n<div class=\"wp-block-column is-vertically-aligned-center is-layout-flow wp-block-column-is-layout-flow\" style=\"flex-basis:50%\">\n<figure class=\"wp-block-image size-full is-style-rounded is-style-rounded--4\"><img loading=\"lazy\" decoding=\"async\" width=\"1024\" height=\"1024\" src=\"https:\/\/www.gatineauglidingclub.ca\/wp-content\/uploads\/2025\/01\/Cloud-Question-Mark.jpeg\" alt=\"\" class=\"wp-image-1739\" style=\"aspect-ratio:4\/3;object-fit:cover\" srcset=\"https:\/\/www.gatineauglidingclub.ca\/wp-content\/uploads\/2025\/01\/Cloud-Question-Mark.jpeg 1024w, https:\/\/www.gatineauglidingclub.ca\/wp-content\/uploads\/2025\/01\/Cloud-Question-Mark-300x300.jpeg 300w, https:\/\/www.gatineauglidingclub.ca\/wp-content\/uploads\/2025\/01\/Cloud-Question-Mark-150x150.jpeg 150w, https:\/\/www.gatineauglidingclub.ca\/wp-content\/uploads\/2025\/01\/Cloud-Question-Mark-768x768.jpeg 768w, https:\/\/www.gatineauglidingclub.ca\/wp-content\/uploads\/2025\/01\/Cloud-Question-Mark-12x12.jpeg 12w\" sizes=\"auto, (max-width: 1024px) 100vw, 1024px\" \/><\/figure>\n<\/div>\n<\/div>\n<\/div>\n\n\n\n<div class=\"wp-block-group alignfull has-accent-3-background-color has-background has-global-padding is-layout-constrained wp-container-core-group-is-layout-d89aad35 wp-block-group-is-layout-constrained\" style=\"margin-top:0;margin-bottom:0;padding-top:var(--wp--preset--spacing--50);padding-right:var(--wp--preset--spacing--50);padding-bottom:var(--wp--preset--spacing--50);padding-left:var(--wp--preset--spacing--50)\">\n<div class=\"wp-block-columns alignwide is-layout-flex wp-container-core-columns-is-layout-1da03c2a wp-block-columns-is-layout-flex\">\n<div class=\"wp-block-column is-vertically-aligned-center is-layout-flow wp-block-column-is-layout-flow\" style=\"flex-basis:50%\">\n<figure class=\"wp-block-image size-full is-style-rounded is-style-rounded--5\"><img loading=\"lazy\" decoding=\"async\" width=\"1000\" height=\"751\" src=\"https:\/\/www.gatineauglidingclub.ca\/wp-content\/uploads\/2024\/12\/history.jpg\" alt=\"\" class=\"wp-image-1111\" style=\"aspect-ratio:4\/3;object-fit:cover\" srcset=\"https:\/\/www.gatineauglidingclub.ca\/wp-content\/uploads\/2024\/12\/history.jpg 1000w, https:\/\/www.gatineauglidingclub.ca\/wp-content\/uploads\/2024\/12\/history-300x225.jpg 300w, https:\/\/www.gatineauglidingclub.ca\/wp-content\/uploads\/2024\/12\/history-768x577.jpg 768w, https:\/\/www.gatineauglidingclub.ca\/wp-content\/uploads\/2024\/12\/history-16x12.jpg 16w\" sizes=\"auto, (max-width: 1000px) 100vw, 1000px\" \/><\/figure>\n<\/div>\n\n\n\n<div class=\"wp-block-column is-layout-flow wp-block-column-is-layout-flow\" style=\"flex-basis:50%\">\n<h2 class=\"wp-block-heading\">History of GGC<\/h2>\n\n\n\n<p>Founded over 80 years ago, Gatineau Gliding Club is steeped in aviation history, located on a former WWII training airfield. We honor this legacy while fostering a new generation of glider pilots.<\/p>\n\n\n\n<div class=\"wp-block-buttons is-layout-flex wp-block-buttons-is-layout-flex\">\n<div class=\"wp-block-button\"><a class=\"wp-block-button__link has-contrast-3-background-color has-background wp-element-button\" href=\"https:\/\/www.gatineauglidingclub.ca\/fr\/?page_id=58\">En savoir plus &gt;<\/a><\/div>\n<\/div>\n<\/div>\n<\/div>\n<\/div>\n\n\n\n<div class=\"wp-block-group alignfull has-accent-color has-accent-4-background-color has-text-color has-background has-link-color wp-elements-1742b25cf214ed16543c95db976559ea has-global-padding is-layout-constrained wp-container-core-group-is-layout-669513ed wp-block-group-is-layout-constrained\" style=\"margin-top:0;margin-bottom:0;padding-top:var(--wp--preset--spacing--50);padding-right:var(--wp--preset--spacing--50);padding-bottom:var(--wp--preset--spacing--50);padding-left:var(--wp--preset--spacing--50)\">\n<div class=\"wp-block-columns alignwide is-layout-flex wp-container-core-columns-is-layout-1da03c2a wp-block-columns-is-layout-flex\">\n<div class=\"wp-block-column is-vertically-aligned-stretch is-layout-flow wp-block-column-is-layout-flow\" style=\"flex-basis:50%\">\n<p style=\"font-size:clamp(0.929rem, 0.929rem + ((1vw - 0.2rem) * 0.785), 1.4rem);font-style:normal;font-weight:300\"><em>J\u2019ai toujours \u00e9t\u00e9 passionn\u00e9 d\u2019aviation. \u00c0 l\u2019\u00e2ge de 12 ans pendant des vacances dans les Alpes avec ma famille, j\u2019ai \u00e9t\u00e9 fascin\u00e9 par les planeurs qui volaient le long des montagnes. J\u2019ai vol\u00e9 10 ans en France avant de venir \u00e0 Ottawa. Apr\u00e8s un pause de 18 ans, j\u2019ai d\u00e9cid\u00e9 de recommencer \u00e0 voler avec l\u2019encouragement de ma femme. Apr\u00e8s quelques ann\u00e9es dans un autre club, j\u2019ai d\u00e9cid\u00e9 d\u2019acheter mon propre planeur et de venir \u00e0 CVVG (GGC). En 2024 j\u2019ai vol\u00e9 plus de 100 heures!<\/em><\/p>\n\n\n\n<p class=\"has-text-align-right\" style=\"font-size:clamp(0.875rem, 0.875rem + ((1vw - 0.2rem) * 0.208), 1rem);letter-spacing:1.5px\"><strong>\u2014 DOMINIQUE N.<\/strong><\/p>\n<\/div>\n\n\n\n<div class=\"wp-block-column is-vertically-aligned-stretch is-layout-flow wp-block-column-is-layout-flow\" style=\"flex-basis:50%\">\n<figure class=\"wp-block-image size-full is-style-rounded is-style-rounded--6\"><img loading=\"lazy\" decoding=\"async\" width=\"2560\" height=\"1920\" src=\"https:\/\/www.gatineauglidingclub.ca\/wp-content\/uploads\/2024\/12\/image0-scaled.jpeg\" alt=\"\" class=\"wp-image-769\" srcset=\"https:\/\/www.gatineauglidingclub.ca\/wp-content\/uploads\/2024\/12\/image0-scaled.jpeg 2560w, https:\/\/www.gatineauglidingclub.ca\/wp-content\/uploads\/2024\/12\/image0-300x225.jpeg 300w, https:\/\/www.gatineauglidingclub.ca\/wp-content\/uploads\/2024\/12\/image0-1024x768.jpeg 1024w, https:\/\/www.gatineauglidingclub.ca\/wp-content\/uploads\/2024\/12\/image0-768x576.jpeg 768w, https:\/\/www.gatineauglidingclub.ca\/wp-content\/uploads\/2024\/12\/image0-1536x1152.jpeg 1536w, https:\/\/www.gatineauglidingclub.ca\/wp-content\/uploads\/2024\/12\/image0-2048x1536.jpeg 2048w, https:\/\/www.gatineauglidingclub.ca\/wp-content\/uploads\/2024\/12\/image0-16x12.jpeg 16w\" sizes=\"auto, (max-width: 2560px) 100vw, 2560px\" \/><\/figure>\n<\/div>\n<\/div>\n<\/div>","protected":false},"excerpt":{"rendered":"<p>The Gatineau Gliding Club (GGC) 2025 Flying Season Highlights from the season, in pictures. Club fleet Gatineau Gliding Club boasts a very well-maintained and diverse fleet, featuring dual-seat gliders for introductory training, advanced and aerobatic options, plus four mid to high-performance single-seaters. Our two tow planes ensure smooth launches for all pilots! Our facilities The [&hellip;]<\/p>\n","protected":false},"author":1,"featured_media":0,"parent":0,"menu_order":5,"comment_status":"closed","ping_status":"closed","template":"","meta":{"footnotes":""},"class_list":["post-19","page","type-page","status-publish","hentry"],"_links":{"self":[{"href":"https:\/\/www.gatineauglidingclub.ca\/fr\/wp-json\/wp\/v2\/pages\/19","targetHints":{"allow":["GET"]}}],"collection":[{"href":"https:\/\/www.gatineauglidingclub.ca\/fr\/wp-json\/wp\/v2\/pages"}],"about":[{"href":"https:\/\/www.gatineauglidingclub.ca\/fr\/wp-json\/wp\/v2\/types\/page"}],"author":[{"embeddable":true,"href":"https:\/\/www.gatineauglidingclub.ca\/fr\/wp-json\/wp\/v2\/users\/1"}],"replies":[{"embeddable":true,"href":"https:\/\/www.gatineauglidingclub.ca\/fr\/wp-json\/wp\/v2\/comments?post=19"}],"version-history":[{"count":36,"href":"https:\/\/www.gatineauglidingclub.ca\/fr\/wp-json\/wp\/v2\/pages\/19\/revisions"}],"predecessor-version":[{"id":3161,"href":"https:\/\/www.gatineauglidingclub.ca\/fr\/wp-json\/wp\/v2\/pages\/19\/revisions\/3161"}],"wp:attachment":[{"href":"https:\/\/www.gatineauglidingclub.ca\/fr\/wp-json\/wp\/v2\/media?parent=19"}],"curies":[{"name":"wp","href":"https:\/\/api.w.org\/{rel}","templated":true}]}}