{"id":1894,"date":"2025-01-02T17:47:28","date_gmt":"2025-01-02T22:47:28","guid":{"rendered":"https:\/\/www.gatineauglidingclub.ca\/?page_id=1894"},"modified":"2026-03-22T20:15:01","modified_gmt":"2026-03-23T01:15:01","slug":"visiting-pilots","status":"publish","type":"page","link":"https:\/\/www.gatineauglidingclub.ca\/fr\/join\/visiting-pilots\/","title":{"rendered":"Pilotes en visite"},"content":{"rendered":"<div class=\"wp-block-group alignfull has-base-color has-accent-4-background-color has-text-color has-background has-link-color wp-elements-04675cfaa1b9db0427f46d601038430a has-global-padding is-layout-constrained wp-container-core-group-is-layout-d89aad35 wp-block-group-is-layout-constrained\" style=\"margin-top:0;margin-bottom:0;padding-top:var(--wp--preset--spacing--50);padding-right:var(--wp--preset--spacing--50);padding-bottom:var(--wp--preset--spacing--50);padding-left:var(--wp--preset--spacing--50)\">\n<div class=\"wp-block-columns alignwide is-layout-flex wp-container-core-columns-is-layout-1da03c2a wp-block-columns-is-layout-flex\">\n<div class=\"wp-block-column is-vertically-aligned-top is-layout-flow wp-block-column-is-layout-flow\" style=\"flex-basis:50%\">\n<figure class=\"wp-block-image size-full is-style-rounded is-style-rounded--1\"><img loading=\"lazy\" decoding=\"async\" width=\"1280\" height=\"720\" src=\"https:\/\/www.gatineauglidingclub.ca\/wp-content\/uploads\/2024\/12\/20231001_200321828_iOS-1721257813092-Large.jpeg\" alt=\"\" class=\"wp-image-1032\" style=\"aspect-ratio:4\/3;object-fit:cover\" srcset=\"https:\/\/www.gatineauglidingclub.ca\/wp-content\/uploads\/2024\/12\/20231001_200321828_iOS-1721257813092-Large.jpeg 1280w, https:\/\/www.gatineauglidingclub.ca\/wp-content\/uploads\/2024\/12\/20231001_200321828_iOS-1721257813092-Large-300x169.jpeg 300w, https:\/\/www.gatineauglidingclub.ca\/wp-content\/uploads\/2024\/12\/20231001_200321828_iOS-1721257813092-Large-1024x576.jpeg 1024w, https:\/\/www.gatineauglidingclub.ca\/wp-content\/uploads\/2024\/12\/20231001_200321828_iOS-1721257813092-Large-768x432.jpeg 768w, https:\/\/www.gatineauglidingclub.ca\/wp-content\/uploads\/2024\/12\/20231001_200321828_iOS-1721257813092-Large-18x10.jpeg 18w\" sizes=\"auto, (max-width: 1280px) 100vw, 1280px\" \/><\/figure>\n<\/div>\n\n\n\n<div class=\"wp-block-column is-layout-flow wp-block-column-is-layout-flow\" style=\"flex-basis:50%\">\n<h2 class=\"wp-block-heading has-base-color has-text-color has-link-color wp-elements-65e69e88d8f7a15bacb27d7ac527c2a1\">Pilotes en visite<\/h2>\n\n\n\n<p>Les pilotes d\u2019autres clubs sont les bienvenus pour visiter ou faire un essai de deux semaines \u00e0 notre club, un fois dans la saison. <\/p>\n\n\n\n<p>Le club est ouvert en semaine pendant deux semaines de vol durant l'\u00e9t\u00e9. (Semaine du 1er juillet et semaine du 1er ao\u00fbt) Ces semaines sont le moment id\u00e9al pour un pilote licenci\u00e9e pour v\u00e9rifier l'atmosph\u00e8re du club. <\/p>\n\n\n\n<p>Faites-en des vacances avec votre famille. Profitez de nos excellentes installations, de notre a\u00e9rodrome et de notre exp\u00e9rience de haute qualit\u00e9 des pilotes membres pendant que votre famille profite des terrains de sport, de la piscine et de la convivialit\u00e9 de nos membres. Apportez une tente ou louez un camping-car aupr\u00e8s du fournisseur local qui peut le livrer. Vous ne le regretterez pas.<\/p>\n\n\n\n<div class=\"wp-block-buttons is-layout-flex wp-block-buttons-is-layout-flex\">\n<div class=\"wp-block-button\"><a class=\"wp-block-button__link wp-element-button\" href=\"mailto:info@gatineauglidingclub.ca\">Contactez nous &gt;<\/a><\/div>\n<\/div>\n<\/div>\n<\/div>\n<\/div>","protected":false},"excerpt":{"rendered":"<p>Visiting pilots Visiting pilots are welcome for a two week trial at the GGC. The club is open during the week day in two flying weeks during the summer. (July 1 week and Aug. 1 week) These weeks are the optimal time for a licensed pilot to check out the atmosphere at the club. Make [&hellip;]<\/p>\n","protected":false},"author":1,"featured_media":0,"parent":716,"menu_order":6,"comment_status":"closed","ping_status":"closed","template":"","meta":{"footnotes":""},"class_list":["post-1894","page","type-page","status-publish","hentry"],"_links":{"self":[{"href":"https:\/\/www.gatineauglidingclub.ca\/fr\/wp-json\/wp\/v2\/pages\/1894","targetHints":{"allow":["GET"]}}],"collection":[{"href":"https:\/\/www.gatineauglidingclub.ca\/fr\/wp-json\/wp\/v2\/pages"}],"about":[{"href":"https:\/\/www.gatineauglidingclub.ca\/fr\/wp-json\/wp\/v2\/types\/page"}],"author":[{"embeddable":true,"href":"https:\/\/www.gatineauglidingclub.ca\/fr\/wp-json\/wp\/v2\/users\/1"}],"replies":[{"embeddable":true,"href":"https:\/\/www.gatineauglidingclub.ca\/fr\/wp-json\/wp\/v2\/comments?post=1894"}],"version-history":[{"count":9,"href":"https:\/\/www.gatineauglidingclub.ca\/fr\/wp-json\/wp\/v2\/pages\/1894\/revisions"}],"predecessor-version":[{"id":3168,"href":"https:\/\/www.gatineauglidingclub.ca\/fr\/wp-json\/wp\/v2\/pages\/1894\/revisions\/3168"}],"up":[{"embeddable":true,"href":"https:\/\/www.gatineauglidingclub.ca\/fr\/wp-json\/wp\/v2\/pages\/716"}],"wp:attachment":[{"href":"https:\/\/www.gatineauglidingclub.ca\/fr\/wp-json\/wp\/v2\/media?parent=1894"}],"curies":[{"name":"wp","href":"https:\/\/api.w.org\/{rel}","templated":true}]}}