{"id":13,"date":"2024-11-15T07:25:43","date_gmt":"2024-11-15T12:25:43","guid":{"rendered":"https:\/\/www.gatineauglidingclub.ca\/?page_id=13"},"modified":"2025-04-19T19:34:19","modified_gmt":"2025-04-20T00:34:19","slug":"gliding","status":"publish","type":"page","link":"https:\/\/www.gatineauglidingclub.ca\/fr\/gliding\/","title":{"rendered":"Faites l\u2019exp\u00e9rience du vol \u00e0 voile"},"content":{"rendered":"<div class=\"wp-block-group alignfull has-accent-background-color has-background has-global-padding is-layout-constrained wp-container-core-group-is-layout-cd6163fc wp-block-group-is-layout-constrained\" style=\"margin-top:0;margin-bottom:0;padding-top:var(--wp--preset--spacing--10);padding-right:var(--wp--preset--spacing--50);padding-bottom:var(--wp--preset--spacing--10);padding-left:var(--wp--preset--spacing--50)\">\n<h2 class=\"wp-block-heading has-text-align-center\" style=\"margin-top:var(--wp--preset--spacing--30);margin-bottom:var(--wp--preset--spacing--30)\">D\u00e9couvrez le plaisir du vol \u00e0 voile<\/h2>\n\n\n\n<div class=\"wp-block-columns alignwide is-layout-flex wp-container-core-columns-is-layout-549b0c86 wp-block-columns-is-layout-flex\">\n<div class=\"wp-block-column is-vertically-aligned-stretch is-layout-flow wp-block-column-is-layout-flow\" style=\"flex-basis:25%\">\n<figure class=\"wp-block-image size-large is-style-rounded is-style-rounded--1\"><img loading=\"lazy\" decoding=\"async\" width=\"1024\" height=\"576\" src=\"https:\/\/www.gatineauglidingclub.ca\/wp-content\/uploads\/2024\/11\/20241005_213006805_iOS-3-Large-1024x576.jpeg\" alt=\"\" class=\"wp-image-177\" style=\"aspect-ratio:4\/3;object-fit:cover\" srcset=\"https:\/\/www.gatineauglidingclub.ca\/wp-content\/uploads\/2024\/11\/20241005_213006805_iOS-3-Large-1024x576.jpeg 1024w, https:\/\/www.gatineauglidingclub.ca\/wp-content\/uploads\/2024\/11\/20241005_213006805_iOS-3-Large-300x169.jpeg 300w, https:\/\/www.gatineauglidingclub.ca\/wp-content\/uploads\/2024\/11\/20241005_213006805_iOS-3-Large-768x432.jpeg 768w, https:\/\/www.gatineauglidingclub.ca\/wp-content\/uploads\/2024\/11\/20241005_213006805_iOS-3-Large-18x10.jpeg 18w, https:\/\/www.gatineauglidingclub.ca\/wp-content\/uploads\/2024\/11\/20241005_213006805_iOS-3-Large.jpeg 1280w\" sizes=\"auto, (max-width: 1024px) 100vw, 1024px\" \/><\/figure>\n\n\n\n<h4 class=\"wp-block-heading\">Voler en harmonie avec la nature<\/h4>\n\n\n\n<p>D\u00e9couvrez la s\u00e9r\u00e9nit\u00e9 du vol en planeur, o\u00f9 le silence reigne dans le ciel. Flottez, port\u00e9s par des courants invisibles, en harmonie avec la nature, dansez parmi les nuages et embrassez la libert\u00e9 du vol \u00e0 voile. \u00a0<\/p>\n<\/div>\n\n\n\n<div class=\"wp-block-column is-vertically-aligned-stretch is-layout-flow wp-block-column-is-layout-flow\" style=\"flex-basis:25%\">\n<figure class=\"wp-block-image size-large is-style-rounded is-style-rounded--2\"><img loading=\"lazy\" decoding=\"async\" width=\"1024\" height=\"576\" src=\"https:\/\/www.gatineauglidingclub.ca\/wp-content\/uploads\/2024\/11\/20241026_180728968_iOS-Large-1024x576.jpeg\" alt=\"\" class=\"wp-image-164\" style=\"aspect-ratio:4\/3;object-fit:cover\" srcset=\"https:\/\/www.gatineauglidingclub.ca\/wp-content\/uploads\/2024\/11\/20241026_180728968_iOS-Large-1024x576.jpeg 1024w, https:\/\/www.gatineauglidingclub.ca\/wp-content\/uploads\/2024\/11\/20241026_180728968_iOS-Large-300x169.jpeg 300w, https:\/\/www.gatineauglidingclub.ca\/wp-content\/uploads\/2024\/11\/20241026_180728968_iOS-Large-768x432.jpeg 768w, https:\/\/www.gatineauglidingclub.ca\/wp-content\/uploads\/2024\/11\/20241026_180728968_iOS-Large-18x10.jpeg 18w, https:\/\/www.gatineauglidingclub.ca\/wp-content\/uploads\/2024\/11\/20241026_180728968_iOS-Large.jpeg 1280w\" sizes=\"auto, (max-width: 1024px) 100vw, 1024px\" \/><\/figure>\n\n\n\n<h4 class=\"wp-block-heading\">L'exaltation<\/h4>\n\n\n\n<p>Admirez les vues a couper la souffle et \u00e9prouvez la libert\u00e9 du vol sans effort dans le ciel.\u00a0<\/p>\n<\/div>\n\n\n\n<div class=\"wp-block-column is-vertically-aligned-stretch is-layout-flow wp-block-column-is-layout-flow\" style=\"flex-basis:25%\">\n<figure class=\"wp-block-image size-large is-style-rounded is-style-rounded--3\"><img loading=\"lazy\" decoding=\"async\" width=\"1024\" height=\"682\" src=\"https:\/\/www.gatineauglidingclub.ca\/wp-content\/uploads\/2024\/11\/20230820AEZB0000D009-Large-1024x682.jpeg\" alt=\"\" class=\"wp-image-166\" style=\"aspect-ratio:4\/3;object-fit:cover\" srcset=\"https:\/\/www.gatineauglidingclub.ca\/wp-content\/uploads\/2024\/11\/20230820AEZB0000D009-Large-1024x682.jpeg 1024w, https:\/\/www.gatineauglidingclub.ca\/wp-content\/uploads\/2024\/11\/20230820AEZB0000D009-Large-300x200.jpeg 300w, https:\/\/www.gatineauglidingclub.ca\/wp-content\/uploads\/2024\/11\/20230820AEZB0000D009-Large-768x511.jpeg 768w, https:\/\/www.gatineauglidingclub.ca\/wp-content\/uploads\/2024\/11\/20230820AEZB0000D009-Large-18x12.jpeg 18w, https:\/\/www.gatineauglidingclub.ca\/wp-content\/uploads\/2024\/11\/20230820AEZB0000D009-Large.jpeg 1280w\" sizes=\"auto, (max-width: 1024px) 100vw, 1024px\" \/><\/figure>\n\n\n\n<h4 class=\"wp-block-heading\">Le d\u00e9fi<\/h4>\n\n\n\n<p>Parcourez les \u00e9tapes vers la ma\u00eetrise du pilotage, o\u00f9 chaque d\u00e9fi aiguise vos comp\u00e9tences. Avec un peu de pers\u00e9v\u00e9rance, vous ferez l'exp\u00e9rience gratifiante de planer gracieusement, et vous d\u00e9couvrirez les secrets du ciel et votre potentiel.<\/p>\n<\/div>\n\n\n\n<div class=\"wp-block-column is-vertically-aligned-stretch is-layout-flow wp-block-column-is-layout-flow\" style=\"flex-basis:25%\">\n<figure class=\"wp-block-image size-large is-style-rounded is-style-rounded--4\"><img loading=\"lazy\" decoding=\"async\" width=\"1024\" height=\"681\" src=\"https:\/\/www.gatineauglidingclub.ca\/wp-content\/uploads\/2024\/11\/16-1024x681.jpg\" alt=\"\" class=\"wp-image-112\" style=\"aspect-ratio:4\/3;object-fit:cover\" srcset=\"https:\/\/www.gatineauglidingclub.ca\/wp-content\/uploads\/2024\/11\/16-1024x681.jpg 1024w, https:\/\/www.gatineauglidingclub.ca\/wp-content\/uploads\/2024\/11\/16-300x200.jpg 300w, https:\/\/www.gatineauglidingclub.ca\/wp-content\/uploads\/2024\/11\/16-768x511.jpg 768w, https:\/\/www.gatineauglidingclub.ca\/wp-content\/uploads\/2024\/11\/16-1536x1022.jpg 1536w, https:\/\/www.gatineauglidingclub.ca\/wp-content\/uploads\/2024\/11\/16-18x12.jpg 18w, https:\/\/www.gatineauglidingclub.ca\/wp-content\/uploads\/2024\/11\/16.jpg 2000w\" sizes=\"auto, (max-width: 1024px) 100vw, 1024px\" \/><\/figure>\n\n\n\n<h4 class=\"wp-block-heading\">La Passion de l\u2019Aviation\u00a0<\/h4>\n\n\n\n<p>Le vol \u00e0 voile captive les passionn\u00e9s d'aviation, reliant le pass\u00e9 et le pr\u00e9sent. D\u00e9couvrez l'art intemporel du vol, honorant l'h\u00e9ritage de l'aviation tout en b\u00e9n\u00e9ficiant des techniques modernes, le tout dans l'espace serein et ouvert du ciel.<\/p>\n<\/div>\n<\/div>\n\n\n\n<div style=\"height:26px\" aria-hidden=\"true\" class=\"wp-block-spacer\"><\/div>\n<\/div>\n\n\n\n<div class=\"wp-block-group alignfull has-base-color has-accent-5-background-color has-text-color has-background has-link-color wp-elements-e4b38f7d28b3bbdb2358f7c83e9135fa has-global-padding is-layout-constrained wp-container-core-group-is-layout-669513ed wp-block-group-is-layout-constrained\" style=\"margin-top:0;margin-bottom:0;padding-top:var(--wp--preset--spacing--50);padding-right:var(--wp--preset--spacing--50);padding-bottom:var(--wp--preset--spacing--50);padding-left:var(--wp--preset--spacing--50)\">\n<h2 class=\"wp-block-heading has-text-align-center has-base-color has-text-color has-link-color wp-elements-ad4bfc2a685d2d3be68054100821421b\">Vid\u00e9os sur le vol \u00e0 voile<\/h2>\n\n\n\n<p class=\"has-text-align-center has-large-font-size\" style=\"letter-spacing:1px\"><em>Cette excellente s\u00e9rie de vid\u00e9os, en anglais, produite par l\u2019organisation de vol \u00e0 voile de\u00a0Grande-Bretagne\u00a0\u00ab\u00a0Glide Britain\u00a0\u00bb, fournit une belle introduction au vol \u00e0 voile, applicable dans la plupart des pays y compris au Canada.<\/em><\/p>\n\n\n\n<div style=\"height:54px\" aria-hidden=\"true\" class=\"wp-block-spacer\"><\/div>\n\n\n\n<div class=\"wp-block-columns alignwide is-layout-flex wp-container-core-columns-is-layout-1da03c2a wp-block-columns-is-layout-flex\">\n<div class=\"wp-block-column is-vertically-aligned-stretch is-layout-flow wp-block-column-is-layout-flow\" style=\"flex-basis:50%\">\n<figure class=\"wp-block-image size-large is-style-rounded is-style-rounded--5\"><a href=\"https:\/\/www.youtube.com\/watch?v=QQFO13prSR4&amp;t=1s\" target=\"_blank\" rel=\" noreferrer noopener\"><img loading=\"lazy\" decoding=\"async\" width=\"1024\" height=\"576\" src=\"https:\/\/www.gatineauglidingclub.ca\/wp-content\/uploads\/2025\/01\/go-gliding-1024x576.jpg\" alt=\"\" class=\"wp-image-1613\" srcset=\"https:\/\/www.gatineauglidingclub.ca\/wp-content\/uploads\/2025\/01\/go-gliding-1024x576.jpg 1024w, https:\/\/www.gatineauglidingclub.ca\/wp-content\/uploads\/2025\/01\/go-gliding-300x169.jpg 300w, https:\/\/www.gatineauglidingclub.ca\/wp-content\/uploads\/2025\/01\/go-gliding-768x432.jpg 768w, https:\/\/www.gatineauglidingclub.ca\/wp-content\/uploads\/2025\/01\/go-gliding-18x10.jpg 18w, https:\/\/www.gatineauglidingclub.ca\/wp-content\/uploads\/2025\/01\/go-gliding.jpg 1280w\" sizes=\"auto, (max-width: 1024px) 100vw, 1024px\" \/><\/a><\/figure>\n\n\n\n<h4 class=\"wp-block-heading has-base-color has-text-color has-link-color wp-elements-668396ade49bec74ada3926070162128\">Allez faire du vol \u00e0 voile \u00ab go gliding \u00bb<\/h4>\n\n\n\n<p>Qu'est-ce que c\u2019est de voler en planeur ?  (En anglais)<\/p>\n\n\n\n<div class=\"wp-block-buttons is-layout-flex wp-block-buttons-is-layout-flex\">\n<div class=\"wp-block-button\" style=\"letter-spacing:2px\"><a class=\"wp-block-button__link has-contrast-color has-contrast-3-background-color has-text-color has-background has-link-color wp-element-button\" href=\"https:\/\/www.youtube.com\/watch?v=QQFO13prSR4&amp;t=1s\" target=\"_blank\" rel=\"noreferrer noopener\">Voir sur youtube<\/a><\/div>\n<\/div>\n<\/div>\n\n\n\n<div class=\"wp-block-column is-vertically-aligned-stretch is-layout-flow wp-block-column-is-layout-flow\" style=\"flex-basis:50%\">\n<figure class=\"wp-block-image size-large is-style-rounded is-style-rounded--6\"><a href=\"https:\/\/www.youtube.com\/watch?v=UHr2Hxk-E8Q\" target=\"_blank\" rel=\" noreferrer noopener\"><img loading=\"lazy\" decoding=\"async\" width=\"1024\" height=\"576\" src=\"https:\/\/www.gatineauglidingclub.ca\/wp-content\/uploads\/2025\/01\/gliding-misconceptions-1024x576.jpg\" alt=\"\" class=\"wp-image-1612\" srcset=\"https:\/\/www.gatineauglidingclub.ca\/wp-content\/uploads\/2025\/01\/gliding-misconceptions-1024x576.jpg 1024w, https:\/\/www.gatineauglidingclub.ca\/wp-content\/uploads\/2025\/01\/gliding-misconceptions-300x169.jpg 300w, https:\/\/www.gatineauglidingclub.ca\/wp-content\/uploads\/2025\/01\/gliding-misconceptions-768x432.jpg 768w, https:\/\/www.gatineauglidingclub.ca\/wp-content\/uploads\/2025\/01\/gliding-misconceptions-18x10.jpg 18w, https:\/\/www.gatineauglidingclub.ca\/wp-content\/uploads\/2025\/01\/gliding-misconceptions.jpg 1280w\" sizes=\"auto, (max-width: 1024px) 100vw, 1024px\" \/><\/a><\/figure>\n\n\n\n<h4 class=\"wp-block-heading has-base-color has-text-color has-link-color wp-elements-9649f2f05a4b84350b08ba7ebe5caacb\">Fausses id\u00e9es \u00e0 propos du vol en planeur<\/h4>\n\n\n\n<p>Que se passe-t-il lorsqu\u2019il y a plus de vent ? Faut-il \u00eatre riche pour faire du vol \u00e0 voile ? (En anglais)<\/p>\n\n\n\n<div class=\"wp-block-buttons is-layout-flex wp-block-buttons-is-layout-flex\">\n<div class=\"wp-block-button\" style=\"letter-spacing:2px\"><a class=\"wp-block-button__link has-contrast-color has-contrast-3-background-color has-text-color has-background has-link-color wp-element-button\" href=\"https:\/\/www.youtube.com\/watch?v=UHr2Hxk-E8Q\" target=\"_blank\" rel=\"noreferrer noopener\">Voir sur youtube<\/a><\/div>\n<\/div>\n<\/div>\n<\/div>\n\n\n\n<div style=\"height:100px\" aria-hidden=\"true\" class=\"wp-block-spacer\"><\/div>\n\n\n\n<div class=\"wp-block-columns alignwide is-layout-flex wp-container-core-columns-is-layout-1da03c2a wp-block-columns-is-layout-flex\">\n<div class=\"wp-block-column is-vertically-aligned-stretch is-layout-flow wp-block-column-is-layout-flow\" style=\"flex-basis:50%\">\n<figure class=\"wp-block-image size-large is-style-rounded is-style-rounded--7\"><a href=\"https:\/\/www.youtube.com\/watch?v=5uzJWxm54Uo&amp;t=12s\" target=\"_blank\" rel=\" noreferrer noopener\"><img loading=\"lazy\" decoding=\"async\" width=\"1024\" height=\"576\" src=\"https:\/\/www.gatineauglidingclub.ca\/wp-content\/uploads\/2025\/01\/how-a-glider-works-1024x576.jpg\" alt=\"\" class=\"wp-image-1615\" srcset=\"https:\/\/www.gatineauglidingclub.ca\/wp-content\/uploads\/2025\/01\/how-a-glider-works-1024x576.jpg 1024w, https:\/\/www.gatineauglidingclub.ca\/wp-content\/uploads\/2025\/01\/how-a-glider-works-300x169.jpg 300w, https:\/\/www.gatineauglidingclub.ca\/wp-content\/uploads\/2025\/01\/how-a-glider-works-768x432.jpg 768w, https:\/\/www.gatineauglidingclub.ca\/wp-content\/uploads\/2025\/01\/how-a-glider-works-18x10.jpg 18w, https:\/\/www.gatineauglidingclub.ca\/wp-content\/uploads\/2025\/01\/how-a-glider-works.jpg 1280w\" sizes=\"auto, (max-width: 1024px) 100vw, 1024px\" \/><\/a><\/figure>\n\n\n\n<h4 class=\"wp-block-heading has-base-color has-text-color has-link-color wp-elements-14c6dda09e4be7861587e0f7a8d61814\">Comment fonctionne un planeur<\/h4>\n\n\n\n<p>Une excellente introduction sur la fonctionnement d\u2019un club de vol \u00e0 voile par le b\u00e9n\u00e9volat, moyen convivial et bon march\u00e9 de voler. Une introduction utile pour tous les nouveaux membres des clubs. (En anglais)<\/p>\n\n\n\n<p>\u2022 Ascendence thermique<br>\u2022 Ascendence de pente\u00a0<br>\u2022 Ascendance d\u2019onde<\/p>\n\n\n\n<div class=\"wp-block-buttons is-layout-flex wp-block-buttons-is-layout-flex\">\n<div class=\"wp-block-button\" style=\"letter-spacing:2px\"><a class=\"wp-block-button__link has-contrast-color has-contrast-3-background-color has-text-color has-background has-link-color wp-element-button\" href=\"https:\/\/www.youtube.com\/watch?v=5uzJWxm54Uo&amp;t=12s\" target=\"_blank\" rel=\"noreferrer noopener\">Voir sur youtube<\/a><\/div>\n<\/div>\n<\/div>\n\n\n\n<div class=\"wp-block-column is-vertically-aligned-stretch is-layout-flow wp-block-column-is-layout-flow\" style=\"flex-basis:50%\">\n<figure class=\"wp-block-image size-large is-style-rounded is-style-rounded--8\"><a href=\"https:\/\/www.youtube.com\/watch?v=9wF3-iwIQoA\" target=\"_blank\" rel=\" noreferrer noopener\"><img loading=\"lazy\" decoding=\"async\" width=\"1024\" height=\"576\" src=\"https:\/\/www.gatineauglidingclub.ca\/wp-content\/uploads\/2025\/01\/how-a-club-works-1024x576.jpg\" alt=\"\" class=\"wp-image-1614\" srcset=\"https:\/\/www.gatineauglidingclub.ca\/wp-content\/uploads\/2025\/01\/how-a-club-works-1024x576.jpg 1024w, https:\/\/www.gatineauglidingclub.ca\/wp-content\/uploads\/2025\/01\/how-a-club-works-300x169.jpg 300w, https:\/\/www.gatineauglidingclub.ca\/wp-content\/uploads\/2025\/01\/how-a-club-works-768x432.jpg 768w, https:\/\/www.gatineauglidingclub.ca\/wp-content\/uploads\/2025\/01\/how-a-club-works-18x10.jpg 18w, https:\/\/www.gatineauglidingclub.ca\/wp-content\/uploads\/2025\/01\/how-a-club-works.jpg 1280w\" sizes=\"auto, (max-width: 1024px) 100vw, 1024px\" \/><\/a><\/figure>\n\n\n\n<h4 class=\"wp-block-heading has-base-color has-text-color has-link-color wp-elements-924e60c0adb7f702da387f6d4fabe0e8\">Comment fonctionne un club de planeur ?<\/h4>\n\n\n\n<p>Une excellente introduction sur la fonctionnement d\u2019un club de vol \u00e0 voile par le b\u00e9n\u00e9volat, moyen convivial et bon march\u00e9 de voler. Une introduction utile pour tous les nouveaux membres des clubs. (En anglais)<\/p>\n\n\n\n<p>\u2022 L'\u00e9quipe<br>\u2022 L'atmosph\u00e8re\u00a0<br>\u2022 L'atelier<\/p>\n\n\n\n<div class=\"wp-block-buttons is-layout-flex wp-block-buttons-is-layout-flex\">\n<div class=\"wp-block-button\" style=\"letter-spacing:2px\"><a class=\"wp-block-button__link has-contrast-color has-contrast-3-background-color has-text-color has-background has-link-color wp-element-button\" href=\"https:\/\/www.youtube.com\/watch?v=9wF3-iwIQoA\" target=\"_blank\" rel=\"noreferrer noopener\">Voir sur youtube<\/a><\/div>\n<\/div>\n<\/div>\n<\/div>\n\n\n\n<div style=\"height:100px\" aria-hidden=\"true\" class=\"wp-block-spacer\"><\/div>\n\n\n\n<div class=\"wp-block-columns alignwide is-layout-flex wp-container-core-columns-is-layout-1da03c2a wp-block-columns-is-layout-flex\">\n<div class=\"wp-block-column is-vertically-aligned-stretch is-layout-flow wp-block-column-is-layout-flow\" style=\"flex-basis:50%\">\n<figure class=\"wp-block-embed is-type-video is-provider-vimeo wp-block-embed-vimeo wp-embed-aspect-16-9 wp-has-aspect-ratio\"><div class=\"wp-block-embed__wrapper\">\n<iframe loading=\"lazy\" title=\"VID\u00c9O D&#039;ACCUEIL | UNE JOURN\u00c9E EN PISTE\" src=\"https:\/\/player.vimeo.com\/video\/475497458?dnt=1&amp;app_id=122963\" width=\"500\" height=\"281\" frameborder=\"0\" allow=\"autoplay; fullscreen; picture-in-picture; clipboard-write; encrypted-media\"><\/iframe>\n<\/div><\/figure>\n\n\n\n<h4 class=\"wp-block-heading has-base-color has-text-color has-link-color wp-elements-414fb7e9a2e6b93622ba9060bfaaa9c4\">Vid\u00e9o d&#8217;accueil: une journ\u00e9e en piste<\/h4>\n\n\n\n<p>Une vid\u00e9o d\u2019introduction au vol \u00e0 voile en club, de la FFVP (F\u00e9d\u00e9ration Fran\u00e7aise de Vol en Planeur).<\/p>\n\n\n\n<div class=\"wp-block-buttons is-layout-flex wp-block-buttons-is-layout-flex\">\n<div class=\"wp-block-button\" style=\"letter-spacing:2px\"><a class=\"wp-block-button__link has-contrast-color has-contrast-3-background-color has-text-color has-background has-link-color wp-element-button\" href=\"https:\/\/vimeo.com\/475497458\" target=\"_blank\" rel=\"noreferrer noopener\">VIEW ON VIMEO ><\/a><\/div>\n<\/div>\n<\/div>\n\n\n\n<div class=\"wp-block-column is-vertically-aligned-stretch is-layout-flow wp-block-column-is-layout-flow\" style=\"flex-basis:50%\"><\/div>\n<\/div>\n<\/div>\n\n\n\n<div class=\"wp-block-group alignfull has-contrast-color has-accent-3-background-color has-text-color has-background has-link-color wp-elements-2deec3d65ddc81cd62ce4e0247616d92 has-global-padding is-layout-constrained wp-container-core-group-is-layout-669513ed wp-block-group-is-layout-constrained\" style=\"margin-top:0;margin-bottom:0;padding-top:var(--wp--preset--spacing--50);padding-right:var(--wp--preset--spacing--50);padding-bottom:var(--wp--preset--spacing--50);padding-left:var(--wp--preset--spacing--50)\">\n<div class=\"wp-block-columns alignwide is-layout-flex wp-container-core-columns-is-layout-1da03c2a wp-block-columns-is-layout-flex\">\n<div class=\"wp-block-column is-vertically-aligned-stretch is-layout-flow wp-block-column-is-layout-flow\" style=\"flex-basis:50%\">\n<figure class=\"wp-block-image size-full is-style-rounded is-style-rounded--9\"><img loading=\"lazy\" decoding=\"async\" width=\"1008\" height=\"1008\" src=\"https:\/\/www.gatineauglidingclub.ca\/wp-content\/uploads\/2024\/12\/sam.jpg\" alt=\"\" class=\"wp-image-668\" srcset=\"https:\/\/www.gatineauglidingclub.ca\/wp-content\/uploads\/2024\/12\/sam.jpg 1008w, https:\/\/www.gatineauglidingclub.ca\/wp-content\/uploads\/2024\/12\/sam-300x300.jpg 300w, https:\/\/www.gatineauglidingclub.ca\/wp-content\/uploads\/2024\/12\/sam-150x150.jpg 150w, https:\/\/www.gatineauglidingclub.ca\/wp-content\/uploads\/2024\/12\/sam-768x768.jpg 768w, https:\/\/www.gatineauglidingclub.ca\/wp-content\/uploads\/2024\/12\/sam-12x12.jpg 12w\" sizes=\"auto, (max-width: 1008px) 100vw, 1008px\" \/><\/figure>\n<\/div>\n\n\n\n<div class=\"wp-block-column is-vertically-aligned-stretch is-layout-flow wp-block-column-is-layout-flow\" style=\"flex-basis:50%\">\n<p style=\"font-size:clamp(0.929rem, 0.929rem + ((1vw - 0.2rem) * 0.785), 1.4rem);font-style:normal;font-weight:300\"><em>Devenir membre de CVVG a \u00e9t\u00e9 l'une des meilleures d\u00e9cisions que j'ai prises depuis longtemps. J'ai aim\u00e9 l'aviation et le vol toute ma vie, et le vol \u00e0 voile a \u00e9t\u00e9 la r\u00e9alisation d'un r\u00eave de longue date. Tout le monde au club est ind\u00e9finiment solidaire, et jusqu\u2019\u00e0 pr\u00e9sent il a \u00e9t\u00e9 extr\u00eamement gratifiant de vivre tous les d\u00e9fis et les succ\u00e8s dans ma progression pour devenir un pilote comp\u00e9tent.<\/em><\/p>\n\n\n\n<p class=\"has-text-align-right\" style=\"font-size:clamp(0.875rem, 0.875rem + ((1vw - 0.2rem) * 0.208), 1rem);letter-spacing:1.5px\"><strong>\u2014 SAM H.<\/strong><\/p>\n<\/div>\n<\/div>\n<\/div>","protected":false},"excerpt":{"rendered":"<p>Discover the Joy of Gliding Fly in Harmony with Nature Experience the serenity of gliding, where silence meets the sky. Float on invisible currents, harmonizing with nature&#8217;s breath, as you dance among the clouds and embrace the freedom of flight. The Exhilaration Embrace the breathtaking views and feel the freedom of floating effortlessly through the [&hellip;]<\/p>\n","protected":false},"author":1,"featured_media":0,"parent":0,"menu_order":2,"comment_status":"closed","ping_status":"closed","template":"","meta":{"footnotes":""},"class_list":["post-13","page","type-page","status-publish","hentry"],"_links":{"self":[{"href":"https:\/\/www.gatineauglidingclub.ca\/fr\/wp-json\/wp\/v2\/pages\/13","targetHints":{"allow":["GET"]}}],"collection":[{"href":"https:\/\/www.gatineauglidingclub.ca\/fr\/wp-json\/wp\/v2\/pages"}],"about":[{"href":"https:\/\/www.gatineauglidingclub.ca\/fr\/wp-json\/wp\/v2\/types\/page"}],"author":[{"embeddable":true,"href":"https:\/\/www.gatineauglidingclub.ca\/fr\/wp-json\/wp\/v2\/users\/1"}],"replies":[{"embeddable":true,"href":"https:\/\/www.gatineauglidingclub.ca\/fr\/wp-json\/wp\/v2\/comments?post=13"}],"version-history":[{"count":36,"href":"https:\/\/www.gatineauglidingclub.ca\/fr\/wp-json\/wp\/v2\/pages\/13\/revisions"}],"predecessor-version":[{"id":2831,"href":"https:\/\/www.gatineauglidingclub.ca\/fr\/wp-json\/wp\/v2\/pages\/13\/revisions\/2831"}],"wp:attachment":[{"href":"https:\/\/www.gatineauglidingclub.ca\/fr\/wp-json\/wp\/v2\/media?parent=13"}],"curies":[{"name":"wp","href":"https:\/\/api.w.org\/{rel}","templated":true}]}}